{"id":719,"date":"2022-03-23T10:07:23","date_gmt":"2022-03-23T10:07:23","guid":{"rendered":"http:\/\/byoghavn.dk\/udlejning\/?page_id=719"},"modified":"2023-04-13T14:51:22","modified_gmt":"2023-04-13T13:51:22","slug":"renovering-af-pakhus-47-og-53","status":"publish","type":"page","link":"https:\/\/byoghavn.dk\/udlejning\/renovering-af-pakhus-47-og-53\/","title":{"rendered":"Renovering af pakhus 47 og 53"},"content":{"rendered":"\n<header id=\"hero-3\">\n    <h1><\/h1>\n<\/header>\n<img decoding=\"async\" src=\"https:\/\/byoghavn.dk\/udlejning\/wp-content\/themes\/BOH\/images\/footer-gray-triangle.svg\" alt=\"\">\n<hr data-id=\"no-news\">\n            <h2>Tro mod havnens historie<\/h2>\n            <p>P\u00e5 Sundmolen i Nordhavn investerer By &amp; Havn i disse \u00e5r, i at konvertere eksisterende lagerejendomme til moderne og effektive kontorarealer. Istands\u00e6ttelsen sker n\u00e6nsomt og i respekt for omr\u00e5dets fantastiske pakhuse og historie.<\/p>\n\u00a0\n\n<hr data-id=\"no-news-end\">\n        <h2>Bes\u00f8g Sundmolen<\/h2>    \n\t<iframe loading=\"lazy\" width=\"640\" height=\"360\" frameborder=\"0\" allow=\"autoplay; fullscreen; picture-in-picture\" allowfullscreen data-cookieblock-src=\"https:\/\/player.vimeo.com\/video\/490769002?h=98aabfcb8d&amp;dnt=1&amp;app_id=122963\" data-cookieconsent=\"marketing\"><\/iframe>\n  <hr data-id=\"no-news\">\n            <h3><font><\/font><font>Kontaktpersoner<\/font><\/h3>\n                    <img decoding=\"async\" width=\"1280\" height=\"844\" src=\"https:\/\/byoghavn.dk\/udlejning\/wp-content\/uploads\/sites\/10\/2020\/12\/pha.png\" alt=\"Pia Hansen\" loading=\"lazy\" srcset=\"https:\/\/byoghavn.dk\/udlejning\/wp-content\/uploads\/sites\/10\/2020\/12\/pha.png 1280w, https:\/\/byoghavn.dk\/udlejning\/wp-content\/uploads\/sites\/10\/2020\/12\/pha-300x198.png 300w, https:\/\/byoghavn.dk\/udlejning\/wp-content\/uploads\/sites\/10\/2020\/12\/pha-1024x675.png 1024w, https:\/\/byoghavn.dk\/udlejning\/wp-content\/uploads\/sites\/10\/2020\/12\/pha-768x506.png 768w\" sizes=\"auto, (max-width: 1280px) 100vw, 1280px\">                    \n                        <font><\/font><font>Pia Hansen<\/font>\n                        <font><\/font><font>Kontorfuldm\u00e6gtig \u2013 vandlejem\u00e5l (inklusiv b\u00e5dklubber, foreninger og v\u00e6rfter) samt areallejem\u00e5l p\u00e5 Pr\u00f8vestenen<\/font>\n                        <a href=\"mailto:pha@byoghavn.dk\">pha@byoghavn.dk<\/a>\n                        <a href=\"tel:2067%209940\">Tlf: 2067 9940<\/a>\n                    <img decoding=\"async\" width=\"1200\" height=\"799\" src=\"https:\/\/byoghavn.dk\/udlejning\/wp-content\/uploads\/sites\/10\/2019\/04\/MartineMikaelaJuncker-1200px.jpg\" alt=\"Martine Juncker\" loading=\"lazy\" srcset=\"https:\/\/byoghavn.dk\/udlejning\/wp-content\/uploads\/sites\/10\/2019\/04\/MartineMikaelaJuncker-1200px.jpg 1200w, https:\/\/byoghavn.dk\/udlejning\/wp-content\/uploads\/sites\/10\/2019\/04\/MartineMikaelaJuncker-1200px-300x200.jpg 300w, https:\/\/byoghavn.dk\/udlejning\/wp-content\/uploads\/sites\/10\/2019\/04\/MartineMikaelaJuncker-1200px-1024x682.jpg 1024w, https:\/\/byoghavn.dk\/udlejning\/wp-content\/uploads\/sites\/10\/2019\/04\/MartineMikaelaJuncker-1200px-768x511.jpg 768w\" sizes=\"auto, (max-width: 1200px) 100vw, 1200px\">                    \n                        <font><\/font><font>Martine Juncker<\/font>\n                        <font><\/font><font>Ejendomsadministrator \u2013 byggepladsaftaler<\/font>\n                        <a href=\"mailto:mmj@byoghavn.dk\">mmj@byoghavn.dk<\/a>\n                        <a href=\"tel:4057%203418\">Tlf: 4057 3418<\/a>\n                    <img decoding=\"async\" width=\"1280\" height=\"844\" src=\"https:\/\/byoghavn.dk\/udlejning\/wp-content\/uploads\/sites\/10\/2019\/04\/SimonKlamer.jpg\" alt=\"Simon Klamer\" loading=\"lazy\" srcset=\"https:\/\/byoghavn.dk\/udlejning\/wp-content\/uploads\/sites\/10\/2019\/04\/SimonKlamer.jpg 1280w, https:\/\/byoghavn.dk\/udlejning\/wp-content\/uploads\/sites\/10\/2019\/04\/SimonKlamer-300x198.jpg 300w, https:\/\/byoghavn.dk\/udlejning\/wp-content\/uploads\/sites\/10\/2019\/04\/SimonKlamer-1024x675.jpg 1024w, https:\/\/byoghavn.dk\/udlejning\/wp-content\/uploads\/sites\/10\/2019\/04\/SimonKlamer-768x506.jpg 768w\" sizes=\"auto, (max-width: 1280px) 100vw, 1280px\">                    \n                        <font><\/font><font>Simon Klamer<\/font>\n                        <font><\/font><font>Ejendomsadministrator \u2013 bygningslejem\u00e5l og private vandlejem\u00e5l<\/font>\n                        <a href=\"mailto:spk@byoghavn.dk\">spk@byoghavn.dk<\/a>\n                        <a href=\"tel:2961%201865\">Tlf: 2961 1865<\/a>\n                    <img decoding=\"async\" width=\"1280\" height=\"844\" src=\"https:\/\/byoghavn.dk\/udlejning\/wp-content\/uploads\/sites\/10\/2020\/12\/Anette-Ingerslev-1.0.jpg\" alt=\"Anette Ingerslev\" loading=\"lazy\" srcset=\"https:\/\/byoghavn.dk\/udlejning\/wp-content\/uploads\/sites\/10\/2020\/12\/Anette-Ingerslev-1.0.jpg 1280w, https:\/\/byoghavn.dk\/udlejning\/wp-content\/uploads\/sites\/10\/2020\/12\/Anette-Ingerslev-1.0-300x198.jpg 300w, https:\/\/byoghavn.dk\/udlejning\/wp-content\/uploads\/sites\/10\/2020\/12\/Anette-Ingerslev-1.0-1024x675.jpg 1024w, https:\/\/byoghavn.dk\/udlejning\/wp-content\/uploads\/sites\/10\/2020\/12\/Anette-Ingerslev-1.0-768x506.jpg 768w\" sizes=\"auto, (max-width: 1280px) 100vw, 1280px\">                    \n                        <font><\/font><font>Anette Ingerslev<\/font>\n                        <font><\/font><font>Ejendomsportef\u00f8ljechef<\/font>\n                        <a href=\"mailto:ain@byoghavn.dk\">ain@byoghavn.dk<\/a>\n                        <a href=\"tel:2010%201422\">Tlf: 2010 1422<\/a>\n<hr data-id=\"js-nonews-end\">\n        <h2>Kontakt By &amp; Havns udlejningsafdeling<\/h2>    \n\t<div class=\"wpforms-container wpforms-container-full\" id=\"wpforms-53\"><form id=\"wpforms-form-53\" class=\"wpforms-validate wpforms-form\" data-formid=\"53\" method=\"post\" enctype=\"multipart\/form-data\" action=\"\/udlejning\/wp-json\/wp\/v2\/pages\/719\" data-token=\"446501a59858556e042d6edadd712f88\" data-token-time=\"1778743873\"><noscript class=\"wpforms-error-noscript\">Please enable JavaScript in your browser to complete this form.<\/noscript><div class=\"wpforms-field-container\"><div id=\"wpforms-53-field_3-container\" class=\"wpforms-field wpforms-field-name\" data-field-id=\"3\"><label class=\"wpforms-field-label\" for=\"wpforms-53-field_3\">Navn <span class=\"wpforms-required-label\">*<\/span><\/label><input type=\"text\" id=\"wpforms-53-field_3\" class=\"wpforms-field-medium wpforms-field-required\" name=\"wpforms[fields][3]\" required><\/div><div id=\"wpforms-53-field_2-container\" class=\"wpforms-field wpforms-field-email\" data-field-id=\"2\"><label class=\"wpforms-field-label\" for=\"wpforms-53-field_2\">E-mail <span class=\"wpforms-required-label\">*<\/span><\/label><input type=\"email\" id=\"wpforms-53-field_2\" class=\"wpforms-field-medium wpforms-field-required\" name=\"wpforms[fields][2]\" spellcheck=\"false\" required><\/div><div id=\"wpforms-53-field_12-container\" class=\"wpforms-field wpforms-field-text\" data-field-id=\"12\"><label class=\"wpforms-field-label\" for=\"wpforms-53-field_12\">Telefon <span class=\"wpforms-required-label\">*<\/span><\/label><input type=\"text\" id=\"wpforms-53-field_12\" class=\"wpforms-field-medium wpforms-field-required\" name=\"wpforms[fields][12]\" required><\/div><div id=\"wpforms-53-field_4-container\" class=\"wpforms-field wpforms-field-textarea\" data-field-id=\"4\"><label class=\"wpforms-field-label\" for=\"wpforms-53-field_4\">Besked <span class=\"wpforms-required-label\">*<\/span><\/label><textarea id=\"wpforms-53-field_4\" class=\"wpforms-field-medium wpforms-field-required\" name=\"wpforms[fields][4]\" required><\/textarea><\/div><div id=\"wpforms-53-field_6-container\" class=\"wpforms-field wpforms-field-html\" data-field-id=\"6\"><div id=\"wpforms-53-field_6\"><hr border=\"0\/\"><\/div><\/div><div id=\"wpforms-53-field_7-container\" class=\"wpforms-field wpforms-field-html\" data-field-id=\"7\"><div id=\"wpforms-53-field_7\"><strong>Samtykke<\/strong><span style=\"color:red;\"> <\/span>\r\n<p>Vi bruger formularer til at modtage henvendelser via byoghavn.dk. Ved at klikke p\u00e5 nedenst\u00e5ende tillader du, at dine informationer gemmes i vores database og sendes til vores e-mail-system for yderligere behandling.<\/p><\/div><\/div><div id=\"wpforms-53-field_8-container\" class=\"wpforms-field wpforms-field-checkbox\" data-field-id=\"8\"><label class=\"wpforms-field-label\">Accepter samtykke <span class=\"wpforms-required-label\">*<\/span><\/label><ul id=\"wpforms-53-field_8\" class=\"wpforms-field-required\"><li class=\"choice-1 depth-1\"><input type=\"checkbox\" id=\"wpforms-53-field_8_1\" name=\"wpforms[fields][8][]\" value=\"Ja, jeg giver mit samtykke\" required><label class=\"wpforms-field-label-inline\" for=\"wpforms-53-field_8_1\">Ja, jeg giver mit samtykke<\/label><\/li><\/ul><\/div><\/div><!-- .wpforms-field-container --><div class=\"wpforms-field wpforms-field-hp\"><label for=\"wpforms-53-field-hp\" class=\"wpforms-field-label\">Name<\/label><input type=\"text\" name=\"wpforms[hp]\" id=\"wpforms-53-field-hp\" class=\"wpforms-field-medium\"><\/div><div class=\"wpforms-submit-container\"><input type=\"hidden\" name=\"wpforms[id]\" value=\"53\"><input type=\"hidden\" name=\"page_title\" value=\"\"><input type=\"hidden\" name=\"page_url\" value=\"https:\/\/byoghavn.dk\/udlejning\/wp-json\/wp\/v2\/pages\/719\"><input type=\"hidden\" name=\"url_referer\" value=\"\"><button type=\"submit\" name=\"wpforms[submit]\" id=\"wpforms-submit-53\" class=\"wpforms-submit\" data-alt-text=\"Sender ...\" data-submit-text=\"Send besked\" aria-live=\"assertive\" value=\"wpforms-submit\">Send besked<\/button><\/div><\/form><\/div>  <!-- .wpforms-container -->\n\n","protected":false},"excerpt":{"rendered":"<p>Tro mod havnens historie P\u00e5 Sundmolen i Nordhavn investerer By &amp; Havn i disse \u00e5r, i at konvertere eksisterende lagerejendomme&#8230;<\/p>\n","protected":false},"author":4,"featured_media":0,"parent":0,"menu_order":0,"comment_status":"closed","ping_status":"closed","template":"","meta":{"footnotes":""},"wf_page_folders":[],"class_list":["post-719","page","type-page","status-publish","hentry"],"acf":[],"yoast_head":"<!-- This site is optimized with the Yoast SEO Premium plugin v15.6.2 - https:\/\/yoast.com\/wordpress\/plugins\/seo\/ -->\n<title>Renovering af pakhus 47 og 53 - Udlejning i K\u00f8benhavns Havn<\/title>\n<meta name=\"robots\" content=\"noindex, follow\" \/>\n<meta property=\"og:locale\" content=\"da_DK\" \/>\n<meta property=\"og:type\" content=\"article\" \/>\n<meta property=\"og:title\" content=\"Renovering af pakhus 47 og 53 - Udlejning i K\u00f8benhavns Havn\" \/>\n<meta property=\"og:description\" content=\"Tro mod havnens historie P\u00e5 Sundmolen i Nordhavn investerer By &amp; Havn i disse \u00e5r, i at konvertere eksisterende lagerejendomme...\" \/>\n<meta property=\"og:url\" content=\"https:\/\/byoghavn.dk\/udlejning\/renovering-af-pakhus-47-og-53\/\" \/>\n<meta property=\"og:site_name\" content=\"Udlejning i K\u00f8benhavns Havn\" \/>\n<meta property=\"article:modified_time\" content=\"2023-04-13T13:51:22+00:00\" \/>\n<meta property=\"og:image\" content=\"https:\/\/byoghavn.dk\/udlejning\/wp-content\/themes\/BOH\/images\/footer-gray-triangle.svg\" \/>\n<meta name=\"twitter:card\" content=\"summary_large_image\" \/>\n<meta name=\"twitter:label1\" content=\"Estimeret l\u00e6setid\">\n\t<meta name=\"twitter:data1\" content=\"1 minut\">\n<script type=\"application\/ld+json\" class=\"yoast-schema-graph\">{\"@context\":\"https:\/\/schema.org\",\"@graph\":[{\"@type\":\"WebSite\",\"@id\":\"https:\/\/byoghavn.dk\/udlejning\/#website\",\"url\":\"https:\/\/byoghavn.dk\/udlejning\/\",\"name\":\"Udlejning i K\\u00f8benhavns Havn\",\"description\":\"Udlejning af ejendomme\",\"potentialAction\":[{\"@type\":\"SearchAction\",\"target\":\"https:\/\/byoghavn.dk\/udlejning\/?s={search_term_string}\",\"query-input\":\"required name=search_term_string\"}],\"inLanguage\":\"da-DK\"},{\"@type\":\"ImageObject\",\"@id\":\"https:\/\/byoghavn.dk\/udlejning\/renovering-af-pakhus-47-og-53\/#primaryimage\",\"inLanguage\":\"da-DK\",\"url\":\"https:\/\/byoghavn.dk\/udlejning\/wp-content\/themes\/BOH\/images\/footer-gray-triangle.svg\"},{\"@type\":\"WebPage\",\"@id\":\"https:\/\/byoghavn.dk\/udlejning\/renovering-af-pakhus-47-og-53\/#webpage\",\"url\":\"https:\/\/byoghavn.dk\/udlejning\/renovering-af-pakhus-47-og-53\/\",\"name\":\"Renovering af pakhus 47 og 53 - Udlejning i K\\u00f8benhavns Havn\",\"isPartOf\":{\"@id\":\"https:\/\/byoghavn.dk\/udlejning\/#website\"},\"primaryImageOfPage\":{\"@id\":\"https:\/\/byoghavn.dk\/udlejning\/renovering-af-pakhus-47-og-53\/#primaryimage\"},\"datePublished\":\"2022-03-23T10:07:23+00:00\",\"dateModified\":\"2023-04-13T13:51:22+00:00\",\"inLanguage\":\"da-DK\",\"potentialAction\":[{\"@type\":\"ReadAction\",\"target\":[\"https:\/\/byoghavn.dk\/udlejning\/renovering-af-pakhus-47-og-53\/\"]}]}]}<\/script>\n<!-- \/ Yoast SEO Premium plugin. -->","_links":{"self":[{"href":"https:\/\/byoghavn.dk\/udlejning\/wp-json\/wp\/v2\/pages\/719","targetHints":{"allow":["GET"]}}],"collection":[{"href":"https:\/\/byoghavn.dk\/udlejning\/wp-json\/wp\/v2\/pages"}],"about":[{"href":"https:\/\/byoghavn.dk\/udlejning\/wp-json\/wp\/v2\/types\/page"}],"author":[{"embeddable":true,"href":"https:\/\/byoghavn.dk\/udlejning\/wp-json\/wp\/v2\/users\/4"}],"replies":[{"embeddable":true,"href":"https:\/\/byoghavn.dk\/udlejning\/wp-json\/wp\/v2\/comments?post=719"}],"version-history":[{"count":31,"href":"https:\/\/byoghavn.dk\/udlejning\/wp-json\/wp\/v2\/pages\/719\/revisions"}],"predecessor-version":[{"id":1009,"href":"https:\/\/byoghavn.dk\/udlejning\/wp-json\/wp\/v2\/pages\/719\/revisions\/1009"}],"wp:attachment":[{"href":"https:\/\/byoghavn.dk\/udlejning\/wp-json\/wp\/v2\/media?parent=719"}],"wp:term":[{"taxonomy":"wf_page_folders","embeddable":true,"href":"https:\/\/byoghavn.dk\/udlejning\/wp-json\/wp\/v2\/wf_page_folders?post=719"}],"curies":[{"name":"wp","href":"https:\/\/api.w.org\/{rel}","templated":true}]}}