{"id":693,"date":"2024-06-06T20:48:48","date_gmt":"2024-06-06T18:48:48","guid":{"rendered":"https:\/\/byoghavn.dk\/orestad\/?page_id=693"},"modified":"2024-06-14T15:54:35","modified_gmt":"2024-06-14T13:54:35","slug":"rasoi","status":"publish","type":"page","link":"https:\/\/byoghavn.dk\/orestad\/rasoi\/","title":{"rendered":"Rasoi"},"content":{"rendered":"\n<header id=\"hero-3\">\n           <h1><\/h1>\n<\/header>\n<hr data-id=\"no-news\"\/>\n<a href=\"https:\/\/byoghavn.dk\/app\/\"><img decoding=\"async\" src=\"https:\/\/byoghavn.dk\/havnen\/wp-content\/uploads\/sites\/5\/2019\/04\/hjemmeside-dims-1.png\"\/><\/a>\n<img decoding=\"async\" src=\"https:\/\/byoghavn.dk\/orestad\/wp-content\/themes\/BOH\/images\/footer-gray-triangle.svg\" alt=\"\"\/>\n<hr data-id=\"js-nonews-end\"\/>\n        <h1><strong>Inam har haft restaurant i \u00d8restad i 12 \u00e5r: &#8216;V\u00e6r skarp p\u00e5 det, du er god til&#8217;<\/strong><\/h1><h3>Brug de lokale tilbud<\/h3>    \n\t\t\t\t<img loading=\"lazy\" decoding=\"async\" src=\"https:\/\/byoghavn.dk\/orestad\/wp-content\/uploads\/sites\/3\/2024\/06\/Rasoi6_City.jpg\" alt=\"Rasoi6_City\" itemprop=\"image\" height=\"1280\" width=\"1920\" title=\"Rasoi6_City\" onerror=\"this.style.display='none'\"  \/>\n        <p><strong><em>&#8220;Det er lidt \u00e6rgerligt, for vi st\u00e5r jo klar til at tage imod de lokale. Hvis der kom flere, kunne vi ogs\u00e5 lave flere m\u00e5lrettede tilbud og billigere retter til dem. Der har v\u00e6ret mange fors\u00f8g p\u00e5 at tiltr\u00e6kke dem. Her i City har vi haft isbar, vinbar og v\u00e6rtshus, som alle er lukket igen. Men jeg giver ikke op s\u00e5 let. Nu \u00e5bner vi SIP Station &#8211; en cocktailbar som de lokale kan bruge til at sidde og arbejde i, m\u00f8des med m\u00f8dregruppen eller se fodbold i. Det kunne v\u00e6re dejligt hvis det blev til et lokalt &#8216;vandhul&#8217; her i city, ligesom Stamsted i Syd,&#8221;<\/em> <\/strong>siger Inam.<h3>V\u00e6r skarp p\u00e5 det, du laver<\/h3>For at tage sin egen medicin tager han og hans kone ofte p\u00e5 &#8216;fredagstur&#8217; til et spisested eller en caf\u00e9 i \u00d8restad.<\/p>    \n<hr data-type=\"quote\" data-bg=\"light\"\/>\n                        <h2>\n                            Vi skal da lige huske, at vi ogs\u00e5 selv er en del af \u00d8restad, og derfor skal vi ogs\u00e5 v\u00e6re med til at st\u00f8tte de lokale steder. Og jeg har da ogs\u00e5 et par gode r\u00e5d til andre restauranter og caf\u00e9er. For eksempel at man skal v\u00e6re ret skarp p\u00e5 sin menu. V\u00e6r god til det, du tilbyder. Det duer for eksempel ikke for mig at s\u00e6tte b\u00f8ffer og pomfritter p\u00e5 menuen, n\u00e5r jeg nu er en indisk restaurant. Jeg har pr\u00f8vet, og kunne ikke se mig selv i spejlet. Rasoi er en indisk restaurant. Her f\u00e5r man indisk mad.                           \n                        <\/h2>\n                        <p>Inam <\/p>\n<style>\n    .block-quote i {\n        font-size: 30px;\n        padding-bottom: 10px;\n        color: #FF5F59;\n    }\n    .block-quote.dark i {\n        color: #da0029;\n    }\n<\/style>\n<hr data-type=\"quote-end\"\/>\n        <h3>M\u00f8d \u00d8restad &#8211; i anledningen af bydelens 20 \u00e5rs f\u00f8dselsdag<\/h3>    \n\t\t\t\t<a href=\"https:\/\/byoghavn.dk\/orestad\/familienblaabaek\/\" target=\"_self\" itemprop=\"url\" rel=\"noopener\">\n\t\t\t\t<img loading=\"lazy\" decoding=\"async\" src=\"https:\/\/byoghavn.dk\/orestad\/wp-content\/uploads\/sites\/3\/2024\/06\/Familien_B_Syd_1.jpg\" alt=\"Familien_B_Syd_1\" itemprop=\"image\" height=\"1280\" width=\"1920\" title=\"Familien_B_Syd_1\" onerror=\"this.style.display='none'\"  \/>\n\t\t\t\t<\/a>\n            \n\t\t\t\t<a href=\"https:\/\/byoghavn.dk\/orestad\/karlo\/\" target=\"_self\" itemprop=\"url\" rel=\"noopener\">\n\t\t\t\t<img loading=\"lazy\" decoding=\"async\" src=\"https:\/\/byoghavn.dk\/orestad\/wp-content\/uploads\/sites\/3\/2024\/06\/Karlo_Nord_1.jpg\" alt=\"Karlo_Nord_1\" itemprop=\"image\" height=\"1280\" width=\"1920\" title=\"Karlo_Nord_1\" onerror=\"this.style.display='none'\"  \/>\n\t\t\t\t<\/a>\n            \n\t\t\t\t<a href=\"https:\/\/byoghavn.dk\/orestad\/kirstenogerling\/\" target=\"_self\" itemprop=\"url\" rel=\"noopener\">\n\t\t\t\t<img loading=\"lazy\" decoding=\"async\" src=\"https:\/\/byoghavn.dk\/orestad\/wp-content\/uploads\/sites\/3\/2024\/06\/Kirsten_Erling_City_1.jpg\" alt=\"Kirsten_Erling_City_1\" itemprop=\"image\" height=\"1280\" width=\"1920\" title=\"Kirsten_Erling_City_1\" onerror=\"this.style.display='none'\"  \/>\n\t\t\t\t<\/a>\n            \n\t\t\t\t<a href=\"https:\/\/byoghavn.dk\/orestad\/ramboll\/\" target=\"_self\" itemprop=\"url\" rel=\"noopener\">\n\t\t\t\t<img loading=\"lazy\" decoding=\"async\" src=\"https:\/\/byoghavn.dk\/orestad\/wp-content\/uploads\/sites\/3\/2024\/06\/Soeren-Broendum_Syd_1.jpg\" alt=\"S\u00f8ren-Br\u00f8ndum_Syd_1\" itemprop=\"image\" height=\"1280\" width=\"1920\" title=\"S\u00f8ren-Br\u00f8ndum_Syd_1\" onerror=\"this.style.display='none'\"  \/>\n\t\t\t\t<\/a>\n            \n\t\t\t\t<a href=\"https:\/\/byoghavn.dk\/orestad\/rasoi\/\" target=\"_self\" itemprop=\"url\" rel=\"noopener\">\n\t\t\t\t<img loading=\"lazy\" decoding=\"async\" src=\"https:\/\/byoghavn.dk\/orestad\/wp-content\/uploads\/sites\/3\/2024\/06\/Rasoi_City.jpg\" alt=\"Rasoi_City\" itemprop=\"image\" height=\"1280\" width=\"1920\" title=\"Rasoi_City\" onerror=\"this.style.display='none'\"  \/>\n\t\t\t\t<\/a>\n            \n\n","protected":false},"excerpt":{"rendered":"<p>Brug de lokale tilbud &#8220;Det er lidt \u00e6rgerligt, for vi st\u00e5r jo klar til at tage imod de lokale. Hvis&#8230;<\/p>\n","protected":false},"author":2,"featured_media":697,"parent":0,"menu_order":0,"comment_status":"closed","ping_status":"closed","template":"","meta":{"footnotes":""},"wf_page_folders":[],"class_list":["post-693","page","type-page","status-publish","has-post-thumbnail","hentry"],"acf":[],"yoast_head":"<!-- This site is optimized with the Yoast SEO Premium plugin v15.6.2 - https:\/\/yoast.com\/wordpress\/plugins\/seo\/ -->\n<title>Rasoi - \u00d8restad<\/title>\n<meta name=\"robots\" content=\"index, follow, max-snippet:-1, max-image-preview:large, max-video-preview:-1\" \/>\n<link rel=\"canonical\" href=\"https:\/\/byoghavn.dk\/orestad\/rasoi\/\" \/>\n<meta property=\"og:locale\" content=\"da_DK\" \/>\n<meta property=\"og:type\" content=\"article\" \/>\n<meta property=\"og:title\" content=\"Rasoi - \u00d8restad\" \/>\n<meta property=\"og:description\" content=\"Brug de lokale tilbud &#8220;Det er lidt \u00e6rgerligt, for vi st\u00e5r jo klar til at tage imod de lokale. Hvis...\" \/>\n<meta property=\"og:url\" content=\"https:\/\/byoghavn.dk\/orestad\/rasoi\/\" \/>\n<meta property=\"og:site_name\" content=\"\u00d8restad\" \/>\n<meta property=\"article:modified_time\" content=\"2024-06-14T13:54:35+00:00\" \/>\n<meta property=\"og:image\" content=\"https:\/\/byoghavn.dk\/orestad\/wp-content\/uploads\/sites\/3\/2024\/06\/Rasoi_City.jpg\" \/>\n\t<meta property=\"og:image:width\" content=\"1920\" \/>\n\t<meta property=\"og:image:height\" content=\"1280\" \/>\n<meta name=\"twitter:card\" content=\"summary_large_image\" \/>\n<meta name=\"twitter:label1\" content=\"Estimeret l\u00e6setid\">\n\t<meta name=\"twitter:data1\" content=\"2 minutter\">\n<script type=\"application\/ld+json\" class=\"yoast-schema-graph\">{\"@context\":\"https:\/\/schema.org\",\"@graph\":[{\"@type\":\"WebSite\",\"@id\":\"https:\/\/byoghavn.dk\/orestad\/#website\",\"url\":\"https:\/\/byoghavn.dk\/orestad\/\",\"name\":\"\\u00d8restad\",\"description\":\"\\u00d8restad\",\"potentialAction\":[{\"@type\":\"SearchAction\",\"target\":\"https:\/\/byoghavn.dk\/orestad\/?s={search_term_string}\",\"query-input\":\"required name=search_term_string\"}],\"inLanguage\":\"da-DK\"},{\"@type\":\"ImageObject\",\"@id\":\"https:\/\/byoghavn.dk\/orestad\/rasoi\/#primaryimage\",\"inLanguage\":\"da-DK\",\"url\":\"https:\/\/byoghavn.dk\/orestad\/wp-content\/uploads\/sites\/3\/2024\/06\/Rasoi_City.jpg\",\"width\":1920,\"height\":1280},{\"@type\":\"WebPage\",\"@id\":\"https:\/\/byoghavn.dk\/orestad\/rasoi\/#webpage\",\"url\":\"https:\/\/byoghavn.dk\/orestad\/rasoi\/\",\"name\":\"Rasoi - \\u00d8restad\",\"isPartOf\":{\"@id\":\"https:\/\/byoghavn.dk\/orestad\/#website\"},\"primaryImageOfPage\":{\"@id\":\"https:\/\/byoghavn.dk\/orestad\/rasoi\/#primaryimage\"},\"datePublished\":\"2024-06-06T18:48:48+00:00\",\"dateModified\":\"2024-06-14T13:54:35+00:00\",\"inLanguage\":\"da-DK\",\"potentialAction\":[{\"@type\":\"ReadAction\",\"target\":[\"https:\/\/byoghavn.dk\/orestad\/rasoi\/\"]}]}]}<\/script>\n<!-- \/ Yoast SEO Premium plugin. -->","_links":{"self":[{"href":"https:\/\/byoghavn.dk\/orestad\/wp-json\/wp\/v2\/pages\/693","targetHints":{"allow":["GET"]}}],"collection":[{"href":"https:\/\/byoghavn.dk\/orestad\/wp-json\/wp\/v2\/pages"}],"about":[{"href":"https:\/\/byoghavn.dk\/orestad\/wp-json\/wp\/v2\/types\/page"}],"author":[{"embeddable":true,"href":"https:\/\/byoghavn.dk\/orestad\/wp-json\/wp\/v2\/users\/2"}],"replies":[{"embeddable":true,"href":"https:\/\/byoghavn.dk\/orestad\/wp-json\/wp\/v2\/comments?post=693"}],"version-history":[{"count":7,"href":"https:\/\/byoghavn.dk\/orestad\/wp-json\/wp\/v2\/pages\/693\/revisions"}],"predecessor-version":[{"id":733,"href":"https:\/\/byoghavn.dk\/orestad\/wp-json\/wp\/v2\/pages\/693\/revisions\/733"}],"wp:featuredmedia":[{"embeddable":true,"href":"https:\/\/byoghavn.dk\/orestad\/wp-json\/wp\/v2\/media\/697"}],"wp:attachment":[{"href":"https:\/\/byoghavn.dk\/orestad\/wp-json\/wp\/v2\/media?parent=693"}],"wp:term":[{"taxonomy":"wf_page_folders","embeddable":true,"href":"https:\/\/byoghavn.dk\/orestad\/wp-json\/wp\/v2\/wf_page_folders?post=693"}],"curies":[{"name":"wp","href":"https:\/\/api.w.org\/{rel}","templated":true}]}}