{"id":681,"date":"2024-06-05T23:05:12","date_gmt":"2024-06-05T21:05:12","guid":{"rendered":"https:\/\/byoghavn.dk\/orestad\/?page_id=681"},"modified":"2024-06-14T15:50:37","modified_gmt":"2024-06-14T13:50:37","slug":"ramboll","status":"publish","type":"page","link":"https:\/\/byoghavn.dk\/orestad\/ramboll\/","title":{"rendered":"S\u00f8ren Br\u00f8ndum: \u2018\u00d8restad skal v\u00e6re en by i l\u00f8bende forandring\u2019"},"content":{"rendered":"\n<header id=\"hero-3\">\n           <h1><\/h1>\n<\/header>\n<hr data-id=\"no-news\"\/>\n<a href=\"https:\/\/byoghavn.dk\/app\/\"><img decoding=\"async\" src=\"https:\/\/byoghavn.dk\/havnen\/wp-content\/uploads\/sites\/5\/2019\/04\/hjemmeside-dims-1.png\"\/><\/a>\n<img decoding=\"async\" src=\"https:\/\/byoghavn.dk\/orestad\/wp-content\/themes\/BOH\/images\/footer-gray-triangle.svg\" alt=\"\"\/>\n<hr data-id=\"js-nonews-end\"\/>\n        <h1><strong>S\u00f8ren Br\u00f8ndum: &#8216;\u00d8restad skal v\u00e6re en by i l\u00f8bende forandring&#8217;<\/strong><\/h1>    \n\t\t\t\t<img loading=\"lazy\" decoding=\"async\" src=\"https:\/\/byoghavn.dk\/orestad\/wp-content\/uploads\/sites\/3\/2024\/06\/Soeren-Broendum_Syd_2.jpg\" alt=\"S\u00f8ren-Br\u00f8ndum_Syd_2\" itemprop=\"image\" height=\"1280\" width=\"1920\" title=\"S\u00f8ren-Br\u00f8ndum_Syd_2\" onerror=\"this.style.display='none'\"  \/>\n        <h3>Absolut muligt med overd\u00e6kning<\/h3>    \n<hr data-type=\"quote\" data-bg=\"light\"\/>\n                        <h2>\n                            &#8220;En by bliver jo nok aldrig f\u00e6rdig, men udvikler sig hele tiden til nye vilk\u00e5r og behov. M\u00e5ske vil vi i fremtiden se, at motorvej og jernbane bliver overd\u00e6kket, og at Field&#8217;s bliver bygget om, s\u00e5 butikkerne vender ud mod gaden. S\u00e5 sp\u00f8rg mig igen om 30 \u00e5r, om jeg synes at \u00d8restad er blevet en succes. Til den tid har vi sikkert nogle nye behov og dr\u00f8mme. Men lige nu, s\u00e5 synes jeg faktisk, at det er g\u00e5et hurtigt, og at der er rigtig mange af de gamle tanker om \u00d8restad, som har vist sig at fungere i virkeligheden.&#8221;                           \n                        <\/h2>\n                        <p>S\u00f8ren <\/p>\n<style>\n    .block-quote i {\n        font-size: 30px;\n        padding-bottom: 10px;\n        color: #FF5F59;\n    }\n    .block-quote.dark i {\n        color: #da0029;\n    }\n<\/style>\n<hr data-type=\"quote-end\"\/>\n            \n        <h3>M\u00f8d \u00d8restad &#8211; i anledningen af bydelens 20 \u00e5rs f\u00f8dselsdag<\/h3>    \n\t\t\t\t<a href=\"https:\/\/byoghavn.dk\/orestad\/familienblaabaek\/\" target=\"_self\" itemprop=\"url\" rel=\"noopener\">\n\t\t\t\t<img loading=\"lazy\" decoding=\"async\" src=\"https:\/\/byoghavn.dk\/orestad\/wp-content\/uploads\/sites\/3\/2024\/06\/Familien_B_Syd_1.jpg\" alt=\"Familien_B_Syd_1\" itemprop=\"image\" height=\"1280\" width=\"1920\" title=\"Familien_B_Syd_1\" onerror=\"this.style.display='none'\"  \/>\n\t\t\t\t<\/a>\n            \n\t\t\t\t<a href=\"https:\/\/byoghavn.dk\/orestad\/karlo\/\" target=\"_self\" itemprop=\"url\" rel=\"noopener\">\n\t\t\t\t<img loading=\"lazy\" decoding=\"async\" src=\"https:\/\/byoghavn.dk\/orestad\/wp-content\/uploads\/sites\/3\/2024\/06\/Karlo_Nord_1.jpg\" alt=\"Karlo_Nord_1\" itemprop=\"image\" height=\"1280\" width=\"1920\" title=\"Karlo_Nord_1\" onerror=\"this.style.display='none'\"  \/>\n\t\t\t\t<\/a>\n            \n\t\t\t\t<a href=\"https:\/\/byoghavn.dk\/orestad\/kirstenogerling\/\" target=\"_self\" itemprop=\"url\" rel=\"noopener\">\n\t\t\t\t<img loading=\"lazy\" decoding=\"async\" src=\"https:\/\/byoghavn.dk\/orestad\/wp-content\/uploads\/sites\/3\/2024\/06\/Kirsten_Erling_City_1.jpg\" alt=\"Kirsten_Erling_City_1\" itemprop=\"image\" height=\"1280\" width=\"1920\" title=\"Kirsten_Erling_City_1\" onerror=\"this.style.display='none'\"  \/>\n\t\t\t\t<\/a>\n            \n\t\t\t\t<a href=\"https:\/\/byoghavn.dk\/orestad\/ramboll\/\" target=\"_self\" itemprop=\"url\" rel=\"noopener\">\n\t\t\t\t<img loading=\"lazy\" decoding=\"async\" src=\"https:\/\/byoghavn.dk\/orestad\/wp-content\/uploads\/sites\/3\/2024\/06\/Soeren-Broendum_Syd_1.jpg\" alt=\"S\u00f8ren-Br\u00f8ndum_Syd_1\" itemprop=\"image\" height=\"1280\" width=\"1920\" title=\"S\u00f8ren-Br\u00f8ndum_Syd_1\" onerror=\"this.style.display='none'\"  \/>\n\t\t\t\t<\/a>\n            \n\t\t\t\t<a href=\"https:\/\/byoghavn.dk\/orestad\/rasoi\/\" target=\"_self\" itemprop=\"url\" rel=\"noopener\">\n\t\t\t\t<img loading=\"lazy\" decoding=\"async\" src=\"https:\/\/byoghavn.dk\/orestad\/wp-content\/uploads\/sites\/3\/2024\/06\/Rasoi_City.jpg\" alt=\"Rasoi_City\" itemprop=\"image\" height=\"1280\" width=\"1920\" title=\"Rasoi_City\" onerror=\"this.style.display='none'\"  \/>\n\t\t\t\t<\/a>\n            \n\n","protected":false},"excerpt":{"rendered":"<p>Absolut muligt med overd\u00e6kning &#8220;En by bliver jo nok aldrig f\u00e6rdig, men udvikler sig hele tiden til nye vilk\u00e5r og&#8230;<\/p>\n","protected":false},"author":2,"featured_media":682,"parent":0,"menu_order":0,"comment_status":"closed","ping_status":"closed","template":"","meta":{"footnotes":""},"wf_page_folders":[],"class_list":["post-681","page","type-page","status-publish","has-post-thumbnail","hentry"],"acf":[],"yoast_head":"<!-- This site is optimized with the Yoast SEO Premium plugin v15.6.2 - https:\/\/yoast.com\/wordpress\/plugins\/seo\/ -->\n<title>S\u00f8ren Br\u00f8ndum: \u2018\u00d8restad skal v\u00e6re en by i l\u00f8bende forandring\u2019 - \u00d8restad<\/title>\n<meta name=\"robots\" content=\"index, follow, max-snippet:-1, max-image-preview:large, max-video-preview:-1\" \/>\n<link rel=\"canonical\" href=\"https:\/\/byoghavn.dk\/orestad\/ramboll\/\" \/>\n<meta property=\"og:locale\" content=\"da_DK\" \/>\n<meta property=\"og:type\" content=\"article\" \/>\n<meta property=\"og:title\" content=\"S\u00f8ren Br\u00f8ndum: \u2018\u00d8restad skal v\u00e6re en by i l\u00f8bende forandring\u2019 - \u00d8restad\" \/>\n<meta property=\"og:description\" content=\"Absolut muligt med overd\u00e6kning &#8220;En by bliver jo nok aldrig f\u00e6rdig, men udvikler sig hele tiden til nye vilk\u00e5r og...\" \/>\n<meta property=\"og:url\" content=\"https:\/\/byoghavn.dk\/orestad\/ramboll\/\" \/>\n<meta property=\"og:site_name\" content=\"\u00d8restad\" \/>\n<meta property=\"article:modified_time\" content=\"2024-06-14T13:50:37+00:00\" \/>\n<meta property=\"og:image\" content=\"https:\/\/byoghavn.dk\/orestad\/wp-content\/uploads\/sites\/3\/2024\/06\/Soeren-Broendum_Syd_1.jpg\" \/>\n\t<meta property=\"og:image:width\" content=\"1920\" \/>\n\t<meta property=\"og:image:height\" content=\"1280\" \/>\n<meta name=\"twitter:card\" content=\"summary_large_image\" \/>\n<meta name=\"twitter:label1\" content=\"Estimeret l\u00e6setid\">\n\t<meta name=\"twitter:data1\" content=\"1 minut\">\n<script type=\"application\/ld+json\" class=\"yoast-schema-graph\">{\"@context\":\"https:\/\/schema.org\",\"@graph\":[{\"@type\":\"WebSite\",\"@id\":\"https:\/\/byoghavn.dk\/orestad\/#website\",\"url\":\"https:\/\/byoghavn.dk\/orestad\/\",\"name\":\"\\u00d8restad\",\"description\":\"\\u00d8restad\",\"potentialAction\":[{\"@type\":\"SearchAction\",\"target\":\"https:\/\/byoghavn.dk\/orestad\/?s={search_term_string}\",\"query-input\":\"required name=search_term_string\"}],\"inLanguage\":\"da-DK\"},{\"@type\":\"ImageObject\",\"@id\":\"https:\/\/byoghavn.dk\/orestad\/ramboll\/#primaryimage\",\"inLanguage\":\"da-DK\",\"url\":\"https:\/\/byoghavn.dk\/orestad\/wp-content\/uploads\/sites\/3\/2024\/06\/Soeren-Broendum_Syd_1.jpg\",\"width\":1920,\"height\":1280},{\"@type\":\"WebPage\",\"@id\":\"https:\/\/byoghavn.dk\/orestad\/ramboll\/#webpage\",\"url\":\"https:\/\/byoghavn.dk\/orestad\/ramboll\/\",\"name\":\"S\\u00f8ren Br\\u00f8ndum: \\u2018\\u00d8restad skal v\\u00e6re en by i l\\u00f8bende forandring\\u2019 - \\u00d8restad\",\"isPartOf\":{\"@id\":\"https:\/\/byoghavn.dk\/orestad\/#website\"},\"primaryImageOfPage\":{\"@id\":\"https:\/\/byoghavn.dk\/orestad\/ramboll\/#primaryimage\"},\"datePublished\":\"2024-06-05T21:05:12+00:00\",\"dateModified\":\"2024-06-14T13:50:37+00:00\",\"inLanguage\":\"da-DK\",\"potentialAction\":[{\"@type\":\"ReadAction\",\"target\":[\"https:\/\/byoghavn.dk\/orestad\/ramboll\/\"]}]}]}<\/script>\n<!-- \/ Yoast SEO Premium plugin. -->","_links":{"self":[{"href":"https:\/\/byoghavn.dk\/orestad\/wp-json\/wp\/v2\/pages\/681","targetHints":{"allow":["GET"]}}],"collection":[{"href":"https:\/\/byoghavn.dk\/orestad\/wp-json\/wp\/v2\/pages"}],"about":[{"href":"https:\/\/byoghavn.dk\/orestad\/wp-json\/wp\/v2\/types\/page"}],"author":[{"embeddable":true,"href":"https:\/\/byoghavn.dk\/orestad\/wp-json\/wp\/v2\/users\/2"}],"replies":[{"embeddable":true,"href":"https:\/\/byoghavn.dk\/orestad\/wp-json\/wp\/v2\/comments?post=681"}],"version-history":[{"count":6,"href":"https:\/\/byoghavn.dk\/orestad\/wp-json\/wp\/v2\/pages\/681\/revisions"}],"predecessor-version":[{"id":731,"href":"https:\/\/byoghavn.dk\/orestad\/wp-json\/wp\/v2\/pages\/681\/revisions\/731"}],"wp:featuredmedia":[{"embeddable":true,"href":"https:\/\/byoghavn.dk\/orestad\/wp-json\/wp\/v2\/media\/682"}],"wp:attachment":[{"href":"https:\/\/byoghavn.dk\/orestad\/wp-json\/wp\/v2\/media?parent=681"}],"wp:term":[{"taxonomy":"wf_page_folders","embeddable":true,"href":"https:\/\/byoghavn.dk\/orestad\/wp-json\/wp\/v2\/wf_page_folders?post=681"}],"curies":[{"name":"wp","href":"https:\/\/api.w.org\/{rel}","templated":true}]}}