{"id":662,"date":"2024-06-05T21:44:08","date_gmt":"2024-06-05T19:44:08","guid":{"rendered":"https:\/\/byoghavn.dk\/orestad\/?page_id=662"},"modified":"2024-06-14T15:47:36","modified_gmt":"2024-06-14T13:47:36","slug":"karlo","status":"publish","type":"page","link":"https:\/\/byoghavn.dk\/orestad\/karlo\/","title":{"rendered":"Fra Kroatien til \u00d8restad Nord: Karlo elsker sit nye hood"},"content":{"rendered":"\n<header id=\"hero-3\">\n           <h1><\/h1>\n<\/header>\n<hr data-id=\"no-news\"\/>\n<a href=\"https:\/\/byoghavn.dk\/app\/\"><img decoding=\"async\" src=\"https:\/\/byoghavn.dk\/havnen\/wp-content\/uploads\/sites\/5\/2019\/04\/hjemmeside-dims-1.png\"\/><\/a>\n<img decoding=\"async\" src=\"https:\/\/byoghavn.dk\/orestad\/wp-content\/themes\/BOH\/images\/footer-gray-triangle.svg\" alt=\"\"\/>\n<hr data-id=\"js-nonews-end\"\/>\n        <h1><strong>Fra Kroatien til \u00d8restad Nord: Karlo elsker sit nye hood<\/strong><\/h1>    \n\t\t\t\t<img loading=\"lazy\" decoding=\"async\" src=\"https:\/\/byoghavn.dk\/orestad\/wp-content\/uploads\/sites\/3\/2024\/06\/Karlo_Nord_2.jpg\" alt=\"Karlo_Nord_2\" itemprop=\"image\" height=\"1280\" width=\"1920\" title=\"Karlo_Nord_2\" onerror=\"this.style.display='none'\"  \/>\n        <h3>Altid en fest i n\u00e6rheden<\/h3><h3><strong>Fed vibe<\/strong><\/h3><p>Han bliver overrasket over at h\u00f8re, at \u00d8restad i \u00e5r fylder 20 \u00e5r, og at hele \u00d8restad var en bar mark for kun 25 \u00e5r siden. Han synes at bydelen virker meget &#8216;f\u00e6rdig&#8217; men ogs\u00e5 med en fed vibe.<\/p>    \n<hr data-type=\"quote\" data-bg=\"light\"\/>\n                        <h2>\n                            Faktisk tror jeg, at det her omr\u00e5de kan blive det &#8220;Nye N\u00f8rrebro&#8221;. Alts\u00e5, N\u00f8rrebro er rigtig fed, men her bor der n\u00e6sten lige s\u00e5 mange unge, og s\u00e5 er det lidt mere roligt, der er lidt mere plads og ro.                           \n                        <\/h2>\n                        <p>Karlo <\/p>\n<style>\n    .block-quote i {\n        font-size: 30px;\n        padding-bottom: 10px;\n        color: #FF5F59;\n    }\n    .block-quote.dark i {\n        color: #da0029;\n    }\n<\/style>\n<hr data-type=\"quote-end\"\/>\n        <p>Lige nu venter Karlo p\u00e5 at komme op og forsvare sin Bacheloropgave, f\u00f8r han har sommerferie. Sommeren skal st\u00e5 p\u00e5 b\u00e5de arbejde og rejse. Til n\u00e6ste semester har han s\u00f8gt ind p\u00e5 faget Bioteknologi p\u00e5 K\u00f8benhavns Universitet.<strong><em>&#8220;S\u00e5 jeg bliver sandsynligvis i Danmark indtil videre. Men jeg er ogs\u00e5 en rastl\u00f8s sj\u00e6l &#8211; jeg vil godt se endnu mere af verden, mens jeg er ung. S\u00e5 hvem ved? M\u00e5ske vil jeg gerne pr\u00f8ve at bo og arbejde i et helt andet land &#8211; USA og Canada har endnu ikke v\u00e6ret i. S\u00e5 vi m\u00e5 se&#8221;,<\/em><\/strong> siger Karlo.<\/p>    \n\t\t\t\t<img loading=\"lazy\" decoding=\"async\" src=\"https:\/\/byoghavn.dk\/orestad\/wp-content\/uploads\/sites\/3\/2024\/06\/Karlo_Nord_3.jpg\" alt=\"Karlo_Nord_3\" itemprop=\"image\" height=\"1280\" width=\"1920\" title=\"Karlo_Nord_3\" onerror=\"this.style.display='none'\"  \/>\n        <h3>M\u00f8d \u00d8restad &#8211; i anledningen af bydelens 20 \u00e5rs f\u00f8dselsdag<\/h3>    \n\t\t\t\t<a href=\"https:\/\/byoghavn.dk\/orestad\/familienblaabaek\/\" target=\"_self\" itemprop=\"url\" rel=\"noopener\">\n\t\t\t\t<img loading=\"lazy\" decoding=\"async\" src=\"https:\/\/byoghavn.dk\/orestad\/wp-content\/uploads\/sites\/3\/2024\/06\/Familien_B_Syd_1.jpg\" alt=\"Familien_B_Syd_1\" itemprop=\"image\" height=\"1280\" width=\"1920\" title=\"Familien_B_Syd_1\" onerror=\"this.style.display='none'\"  \/>\n\t\t\t\t<\/a>\n            \n\t\t\t\t<a href=\"https:\/\/byoghavn.dk\/orestad\/karlo\/\" target=\"_self\" itemprop=\"url\" rel=\"noopener\">\n\t\t\t\t<img loading=\"lazy\" decoding=\"async\" src=\"https:\/\/byoghavn.dk\/orestad\/wp-content\/uploads\/sites\/3\/2024\/06\/Karlo_Nord_1.jpg\" alt=\"Karlo_Nord_1\" itemprop=\"image\" height=\"1280\" width=\"1920\" title=\"Karlo_Nord_1\" onerror=\"this.style.display='none'\"  \/>\n\t\t\t\t<\/a>\n            \n\t\t\t\t<a href=\"https:\/\/byoghavn.dk\/orestad\/kirstenogerling\/\" target=\"_self\" itemprop=\"url\" rel=\"noopener\">\n\t\t\t\t<img loading=\"lazy\" decoding=\"async\" src=\"https:\/\/byoghavn.dk\/orestad\/wp-content\/uploads\/sites\/3\/2024\/06\/Kirsten_Erling_City_1.jpg\" alt=\"Kirsten_Erling_City_1\" itemprop=\"image\" height=\"1280\" width=\"1920\" title=\"Kirsten_Erling_City_1\" onerror=\"this.style.display='none'\"  \/>\n\t\t\t\t<\/a>\n            \n\t\t\t\t<a href=\"https:\/\/byoghavn.dk\/orestad\/ramboll\/\" target=\"_self\" itemprop=\"url\" rel=\"noopener\">\n\t\t\t\t<img loading=\"lazy\" decoding=\"async\" src=\"https:\/\/byoghavn.dk\/orestad\/wp-content\/uploads\/sites\/3\/2024\/06\/Soeren-Broendum_Syd_1.jpg\" alt=\"S\u00f8ren-Br\u00f8ndum_Syd_1\" itemprop=\"image\" height=\"1280\" width=\"1920\" title=\"S\u00f8ren-Br\u00f8ndum_Syd_1\" onerror=\"this.style.display='none'\"  \/>\n\t\t\t\t<\/a>\n            \n\t\t\t\t<a href=\"https:\/\/byoghavn.dk\/orestad\/rasoi\/\" target=\"_self\" itemprop=\"url\" rel=\"noopener\">\n\t\t\t\t<img loading=\"lazy\" decoding=\"async\" src=\"https:\/\/byoghavn.dk\/orestad\/wp-content\/uploads\/sites\/3\/2024\/06\/Rasoi_City.jpg\" alt=\"Rasoi_City\" itemprop=\"image\" height=\"1280\" width=\"1920\" title=\"Rasoi_City\" onerror=\"this.style.display='none'\"  \/>\n\t\t\t\t<\/a>\n            \n\n","protected":false},"excerpt":{"rendered":"<p>Altid en fest i n\u00e6rhedenFed vibeHan bliver overrasket over at h\u00f8re, at \u00d8restad i \u00e5r fylder 20 \u00e5r, og at&#8230;<\/p>\n","protected":false},"author":2,"featured_media":663,"parent":0,"menu_order":0,"comment_status":"closed","ping_status":"closed","template":"","meta":{"footnotes":""},"wf_page_folders":[],"class_list":["post-662","page","type-page","status-publish","has-post-thumbnail","hentry"],"acf":[],"yoast_head":"<!-- This site is optimized with the Yoast SEO Premium plugin v15.6.2 - https:\/\/yoast.com\/wordpress\/plugins\/seo\/ -->\n<title>Fra Kroatien til \u00d8restad Nord: Karlo elsker sit nye hood - \u00d8restad<\/title>\n<meta name=\"robots\" content=\"index, follow, max-snippet:-1, max-image-preview:large, max-video-preview:-1\" \/>\n<link rel=\"canonical\" href=\"https:\/\/byoghavn.dk\/orestad\/karlo\/\" \/>\n<meta property=\"og:locale\" content=\"da_DK\" \/>\n<meta property=\"og:type\" content=\"article\" \/>\n<meta property=\"og:title\" content=\"Fra Kroatien til \u00d8restad Nord: Karlo elsker sit nye hood - \u00d8restad\" \/>\n<meta property=\"og:description\" content=\"Altid en fest i n\u00e6rhedenFed vibeHan bliver overrasket over at h\u00f8re, at \u00d8restad i \u00e5r fylder 20 \u00e5r, og at...\" \/>\n<meta property=\"og:url\" content=\"https:\/\/byoghavn.dk\/orestad\/karlo\/\" \/>\n<meta property=\"og:site_name\" content=\"\u00d8restad\" \/>\n<meta property=\"article:modified_time\" content=\"2024-06-14T13:47:36+00:00\" \/>\n<meta property=\"og:image\" content=\"https:\/\/byoghavn.dk\/orestad\/wp-content\/uploads\/sites\/3\/2024\/06\/Karlo_Nord_1.jpg\" \/>\n\t<meta property=\"og:image:width\" content=\"1920\" \/>\n\t<meta property=\"og:image:height\" content=\"1280\" \/>\n<meta name=\"twitter:card\" content=\"summary_large_image\" \/>\n<meta name=\"twitter:label1\" content=\"Estimeret l\u00e6setid\">\n\t<meta name=\"twitter:data1\" content=\"4 minutter\">\n<script type=\"application\/ld+json\" class=\"yoast-schema-graph\">{\"@context\":\"https:\/\/schema.org\",\"@graph\":[{\"@type\":\"WebSite\",\"@id\":\"https:\/\/byoghavn.dk\/orestad\/#website\",\"url\":\"https:\/\/byoghavn.dk\/orestad\/\",\"name\":\"\\u00d8restad\",\"description\":\"\\u00d8restad\",\"potentialAction\":[{\"@type\":\"SearchAction\",\"target\":\"https:\/\/byoghavn.dk\/orestad\/?s={search_term_string}\",\"query-input\":\"required name=search_term_string\"}],\"inLanguage\":\"da-DK\"},{\"@type\":\"ImageObject\",\"@id\":\"https:\/\/byoghavn.dk\/orestad\/karlo\/#primaryimage\",\"inLanguage\":\"da-DK\",\"url\":\"https:\/\/byoghavn.dk\/orestad\/wp-content\/uploads\/sites\/3\/2024\/06\/Karlo_Nord_1.jpg\",\"width\":1920,\"height\":1280},{\"@type\":\"WebPage\",\"@id\":\"https:\/\/byoghavn.dk\/orestad\/karlo\/#webpage\",\"url\":\"https:\/\/byoghavn.dk\/orestad\/karlo\/\",\"name\":\"Fra Kroatien til \\u00d8restad Nord: Karlo elsker sit nye hood - \\u00d8restad\",\"isPartOf\":{\"@id\":\"https:\/\/byoghavn.dk\/orestad\/#website\"},\"primaryImageOfPage\":{\"@id\":\"https:\/\/byoghavn.dk\/orestad\/karlo\/#primaryimage\"},\"datePublished\":\"2024-06-05T19:44:08+00:00\",\"dateModified\":\"2024-06-14T13:47:36+00:00\",\"inLanguage\":\"da-DK\",\"potentialAction\":[{\"@type\":\"ReadAction\",\"target\":[\"https:\/\/byoghavn.dk\/orestad\/karlo\/\"]}]}]}<\/script>\n<!-- \/ Yoast SEO Premium plugin. -->","_links":{"self":[{"href":"https:\/\/byoghavn.dk\/orestad\/wp-json\/wp\/v2\/pages\/662","targetHints":{"allow":["GET"]}}],"collection":[{"href":"https:\/\/byoghavn.dk\/orestad\/wp-json\/wp\/v2\/pages"}],"about":[{"href":"https:\/\/byoghavn.dk\/orestad\/wp-json\/wp\/v2\/types\/page"}],"author":[{"embeddable":true,"href":"https:\/\/byoghavn.dk\/orestad\/wp-json\/wp\/v2\/users\/2"}],"replies":[{"embeddable":true,"href":"https:\/\/byoghavn.dk\/orestad\/wp-json\/wp\/v2\/comments?post=662"}],"version-history":[{"count":8,"href":"https:\/\/byoghavn.dk\/orestad\/wp-json\/wp\/v2\/pages\/662\/revisions"}],"predecessor-version":[{"id":727,"href":"https:\/\/byoghavn.dk\/orestad\/wp-json\/wp\/v2\/pages\/662\/revisions\/727"}],"wp:featuredmedia":[{"embeddable":true,"href":"https:\/\/byoghavn.dk\/orestad\/wp-json\/wp\/v2\/media\/663"}],"wp:attachment":[{"href":"https:\/\/byoghavn.dk\/orestad\/wp-json\/wp\/v2\/media?parent=662"}],"wp:term":[{"taxonomy":"wf_page_folders","embeddable":true,"href":"https:\/\/byoghavn.dk\/orestad\/wp-json\/wp\/v2\/wf_page_folders?post=662"}],"curies":[{"name":"wp","href":"https:\/\/api.w.org\/{rel}","templated":true}]}}