{"id":614,"date":"2024-06-05T17:20:39","date_gmt":"2024-06-05T15:20:39","guid":{"rendered":"https:\/\/byoghavn.dk\/orestad\/?page_id=614"},"modified":"2024-06-17T08:35:46","modified_gmt":"2024-06-17T06:35:46","slug":"familienblaabaek","status":"publish","type":"page","link":"https:\/\/byoghavn.dk\/orestad\/familienblaabaek\/","title":{"rendered":"FAMILIEN BLAAB\u00c6K ER FALDET FULDST\u00c6NDIG TIL I ARENAKVARTERET"},"content":{"rendered":"\n<header id=\"hero-3\">\n           <h1><\/h1>\n<\/header>\n<hr data-id=\"no-news\"\/>\n<a href=\"https:\/\/byoghavn.dk\/app\/\"><img decoding=\"async\" src=\"https:\/\/byoghavn.dk\/havnen\/wp-content\/uploads\/sites\/5\/2019\/04\/hjemmeside-dims-1.png\"\/><\/a>\n<img decoding=\"async\" src=\"https:\/\/byoghavn.dk\/orestad\/wp-content\/themes\/BOH\/images\/footer-gray-triangle.svg\" alt=\"\"\/>\n<hr data-id=\"js-nonews-end\"\/>\n        <h1><strong>Familien Blaab\u00e6k er faldet fuldst\u00e6ndig til i Arenakvarteret<\/strong><\/h1><p>Tekst: Lars Greir, \u00d8restad Avis<br \/>Foto: Peter S\u00f8rensen<h2>\u00d8restad fylder 20 \u00e5r: Hvad g\u00f8r en ung b\u00f8rnefamilie, n\u00e5r der bliver brug for mere plads? Emil og Ea Forup Hoppe Blaab\u00e6k valgte Arenakvarteret i \u00d8restad. De kalder kvarteret for &#8216;en forstad midt i K\u00f8benhavn&#8217; og elsker, at deres to drenge kan l\u00f8be lige ud af den lille have og altid finde venner at lege med.<\/h2>Boligmarkedet i K\u00f8benhavn er sv\u00e6rt for unge b\u00f8rnefamilier, der gerne vil have lidt mere plads og lidt mere gr\u00f8nt. Bankr\u00e5dgiveren giver dem ofte valget mellem hus og have i Ringsted &#8211; eller meget lille lejlighed i byen. Derfor var Ea og Emil Forup Hoppe Blaab\u00e6k glade for at de en dag i 2020 tog ud til Arenakvarteret i \u00d8restad &#8211; bare for at &#8216;kigge&#8217;.De to s\u00f8nner Harald og Ask var blevet 2 og 4 \u00e5r. Villalejligheden i Vanl\u00f8se tr\u00e6ngte meget til vedligeholdelse, og hverken Emil eller Ea er &#8216;g\u00f8r-det-selv&#8217; typer. Placeringen var heller ikke s\u00e6rlig b\u00f8rnevenlig med den store Jyllingevej lige om hj\u00f8rnet. Parret havde i 2015 boet i en kort periode i Ringsted og inds\u00e5 der, at de ville\/m\u00e5tte bos\u00e6tte sig t\u00e6ttere p\u00e5 byen.I Arenakvarteret kom de til fremvisning i et lille byhus, hvor alt virkede og var i fin stand. De bem\u00e6rkede hurtigt alle b\u00f8rnene, som bare l\u00f8b rundt mellem husene. Og freden og stilheden.<strong><em>&#8220;Jeg kendte godt til \u00d8restad, da mine for\u00e6ldre flyttede ind i 8Tallet i 2014. Dengang tror jeg nok at jeg syntes at der var lidt tomt og ubebygget herude. P\u00e5 vores f\u00f8rste g\u00e5tur i Arenakvarteret bem\u00e6rkede jeg, at det var et helt f\u00e6rdigt kvarter med masser af gr\u00f8nt. Og f\u00e6llesarealer som alle bruger hele tiden,&#8221;<\/em><\/strong> fort\u00e6ller Ea.<strong><em>&#8220;Jeg er vokset op i byen, og vi \u00f8nsker begge at kunne kombinere familieliv og byliv, og kort afstand til vores jobs. Det er lykkedes her, synes jeg. Om eftermiddagen er der liv af b\u00f8rn og familier, og om aftenen er det som om at der bliver trykket p\u00e5 &#8216;mute&#8217; &#8211; og alt falder til ro. Det kan jeg faktisk rigtig godt lide &#8211; vi beh\u00f8ver ikke en bar rundt om hj\u00f8rnet. Det er som en forstad inde i byen,&#8221;<\/em><\/strong> siger Emil.Familien har nu boet i Arenakvarteret i fire \u00e5r. Familien bruger naturen p\u00e5 f\u00e6lleden. I dag skal de ride i Pinseskoven.<em><strong>&#8220;Jeg kan overhovedet ikke ride, men bliver sat op p\u00e5 en hest, og s\u00e5 begynder den at g\u00e5. Det er totalt zen-agtigt<\/strong>,&#8221; <\/em>fort\u00e6ller Emil.Andre gange pakker de Christianiacyklen og k\u00f8rer gennem Kongelunden ud til badestranden ved Drag\u00f8r. Det tager kun 20 minutter.<strong><em>&#8220;Det er en perle uden lige derude. S\u00e5 m\u00e5ske skulle man pr\u00f8ve at holde det hemmeligt,&#8221; <\/em><\/strong>siger Emil og Ea.<\/p>    \n\t\t\t\t<img loading=\"lazy\" decoding=\"async\" src=\"https:\/\/byoghavn.dk\/orestad\/wp-content\/uploads\/sites\/3\/2024\/06\/Familien_B_Syd_2.jpg\" alt=\"Familien_B_Syd_2\" itemprop=\"image\" height=\"1280\" width=\"1920\" title=\"Familien_B_Syd_2\" onerror=\"this.style.display='none'\"  \/>\n        <p>B\u00f8rnene har f\u00e5et masser af venner og skal efter sommerferien starte i hhv. 1. og 3. klasse p\u00e5 den nye Arena Skole &amp; Fritid. Hvor der ogs\u00e5 kommer idr\u00e6tshal og sv\u00f8mmehal. De har st\u00e5et p\u00e5 venteliste til \u00d8restad IF Fodbold &#8211; og starter ogs\u00e5 der meget snart.<\/p>    \n<hr data-type=\"quote\" data-bg=\"light\"\/>\n                        <h2>\n                            Det er meget nemt og trygt at have b\u00f8rn herude. Vi har en facebookgruppe som fort\u00e6ller om alt fra halloween og b\u00f8rneloppemarkeder til hvordan man l\u00e6ser varme og vandaf. B\u00f8rnene har masser af muligheder, og vi kender andre b\u00f8rnefamilier p\u00e5 kryds og tv\u00e6rs. Nogle er mere aktive end andre, men det opleves som helt i orden, at man ogs\u00e5 har brug for privatliv og tr\u00e6kker sig lidt en gang imellem.                           \n                        <\/h2>\n                        <p>Emil <\/p>\n<style>\n    .block-quote i {\n        font-size: 30px;\n        padding-bottom: 10px;\n        color: #FF5F59;\n    }\n    .block-quote.dark i {\n        color: #da0029;\n    }\n<\/style>\n<hr data-type=\"quote-end\"\/>\n        <p>Ea og Emil har aftalt, at de vil blive boende i Arenakvarteret indtil b\u00f8rnene bliver store. Men derfor kan man da godt dr\u00f8mme om lidt mere plads.<strong><em>&#8220;Og m\u00e5ske en anden bolig i \u00d8restad, med udsigt over f\u00e6lleden,&#8221;<\/em><\/strong> siger Ea.De gl\u00e6der sig ogs\u00e5 til det kommende kultur- og beboerhus Byens Hus.<strong><em>&#8220;Det er \u00e6rgerligt, at det er forsinket. Bydelen mangler pr\u00e6cist s\u00e5dan et sted, hvor der er kulturaktiviteter. Det savner vi mere, end vi savner butikker,&#8221;<\/em><\/strong> siger Emil, inden han tager cyklen ud p\u00e5 f\u00e6lleden for at blive sat op p\u00e5 en hest.<\/p>    \n\t\t\t\t<img loading=\"lazy\" decoding=\"async\" src=\"https:\/\/byoghavn.dk\/orestad\/wp-content\/uploads\/sites\/3\/2024\/06\/Familien_B_Syd_3.jpg\" alt=\"Familien_B_Syd_3\" itemprop=\"image\" height=\"1280\" width=\"1920\" title=\"Familien_B_Syd_3\" onerror=\"this.style.display='none'\"  \/>\n        <h3>M\u00f8d \u00d8restad &#8211; i anledningen af bydelens 20 \u00e5rs f\u00f8dselsdag<\/h3>    \n\t\t\t\t<a href=\"https:\/\/byoghavn.dk\/orestad\/familienblaabaek\/\" target=\"_self\" itemprop=\"url\" rel=\"noopener\">\n\t\t\t\t<img loading=\"lazy\" decoding=\"async\" src=\"https:\/\/byoghavn.dk\/orestad\/wp-content\/uploads\/sites\/3\/2024\/06\/Familien_B_Syd_1.jpg\" alt=\"Familien_B_Syd_1\" itemprop=\"image\" height=\"1280\" width=\"1920\" title=\"Familien_B_Syd_1\" onerror=\"this.style.display='none'\"  \/>\n\t\t\t\t<\/a>\n            \n\t\t\t\t<a href=\"https:\/\/byoghavn.dk\/orestad\/karlo\/\" target=\"_self\" itemprop=\"url\" rel=\"noopener\">\n\t\t\t\t<img loading=\"lazy\" decoding=\"async\" src=\"https:\/\/byoghavn.dk\/orestad\/wp-content\/uploads\/sites\/3\/2024\/06\/Karlo_Nord_1.jpg\" alt=\"Karlo_Nord_1\" itemprop=\"image\" height=\"1280\" width=\"1920\" title=\"Karlo_Nord_1\" onerror=\"this.style.display='none'\"  \/>\n\t\t\t\t<\/a>\n            \n\t\t\t\t<a href=\"https:\/\/byoghavn.dk\/orestad\/kirstenogerling\/\" target=\"_self\" itemprop=\"url\" rel=\"noopener\">\n\t\t\t\t<img loading=\"lazy\" decoding=\"async\" src=\"https:\/\/byoghavn.dk\/orestad\/wp-content\/uploads\/sites\/3\/2024\/06\/Kirsten_Erling_City_1.jpg\" alt=\"Kirsten_Erling_City_1\" itemprop=\"image\" height=\"1280\" width=\"1920\" title=\"Kirsten_Erling_City_1\" onerror=\"this.style.display='none'\"  \/>\n\t\t\t\t<\/a>\n            \n\t\t\t\t<a href=\"https:\/\/byoghavn.dk\/orestad\/ramboll\/\" target=\"_self\" itemprop=\"url\" rel=\"noopener\">\n\t\t\t\t<img loading=\"lazy\" decoding=\"async\" src=\"https:\/\/byoghavn.dk\/orestad\/wp-content\/uploads\/sites\/3\/2024\/06\/Soeren-Broendum_Syd_1.jpg\" alt=\"S\u00f8ren-Br\u00f8ndum_Syd_1\" itemprop=\"image\" height=\"1280\" width=\"1920\" title=\"S\u00f8ren-Br\u00f8ndum_Syd_1\" onerror=\"this.style.display='none'\"  \/>\n\t\t\t\t<\/a>\n            \n\t\t\t\t<a href=\"https:\/\/byoghavn.dk\/orestad\/rasoi\/\" target=\"_self\" itemprop=\"url\" rel=\"noopener\">\n\t\t\t\t<img loading=\"lazy\" decoding=\"async\" src=\"https:\/\/byoghavn.dk\/orestad\/wp-content\/uploads\/sites\/3\/2024\/06\/Rasoi_City.jpg\" alt=\"Rasoi_City\" itemprop=\"image\" height=\"1280\" width=\"1920\" title=\"Rasoi_City\" onerror=\"this.style.display='none'\"  \/>\n\t\t\t\t<\/a>\n            \n\n","protected":false},"excerpt":{"rendered":"<p>Tekst: Lars Greir, \u00d8restad AvisFoto: Peter S\u00f8rensen\u00d8restad fylder 20 \u00e5r: Hvad g\u00f8r en ung b\u00f8rnefamilie, n\u00e5r der bliver brug for&#8230;<\/p>\n","protected":false},"author":2,"featured_media":615,"parent":0,"menu_order":0,"comment_status":"closed","ping_status":"closed","template":"","meta":{"footnotes":""},"wf_page_folders":[],"class_list":["post-614","page","type-page","status-publish","has-post-thumbnail","hentry"],"acf":[],"yoast_head":"<!-- This site is optimized with the Yoast SEO Premium plugin v15.6.2 - https:\/\/yoast.com\/wordpress\/plugins\/seo\/ -->\n<title>FAMILIEN BLAAB\u00c6K ER FALDET FULDST\u00c6NDIG TIL I ARENAKVARTERET - \u00d8restad<\/title>\n<meta name=\"robots\" content=\"index, follow, max-snippet:-1, max-image-preview:large, max-video-preview:-1\" \/>\n<link rel=\"canonical\" href=\"https:\/\/byoghavn.dk\/orestad\/familienblaabaek\/\" \/>\n<meta property=\"og:locale\" content=\"da_DK\" \/>\n<meta property=\"og:type\" content=\"article\" \/>\n<meta property=\"og:title\" content=\"FAMILIEN BLAAB\u00c6K ER FALDET FULDST\u00c6NDIG TIL I ARENAKVARTERET - \u00d8restad\" \/>\n<meta property=\"og:description\" content=\"Tekst: Lars Greir, \u00d8restad AvisFoto: Peter S\u00f8rensen\u00d8restad fylder 20 \u00e5r: Hvad g\u00f8r en ung b\u00f8rnefamilie, n\u00e5r der bliver brug for...\" \/>\n<meta property=\"og:url\" content=\"https:\/\/byoghavn.dk\/orestad\/familienblaabaek\/\" \/>\n<meta property=\"og:site_name\" content=\"\u00d8restad\" \/>\n<meta property=\"article:modified_time\" content=\"2024-06-17T06:35:46+00:00\" \/>\n<meta property=\"og:image\" content=\"https:\/\/byoghavn.dk\/orestad\/wp-content\/uploads\/sites\/3\/2024\/06\/Familien_B_Syd_1.jpg\" \/>\n\t<meta property=\"og:image:width\" content=\"1920\" \/>\n\t<meta property=\"og:image:height\" content=\"1280\" \/>\n<meta name=\"twitter:card\" content=\"summary_large_image\" \/>\n<script type=\"application\/ld+json\" class=\"yoast-schema-graph\">{\"@context\":\"https:\/\/schema.org\",\"@graph\":[{\"@type\":\"WebSite\",\"@id\":\"https:\/\/byoghavn.dk\/orestad\/#website\",\"url\":\"https:\/\/byoghavn.dk\/orestad\/\",\"name\":\"\\u00d8restad\",\"description\":\"\\u00d8restad\",\"potentialAction\":[{\"@type\":\"SearchAction\",\"target\":\"https:\/\/byoghavn.dk\/orestad\/?s={search_term_string}\",\"query-input\":\"required name=search_term_string\"}],\"inLanguage\":\"da-DK\"},{\"@type\":\"ImageObject\",\"@id\":\"https:\/\/byoghavn.dk\/orestad\/familienblaabaek\/#primaryimage\",\"inLanguage\":\"da-DK\",\"url\":\"https:\/\/byoghavn.dk\/orestad\/wp-content\/uploads\/sites\/3\/2024\/06\/Familien_B_Syd_1.jpg\",\"width\":1920,\"height\":1280},{\"@type\":\"WebPage\",\"@id\":\"https:\/\/byoghavn.dk\/orestad\/familienblaabaek\/#webpage\",\"url\":\"https:\/\/byoghavn.dk\/orestad\/familienblaabaek\/\",\"name\":\"FAMILIEN BLAAB\\u00c6K ER FALDET FULDST\\u00c6NDIG TIL I ARENAKVARTERET - \\u00d8restad\",\"isPartOf\":{\"@id\":\"https:\/\/byoghavn.dk\/orestad\/#website\"},\"primaryImageOfPage\":{\"@id\":\"https:\/\/byoghavn.dk\/orestad\/familienblaabaek\/#primaryimage\"},\"datePublished\":\"2024-06-05T15:20:39+00:00\",\"dateModified\":\"2024-06-17T06:35:46+00:00\",\"inLanguage\":\"da-DK\",\"potentialAction\":[{\"@type\":\"ReadAction\",\"target\":[\"https:\/\/byoghavn.dk\/orestad\/familienblaabaek\/\"]}]}]}<\/script>\n<!-- \/ Yoast SEO Premium plugin. -->","_links":{"self":[{"href":"https:\/\/byoghavn.dk\/orestad\/wp-json\/wp\/v2\/pages\/614","targetHints":{"allow":["GET"]}}],"collection":[{"href":"https:\/\/byoghavn.dk\/orestad\/wp-json\/wp\/v2\/pages"}],"about":[{"href":"https:\/\/byoghavn.dk\/orestad\/wp-json\/wp\/v2\/types\/page"}],"author":[{"embeddable":true,"href":"https:\/\/byoghavn.dk\/orestad\/wp-json\/wp\/v2\/users\/2"}],"replies":[{"embeddable":true,"href":"https:\/\/byoghavn.dk\/orestad\/wp-json\/wp\/v2\/comments?post=614"}],"version-history":[{"count":22,"href":"https:\/\/byoghavn.dk\/orestad\/wp-json\/wp\/v2\/pages\/614\/revisions"}],"predecessor-version":[{"id":739,"href":"https:\/\/byoghavn.dk\/orestad\/wp-json\/wp\/v2\/pages\/614\/revisions\/739"}],"wp:featuredmedia":[{"embeddable":true,"href":"https:\/\/byoghavn.dk\/orestad\/wp-json\/wp\/v2\/media\/615"}],"wp:attachment":[{"href":"https:\/\/byoghavn.dk\/orestad\/wp-json\/wp\/v2\/media?parent=614"}],"wp:term":[{"taxonomy":"wf_page_folders","embeddable":true,"href":"https:\/\/byoghavn.dk\/orestad\/wp-json\/wp\/v2\/wf_page_folders?post=614"}],"curies":[{"name":"wp","href":"https:\/\/api.w.org\/{rel}","templated":true}]}}