{"id":18,"date":"2019-03-06T10:35:28","date_gmt":"2019-03-06T09:35:28","guid":{"rendered":"http:\/\/byoghavn.dk\/orestad\/?page_id=18"},"modified":"2024-11-11T11:55:52","modified_gmt":"2024-11-11T10:55:52","slug":"forside","status":"publish","type":"page","link":"https:\/\/byoghavn.dk\/orestad\/forside\/","title":{"rendered":"Forside-old"},"content":{"rendered":"\n\n        <!-- Video-wrapper til visning af video -->\n            <iframe loading=\"lazy\" id=\"vimeo-video\" width=\"640\" height=\"360\" frameborder=\"0\" allowfullscreen data-cookieblock-src=\"https:\/\/player.vimeo.com\/video\/924999207?background=1&amp;muted=1&amp;autoplay=1&amp;loop=1&amp;byline=0&amp;title=0\" data-cookieconsent=\"marketing\"><\/iframe>        \n            <h1>Velkommen til den gr\u00f8nne bydel \u2013 <strong>\u00d8restad<\/strong><\/h1>\n        <!-- Box 1 -->\n                    <p>\u00d8restad har plads til <strong>f\u00e6llesskaber<\/strong> \u2013 l\u00e6s artikel i Politiken<\/p>\n                    <a href=\"https:\/\/byoghavn.dk\/orestad\/politiken-artikel\"><\/a>\n                <img decoding=\"async\" src=\"https:\/\/byoghavn.dk\/orestad\/wp-content\/uploads\/sites\/3\/2024\/03\/Politiken_artikel_1920x1080_2.jpg\" alt=\"\">\n                <a href=\"https:\/\/byoghavn.dk\/orestad\/politiken-artikel\"><\/a>\n        <!-- Box 2 -->\n            <img decoding=\"async\" src=\"https:\/\/byoghavn.dk\/orestad\/wp-content\/uploads\/sites\/3\/2024\/06\/OERESTAD_SYD_KOEBEHAVN_S_20230821_TH_0044-1.jpg\" alt=\"\">\n                \n                <a href=\"https:\/\/byoghavn.dk\/orestad\/fotokonkurrence-this-is-oerestad\/\"><\/a>\n            <a href=\"https:\/\/byoghavn.dk\/orestad\/fotokonkurrence-this-is-oerestad\/\"><\/a>\n        <!-- Box 3 -->\n            <img decoding=\"async\" src=\"https:\/\/byoghavn.dk\/orestad\/wp-content\/uploads\/sites\/3\/2024\/06\/Familien_B_Syd_1.jpg\" alt=\"\">\n                <p>M\u00f8d <strong>beboere<\/strong> og <strong>virksomheder<\/strong> i \u00d8restad<\/p>\n                <a href=\"https:\/\/byoghavn.dk\/orestad\/mod-beboere-og-virksomheder\/\"><\/a>\n            <a href=\"https:\/\/byoghavn.dk\/orestad\/mod-beboere-og-virksomheder\/\"><\/a>\n<style>\n\/* Standard styling for vimeo-wrapper i ingen-kasser *\/\nbody .ingen-kasser .vimeo-wrapper {\n    position: absolute;\n    height: 50vw;\n    min-height: 50vw;\n    padding: 0;\n}\n\/* Standard styling for hero-4 i ingen-kasser *\/\nbody #hero-4.ingen-kasser {\n    height: 50vw;\n    min-height: 50vw;\n    padding: 0;\n}\n\/* Center-align for align-self-end *\/\nbody #hero-4.ingen-kasser .align-self-end {\n    align-self: center;\n}\n\/* Mobiltilpasning *\/\n@media (max-width: 768px) {\n    body .ingen-kasser .vimeo-wrapper {\n        position: absolute;\n        height: 70vw;\n        min-height: 70vw;\n        padding: 0;\n    }\n    body #hero-4.ingen-kasser {\n        height: 70vw;\n        min-height: 70vw;\n        padding: 0;\n    }\n}\n.vimeo-wrapper {\n    position: relative;\n    top: 0;\n    left: 0;\n    width: 100%;\n    height: 100%;\n    z-index: -1;\n    pointer-events: none;\n    overflow: hidden;\n    min-height: calc(100vh - 38px);\n}\n.vimeo-wrapper iframe, .vimeo-wrapper video {\n    position: absolute;\n    top: 50%;\n    left: 50%;\n    transform: translate(-50%, -50%);\n    opacity: 0;\n    transition: opacity 1s ease-in;\n}\n.vimeo-wrapper iframe.ready, .vimeo-wrapper video.ready {\n    opacity: 1; \n}\n#hero-4 .link-box, .hero-content-bg .link-box { margin-bottom: 0; }\n@media (max-width: 575px) {\n    .hero-content-bg img, #hero-4 img {\n        max-height: unset;\n        object-fit: cover;\n    }\n    #hero-4 .same-width-boxes .big-box .link-box {\n        padding-bottom: 30px;\n    }\n    #hero-4 .same-width-boxes .top-streg.big-box .link-box {\n        padding-top: 30px;\n        padding-bottom: 10px;\n    }\n}\n<\/style>\n<style>\n.counter .img-fluide { max-width: 60px; }\n<\/style>\n                <h2><font><\/font><font>FAKTA OM \u00d8RESTAD<\/font><\/h2>\n                        <i> <\/i>\n                        <img decoding=\"async\" src=\"\" alt=\"\">\n                            27558\n                        \n                        <i> <\/i>\n                        <img decoding=\"async\" src=\"\" alt=\"\">\n                            9102\n                        \n                            <i> <\/i>\n                            <img decoding=\"async\" src=\"\" alt=\"\">\n                            100\n                        \n        <h2>\u00d8restad ligger p\u00e5 kanten af Naturpark Amagers natur og \u00e5bne vidder. Det er en blandet bydel, hvor erhvervs- og boligbyggerier st\u00e5r side om side med nogle af Danmarks f\u00f8rende kultur-, uddannelses- og forskningsinstitutioner.<\/h2><p>Byudvikling, boliger, boldbaner og business. F\u00e5 minutter fra \u00d8resundsbron og K\u00f8benhavns lufthavn er \u00d8restad skudt i vejret.\u00d8restad er en blandet bydel, hvor erhvervsbyggerierne skyder op ved siden af lejlighedsbyggerierne og r\u00e6kkehusene. Her findes b\u00e5de leje-, ejer-, andels- og almene lejligheder i samme kvarter \u2013 sommetider endda i samme byggeri.Virksomheder, der flytter til \u00d8restad, g\u00f8r det prim\u00e6rt p\u00e5 grund af beliggenheden. \u00d8resundsmotorvejen og jernbanen passerer i \u00d8restad City og giver optimal tilg\u00e6ngelighed bl.a. fra K\u00f8benhavns Lufthavn og \u00d8resundsbron.Beboerne l\u00e6gger v\u00e6gt p\u00e5 den h\u00f8je himmel, det fantastiske lys, de moderne lejlighedsbyggerier og kombinationen af den uendelige f\u00e6lled lige udenfor d\u00f8ren samt den lette adgang til \u201cgamle\u201d K\u00f8benhavn.Fem af Metroens stationer ligger i \u00d8restad. Metroen k\u00f8rer 24 timer i d\u00f8gnet. Der er afgang hvert 3. minut i myldretiden, og rejsetiden fra f.eks. \u00d8restad City til Kongens Nytorv er 10 minutter. Samtidig er Metroen et designm\u00e6ssigt ikon i kraft af den allestedsn\u00e6rv\u00e6rende h\u00f8jbane, der vidner om den korte afstand til city.<\/p>    \n        <h2>Interaktivt kort over \u00d8restad<\/h2><p>G\u00e5 p\u00e5 opdagelse i hvilke byggerier, der er opf\u00f8rt i \u00d8restad . Sort\u00e9r via filtrene og find n\u00f8gletal for hver bygning<\/p><ul><li><a href=\"http:\/\/byoghavn.dk\/orestadn-interaktivt-kort\/\"><strong>\u00d8restad Nord<\/strong><\/a><\/li><li><a href=\"http:\/\/byoghavn.dk\/orestadc-interaktivt-kort\/\"><strong>\u00d8restad City<\/strong><\/a><\/li><li><a href=\"http:\/\/byoghavn.dk\/orestads-interaktivt-kort\/\"><strong>\u00d8restad Syd<\/strong><\/a><\/li><\/ul>    \n\t\t\t\t<img decoding=\"async\" src=\"http:\/\/byoghavn.dk\/orestad\/wp-content\/uploads\/sites\/3\/2019\/12\/Orestad-udklip.png\" alt=\"Orestad-udklip\" itemprop=\"image\" title=\"Orestad-udklip\" onerror=\"this.style.display='none'\">\n\t\t\t\t<img decoding=\"async\" src=\"http:\/\/byoghavn.dk\/orestad\/wp-content\/uploads\/sites\/3\/2019\/05\/parkeringssiderne-ny-1024x512.jpg\" alt=\"parkeringssiderne-ny\" itemprop=\"image\" title=\"parkeringssiderne-ny\" onerror=\"this.style.display='none'\">\n        <h2>Parkering i \u00d8restad<\/h2>    \n        <h2>\u00d8restadshistorien<\/h2><p>Det er 25 \u00e5r siden udviklingen af \u00d8restad begyndte og konkurrencen om helhedsplanen blev udskrevet. Og 20 \u00e5r siden, de f\u00f8rste beboere flyttede ind. <a href=\"http:\/\/byoghavn.dk\/orestad\/historie\/\">L\u00e6s den fascinerende historie<\/a>.\u00a0<\/p>    \n\t\t\t\t<img decoding=\"async\" src=\"http:\/\/byoghavn.dk\/orestad\/wp-content\/uploads\/sites\/3\/2019\/05\/20-13-02-02_0013_3014-1024x576.jpg\" alt=\"20-13-02-02_0013_3014\" itemprop=\"image\" title=\"20-13-02-02_0013_3014\" onerror=\"this.style.display='none'\">\n<style>\n    #news-section img {\n    object-fit: cover;\n}\n    .small-item img {\n    height: 245px;\n}\n    #news-section .item-5 img {\n         height: 245px;\n    }\n    #news-section .item-6 img {\n         height: 365px;\n    }\n    #news-section .item-2 img, \n    #news-section .item-3 img {\n        height: 160px;\n    }   \n    .news-item-wrap .title-wrap {\n    word-break: break-word;\n}\n.klassisk {\n    display: grid;\n    overflow: hidden;\n    grid-template-columns: repeat(3, 1fr);\n    grid-auto-rows: 1fr;\n    grid-column-gap: 15px;\n    grid-row-gap: 15px;\n}\n.klassisk-4 {\n    display: grid;\n    overflow: hidden;\n    grid-template-columns: repeat(4, 1fr);\n    grid-auto-rows: 1fr;\n    grid-column-gap: 15px;\n    grid-row-gap: 15px;\n}\nbody .klassisk .element-item {\n    position: relative;\n    float: left;\n    width: 100%;\n    height: auto;\n    background: #fff;\n}\nbody .klassisk-4 .element-item {\n    position: relative;\n    float: left;\n    width: 100%;\n    height: auto;\n    background: #fff;\n}\n.klassisk .grid-item-content {padding:20px;}\n.klassisk h3.headline { margin-top:0;}\n.klassisk-4 .grid-item-content {padding:20px;}\n.klassisk-4 h3.headline { margin-top:0;}\n@media only screen and (max-width: 900px) {\n    .klassisk, .klassisk-4  {\n    grid-template-columns: repeat(2, 1fr);\n}\n}\n@media only screen and (max-width: 650px) {\n    .klassis, .klassisk-4 {\n    grid-template-columns: repeat(1, 1fr);\n}\n}\n<\/style>\n                 <h2>Nyheder fra \u00d8restad<\/h2>\n                          <img decoding=\"async\" src=\"https:\/\/byoghavn.dk\/orestad\/wp-content\/uploads\/2024\/11\/Website-16x9-1-768x432.jpg\"> \n                    <h3>Ny kampagne skal f\u00e5 flere til at opdage \u00d8restad<\/h3>\n                    <p>11. november 2024<\/p>\n                    \u00d8restad er blevet 20 \u00e5r og 27.500 \u00d8restadsbeboere kan nu kalde bykvarteret for hjem. I dag lancerer By &amp; Havn\u2026\n                 <a href=\"https:\/\/byoghavn.dk\/ny-kampagne-skal-faa-flere-til-at-opdage-oerestad\/\"><\/a>\n                          <img decoding=\"async\" src=\"https:\/\/byoghavn.dk\/orestad\/wp-content\/uploads\/2024\/10\/Udstilling2_1920x1080-768x432.jpg\"> \n                    <h3>M\u00f8d \u00d8restad rundt omkring i K\u00f8benhavn<\/h3>\n                    <p>16. oktober 2024<\/p>\n                    1.102 billeder! S\u00e5 mange fotos blev der indsendt til sommerens fotokonkurrence This is \u00d8restad. Nu kan du se de bedste\u2026\n                 <a href=\"https:\/\/byoghavn.dk\/moed-oerestad-rundt-omkring-i-koebenhavn\/\"><\/a>\n                          <img decoding=\"async\" src=\"https:\/\/byoghavn.dk\/orestad\/wp-content\/uploads\/2024\/09\/SOSU_H_visualisering_1101x620-768x432.jpg\"> \n                    <h3>SOSU H vil v\u00e6re med i ny campus i \u00d8restad<\/h3>\n                    <p>26. september 2024<\/p>\n                    I begyndelsen af september kunne By &amp; Havn l\u00f8fte sl\u00f8ret for et samarbejde med TEC om at etablere en ny\u2026\n                 <a href=\"https:\/\/byoghavn.dk\/sosu-h-vil-vaere-med-i-ny-campus-i-oerestad\/\"><\/a>\n                          <img decoding=\"async\" src=\"https:\/\/byoghavn.dk\/orestad\/wp-content\/uploads\/2019\/04\/asgerkorsgaard_1920x1280-768x512.jpg\"> \n                    <h3>Vinderne af sommerens fotokonkurrence er fundet<\/h3>\n                    <p>18. september 2024<\/p>\n                    Fotokonkurrencen This is \u00d8restad er en fejring af, at det i \u00e5r er 20 \u00e5r siden, de f\u00f8rste beboere flyttede\u2026\n                 <a href=\"https:\/\/byoghavn.dk\/vinderne-af-sommerens-fotokonkurrence-er-fundet\/\"><\/a>\n                          <img decoding=\"async\" src=\"https:\/\/byoghavn.dk\/orestad\/wp-content\/uploads\/2019\/04\/processed-77A543B7-AE2B-4C68-A801-C34964331590-e1726489903609-768x433.jpeg\"> \n                    <h3>By &amp; Havn vil reducere CO2-forbruget fra arbejdsmaskiner<\/h3>\n                    <p>16. september 2024<\/p>\n                    By &amp; Havn har i dag underskrevet en hensigtserkl\u00e6ring med CO-PI (Center for Offentlig-Privat Innovation) om omstilling til emissionsfrie arbejdsmaskiner\u2026\n                 <a href=\"https:\/\/byoghavn.dk\/by-havn-vil-reducere-co2-forbruget-fra-arbejdsmaskiner\/\"><\/a>\n                          <img decoding=\"async\" src=\"https:\/\/byoghavn.dk\/orestad\/wp-content\/uploads\/2019\/04\/2324_TEC_i_Gaardrum_version2_1920x1358-768x543.jpg\"> \n                    <h3>TEC \u00f8nsker at flytte til ny campus i \u00d8restad<\/h3>\n                    <p>10. september 2024<\/p>\n                    TEC afs\u00f8ger lige nu muligheden for at flytte fra skolens adresse p\u00e5 Frederiksberg til en ny campus. Dr\u00f8mmen er at\u2026\n                 <a href=\"https:\/\/byoghavn.dk\/tec-oensker-at-flytte-til-ny-campus-i-oerestad\/\"><\/a>\n                <a href=\"https:\/\/byoghavn.dk\/nyheder\/\">\n                    Se alle nyheder                <\/a>\n            <style>\n   .parallax-wrap .full-width-image\n    {\n        width: 100%;\n        height: 100%;\n        background-size: cover;\n        background-position: center center; \n    }\n    .parallax-small {\n\tposition: fixed;\n\ttop: 0;\n\t-webkit-transform: translate3d(0, 0, 0);\n\ttransform: translate3d(0, 0, 0);\n\t-webkit-transform-style: preserve-3d;\n\ttransform-style: preserve-3d;\n\twidth: 100%;\n\t\/* BG behaviour *\/\n\tbackground-position: center;\n\tbackground-repeat: no-repeat;\n\tbackground-size: cover;\n}\n<\/style>\n<hr data-type=\"full-image\" data-bg=\"https:\/\/byoghavn.dk\/orestad\/wp-content\/uploads\/sites\/3\/2019\/03\/IMG_0958-1-1440x564_c.jpeg\">\n\t<meta itemprop=\"url\" content=\"https:\/\/byoghavn.dk\/orestad\/wp-content\/uploads\/sites\/3\/2024\/11\/Lidt-sker-der-da-i-Oerestad_15-sek.mp4\"><div style=\"width: 640px;\" class=\"wp-video\"><video class=\"wp-video-shortcode\" id=\"video-18-1\" width=\"640\" height=\"360\" poster=\"https:\/\/byoghavn.dk\/orestad\/wp-content\/uploads\/sites\/3\/2024\/11\/03-01-05_0005_362.jpg\" preload=\"none\" controls=\"controls\"><source type=\"video\/mp4\" src=\"https:\/\/byoghavn.dk\/orestad\/wp-content\/uploads\/sites\/3\/2024\/11\/Lidt-sker-der-da-i-Oerestad_15-sek.mp4?_=1\"><\/source><a href=\"https:\/\/byoghavn.dk\/orestad\/wp-content\/uploads\/sites\/3\/2024\/11\/Lidt-sker-der-da-i-Oerestad_15-sek.mp4\">https:\/\/byoghavn.dk\/orestad\/wp-content\/uploads\/sites\/3\/2024\/11\/Lidt-sker-der-da-i-Oerestad_15-sek.mp4<\/a><\/video><\/div>\n<style>\n   .parallax-wrap .full-width-image\n    {\n        width: 100%;\n        height: 100%;\n        background-size: cover;\n        background-position: center center; \n    }\n    .parallax-small {\n\tposition: fixed;\n\ttop: 0;\n\t-webkit-transform: translate3d(0, 0, 0);\n\ttransform: translate3d(0, 0, 0);\n\t-webkit-transform-style: preserve-3d;\n\ttransform-style: preserve-3d;\n\twidth: 100%;\n\t\/* BG behaviour *\/\n\tbackground-position: center;\n\tbackground-repeat: no-repeat;\n\tbackground-size: cover;\n}\n<\/style>\n<hr data-type=\"full-image\" data-bg=\"https:\/\/byoghavn.dk\/orestad\/wp-content\/uploads\/sites\/3\/2019\/03\/photo-1551847656-53899b4fd65b.jpeg\">\n","protected":false},"excerpt":{"rendered":"<p>\u00d8restad har plads til f\u00e6llesskaber \u2013 l\u00e6s artikel i Politiken M\u00f8d beboere og virksomheder i \u00d8restad FAKTA OM \u00d8RESTAD 27558&#8230;<\/p>\n","protected":false},"author":1,"featured_media":131,"parent":0,"menu_order":0,"comment_status":"closed","ping_status":"closed","template":"","meta":{"footnotes":""},"wf_page_folders":[],"class_list":["post-18","page","type-page","status-publish","has-post-thumbnail","hentry"],"acf":[],"yoast_head":"<!-- This site is optimized with the Yoast SEO Premium plugin v15.6.2 - https:\/\/yoast.com\/wordpress\/plugins\/seo\/ -->\n<title>Forside-old - \u00d8restad<\/title>\n<meta name=\"robots\" content=\"index, follow, max-snippet:-1, max-image-preview:large, max-video-preview:-1\" \/>\n<link rel=\"canonical\" href=\"https:\/\/byoghavn.dk\/orestad\/forside\/\" \/>\n<meta property=\"og:locale\" content=\"da_DK\" \/>\n<meta property=\"og:type\" content=\"article\" \/>\n<meta property=\"og:title\" content=\"Forside-old - \u00d8restad\" \/>\n<meta property=\"og:description\" content=\"\u00d8restad har plads til f\u00e6llesskaber \u2013 l\u00e6s artikel i Politiken M\u00f8d beboere og virksomheder i \u00d8restad FAKTA OM \u00d8RESTAD 27558...\" \/>\n<meta property=\"og:url\" content=\"https:\/\/byoghavn.dk\/orestad\/forside\/\" \/>\n<meta property=\"og:site_name\" content=\"\u00d8restad\" \/>\n<meta property=\"article:modified_time\" content=\"2024-11-11T10:55:52+00:00\" \/>\n<meta property=\"og:image\" content=\"https:\/\/byoghavn.dk\/orestad\/wp-content\/uploads\/sites\/3\/2019\/04\/city007.jpg\" \/>\n\t<meta property=\"og:image:width\" content=\"1920\" \/>\n\t<meta property=\"og:image:height\" content=\"1080\" \/>\n<meta name=\"twitter:card\" content=\"summary_large_image\" \/>\n<meta name=\"twitter:label1\" content=\"Estimeret l\u00e6setid\">\n\t<meta name=\"twitter:data1\" content=\"7 minutter\">\n<script type=\"application\/ld+json\" class=\"yoast-schema-graph\">{\"@context\":\"https:\/\/schema.org\",\"@graph\":[{\"@type\":\"WebSite\",\"@id\":\"https:\/\/byoghavn.dk\/orestad\/#website\",\"url\":\"https:\/\/byoghavn.dk\/orestad\/\",\"name\":\"\\u00d8restad\",\"description\":\"\\u00d8restad\",\"potentialAction\":[{\"@type\":\"SearchAction\",\"target\":\"https:\/\/byoghavn.dk\/orestad\/?s={search_term_string}\",\"query-input\":\"required name=search_term_string\"}],\"inLanguage\":\"da-DK\"},{\"@type\":\"ImageObject\",\"@id\":\"https:\/\/byoghavn.dk\/orestad\/forside\/#primaryimage\",\"inLanguage\":\"da-DK\",\"url\":\"https:\/\/byoghavn.dk\/orestad\/wp-content\/uploads\/sites\/3\/2019\/04\/city007.jpg\",\"width\":1920,\"height\":1080},{\"@type\":\"WebPage\",\"@id\":\"https:\/\/byoghavn.dk\/orestad\/forside\/#webpage\",\"url\":\"https:\/\/byoghavn.dk\/orestad\/forside\/\",\"name\":\"Forside-old - \\u00d8restad\",\"isPartOf\":{\"@id\":\"https:\/\/byoghavn.dk\/orestad\/#website\"},\"primaryImageOfPage\":{\"@id\":\"https:\/\/byoghavn.dk\/orestad\/forside\/#primaryimage\"},\"datePublished\":\"2019-03-06T09:35:28+00:00\",\"dateModified\":\"2024-11-11T10:55:52+00:00\",\"inLanguage\":\"da-DK\",\"potentialAction\":[{\"@type\":\"ReadAction\",\"target\":[\"https:\/\/byoghavn.dk\/orestad\/forside\/\"]}]}]}<\/script>\n<!-- \/ Yoast SEO Premium plugin. -->","_links":{"self":[{"href":"https:\/\/byoghavn.dk\/orestad\/wp-json\/wp\/v2\/pages\/18","targetHints":{"allow":["GET"]}}],"collection":[{"href":"https:\/\/byoghavn.dk\/orestad\/wp-json\/wp\/v2\/pages"}],"about":[{"href":"https:\/\/byoghavn.dk\/orestad\/wp-json\/wp\/v2\/types\/page"}],"author":[{"embeddable":true,"href":"https:\/\/byoghavn.dk\/orestad\/wp-json\/wp\/v2\/users\/1"}],"replies":[{"embeddable":true,"href":"https:\/\/byoghavn.dk\/orestad\/wp-json\/wp\/v2\/comments?post=18"}],"version-history":[{"count":77,"href":"https:\/\/byoghavn.dk\/orestad\/wp-json\/wp\/v2\/pages\/18\/revisions"}],"predecessor-version":[{"id":1066,"href":"https:\/\/byoghavn.dk\/orestad\/wp-json\/wp\/v2\/pages\/18\/revisions\/1066"}],"wp:featuredmedia":[{"embeddable":true,"href":"https:\/\/byoghavn.dk\/orestad\/wp-json\/wp\/v2\/media\/131"}],"wp:attachment":[{"href":"https:\/\/byoghavn.dk\/orestad\/wp-json\/wp\/v2\/media?parent=18"}],"wp:term":[{"taxonomy":"wf_page_folders","embeddable":true,"href":"https:\/\/byoghavn.dk\/orestad\/wp-json\/wp\/v2\/wf_page_folders?post=18"}],"curies":[{"name":"wp","href":"https:\/\/api.w.org\/{rel}","templated":true}]}}