{"id":1222,"date":"2026-02-04T16:15:25","date_gmt":"2026-02-04T15:15:25","guid":{"rendered":"https:\/\/byoghavn.dk\/orestad\/?page_id=1222"},"modified":"2026-03-06T16:43:32","modified_gmt":"2026-03-06T15:43:32","slug":"byens-hus-i-oerestad-syd","status":"publish","type":"page","link":"https:\/\/byoghavn.dk\/orestad\/byens-hus-i-oerestad-syd\/","title":{"rendered":"Byens Hus i \u00d8restad Syd"},"content":{"rendered":"\n<header id=\"hero-3\">\n    <h1>Beboer- og kulturhuset Byens Hus<\/h1>\n<\/header>\n<hr data-id=\"no-news\" \/>\n<a href=\"https:\/\/byoghavn.dk\/app\/\"><img decoding=\"async\" src=\"https:\/\/byoghavn.dk\/havnen\/wp-content\/uploads\/sites\/5\/2019\/04\/hjemmeside-dims-1.png\" \/><\/a>\n<img decoding=\"async\" src=\"https:\/\/byoghavn.dk\/orestad\/wp-content\/themes\/BOH\/images\/footer-gray-triangle.svg\" alt=\"\" \/>\n<hr data-id=\"js-nonews-end\" \/>\n        <h2><strong>P\u00e5 Asger Jorns All\u00e9 i \u00d8restad Syd opf\u00f8res Byens Hus, en daginstitution og 95 boliger i forskellige st\u00f8rrelser i \u00e9t samlet byggeri.\u00a0<\/strong><\/h2><p>Visionen er at samle nogle af bydelens f\u00e6lleslokaler under \u00e9t tag og skabe nye muligheder i m\u00f8det mellem beboerne. Her f\u00e5r \u00d8restad Syd blandt andet beboer- og foreningslokaler, v\u00e6rksteder, en multisal, en caf\u00e9 og f\u00e6llesarealer. Ambitionen er, at huset b\u00e5de bliver et f\u00e6lleshus for lokalomr\u00e5det og et levende kulturhus, der tiltr\u00e6kker bes\u00f8gende fra andre bydele &#8211; drevet af et sp\u00e6ndende aktivitetsudbud og den spektakul\u00e6re placering p\u00e5 kanten af Naturpark Amager.<\/p>    \n        <p><strong>Hvad kan Byens Hus bruges til og hvorn\u00e5r \u00e5bner det?<\/strong>Byens Hus f\u00e5r fleksible lokaler til f.eks. fejringer af m\u00e6rkedage, foreningsaktiviteter, v\u00e6rkstedsbrug, events og hverdagsf\u00e6llesskaber. Der kommer en multisal, caf\u00e9 og \u00e5bne f\u00e6llesarealer, der kan bruges til aktiviteter p\u00e5 tv\u00e6rs af kvarteret.<br \/>Foran huset etableres en forplads p\u00e5 ca. 2.200 m\u00b2. Pladsen str\u00e6kker sig fra Else Alfelts Vej til F\u00e6lledpromenaden og f\u00e5r et trappe- og rampesystem, s\u00e5 alle kan komme frem.<br \/>Byens Hus forventes f\u00e6rdigt i slutningen af 2027.<br \/>Har du sp\u00f8rgsm\u00e5l til faciliteter, aktiviteter eller driften af huset, kan du skrive til Kultur-, Fritids- og Borgerserviceforvaltningen e-mail: <a href=\"mailto:af9t@kk.dk\">af9t@kk.dk<\/a><\/p>    \n        <p><strong>Hvad g\u00f8r vi mens vi venter p\u00e5 Byens Hus?<\/strong>De f\u00f8rste beboeraktiviteter er allerede i gang. P\u00e5 Asger Jorns All\u00e9 har By &amp; Havn etableret Den Gule Plads som midlertidigt byrum til udend\u00f8rs aktiviteter. Pladsen kan bruges til f\u00e6llesmiddage, koncerter, b\u00f8rnearrangementer, foreningsaktiviteter og meget mere.<br \/>By &amp; Havn st\u00f8tter KFF &#8211; Kultur Amager Vest, som arrangerer en r\u00e6kke aktiviteter om \u00e5ret for bydelens beboere.<br \/>Du kan ogs\u00e5 selv bidrage. By &amp; Havn stiller en eventpulje til r\u00e5dighed for \u00d8restad Syd Borgerforening, som uddeler midler til arrangementer for omr\u00e5dets beboere og foreninger. <a href=\"https:\/\/byoghavn.dk\/orestad\/den-gule-plads\/\">L\u00e6s mere om Den Gule Plads og eventpuljen her<\/a>.\u00a0<\/p>    \n        <p><strong>Hvordan er Byens Hus organiseret?<\/strong>Byens Hus skabes ved, at 21 boligbyggerier i \u00d8restad Syd samler en del af deres f\u00e6llesfaciliteter i \u00e9t hus i stedet for at have dem spredt i hver bygning.By &amp; Havn har taget initiativ til projektet og udviklet en model i samarbejde med K\u00f8benhavns Kommune. Modellen g\u00f8r det muligt at Byens Hus b\u00e5de kan have festlokaler til beboernes fejringer og v\u00e6re et kulturhus med plads til foreninger, f\u00e6lles begivenheder og events.N\u00e5r byggeriet st\u00e5r f\u00e6rdigt, afleverer FB Gruppen huset til By &amp; Havn, som derefter overdrager ejerskabet til Foreningen Byens Hus. Foreningen best\u00e5r af de grundejere, som har samlet deres f\u00e6lleslokaler i bygningen. Foreningen ejer huset, men det er Kultur-, Fritids- og Borgerserviceforvaltningen, der kommer til at st\u00e5 for den daglige drift &#8211; ligesom i kommunens andre kulturhuse.Lokale akt\u00f8rer og beboere har gennem en r\u00e6kke workshops og m\u00f8der i perioden 2016-2025 v\u00e6ret med til at kvalificere og forme husets funktioner. Der har bl.a. v\u00e6ret afholdt workshops og m\u00f8der med Grundejerforeningen \u00d8restad Syd, KFF -Kultur Amager Vest, Amager Vest Lokaludvalg, \u00d8restad IF, DGI Stork\u00f8benhavn, \u00d8restad Syd Borgerforening og omr\u00e5dets beboere.<\/p>    \n\n   .parallax-wrap .full-width-image\n    {\n        width: 100%;\n        height: 100%;\n        background-size: cover;\n        background-position: center center; \n    }\n    .parallax-small {\n\tposition: fixed;\n\ttop: 0;\n\t-webkit-transform: translate3d(0, 0, 0);\n\ttransform: translate3d(0, 0, 0);\n\t-webkit-transform-style: preserve-3d;\n\ttransform-style: preserve-3d;\n\twidth: 100%;\n\t\/* BG behaviour *\/\n\tbackground-position: center;\n\tbackground-repeat: no-repeat;\n\tbackground-size: cover;\n}\n\n<hr data-type=\"full-image\" data-bg=\"https:\/\/byoghavn.dk\/orestad\/wp-content\/uploads\/sites\/3\/2026\/02\/ByensHus-5-1920x1358-1.jpg\" \/>\n        <p><strong>Fakta<\/strong><\/p><ul><li>P\u00e5 byggefeltet langs F\u00e6lledpromenaden og Asger Jorns All\u00e9 opf\u00f8res Byens Hus, en daginstitution og boliger i 10-11 etager<\/li><li>Byens Hus: ca. 2.500 m\u00b2<\/li><li>Daginstitution: ca. 2.000 m\u00b2 inkl. legefaciliteter<\/li><li>Boliger: ca. 7.600 m\u00b2 fordelt p\u00e5 95 boliger i forskellige st\u00f8rrelser<\/li><li>Bygherre: FB Gruppen A\/S<\/li><li>Arkitekt: ACT Architects<\/li><li>Entrepren\u00f8r: INGCON A\/S, som har byggeplads p\u00e5 nabobyggefeltet ved Den Gule Plads<\/li><li>Byggeriet forventes afsluttet ultimo 2027<\/li><li>Foreningen Byens Hus &#8211; <a href=\"https:\/\/byoghavn.dk\/orestad\/wp-content\/uploads\/sites\/3\/2019\/04\/Foreningen-Byens-Hus_Medlemmer_04-03-2026.pdf\" target=\"_blank\" rel=\"noopener\">find en liste over medlemmer her<\/a><\/li><\/ul>    \n        <p><strong>Vil du vide mere om Byens Hus?<\/strong>I sommeren 2026 inviterer By &amp; Havn, K\u00f8benhavns Kommune og FB Gruppen til informationsm\u00f8de om projektet. Du kan desuden holde dig orienteret gennem <a href=\"https:\/\/byoghavn.dk\/nyhedsbrev\/\">By &amp; Havns nyhedsbreve<\/a> og l\u00e6se <a href=\"https:\/\/byoghavn.dk\/byggeopstart-paa-byens-hus-i-oerestad-syd\/\">tidligere nyheder<\/a> om projektet.<\/p>    \n        <p><strong>Har du sp\u00f8rgsm\u00e5l om Byens Hus?<\/strong><\/p><ul><li>Om anl\u00e6gsarbejdet? <strong>INGCON A\/S &#8211; <a href=\"mailto:info@ingcon.dk\">info@ingcon.dk<\/a><\/strong><\/li><li>Om faciliteter og drift? <strong>Kultur-, Fritids- og Borgerserviceforvaltningen &#8211; <a href=\"mailto:af9t@kk.dk\">af9t@kk.dk<\/a><\/strong><\/li><li>Om Foreningen Byens Hus? <strong>By &amp; Havn &#8211; <a href=\"mailto:info@byoghavn.dk\">info@byoghavn.dk<\/a><\/strong><\/li><li>Om boligerne? <strong>FB Gruppen A\/S &#8211; <a href=\"mailto:mail@fbgruppen.dk\">mail@fbgruppen.dk<\/a><\/strong><\/li><li>Om daginstitutionen? <strong>K\u00f8benhavns Kommunes Ejendomme &#8211; 70 80 80 00<\/strong><\/li><\/ul>    \n        <p><strong>Vigtigt vedr. visualiseringer<\/strong>Visualiseringerne af Byens Hus her p\u00e5 siden er udf\u00f8rt af ACT Architects, som har tegnet byggeriet. V\u00e6r opm\u00e6rksom p\u00e5 at visualiseringerne er vejledende, og der kan forekomme \u00e6ndringer i facadens endelige udtryk som f\u00f8lge af tekniske, arkitektoniske eller myndighedsm\u00e6ssige forhold.<\/p>    \n\n   .parallax-wrap .full-width-image\n    {\n        width: 100%;\n        height: 100%;\n        background-size: cover;\n        background-position: center center; \n    }\n    .parallax-small {\n\tposition: fixed;\n\ttop: 0;\n\t-webkit-transform: translate3d(0, 0, 0);\n\ttransform: translate3d(0, 0, 0);\n\t-webkit-transform-style: preserve-3d;\n\ttransform-style: preserve-3d;\n\twidth: 100%;\n\t\/* BG behaviour *\/\n\tbackground-position: center;\n\tbackground-repeat: no-repeat;\n\tbackground-size: cover;\n}\n\n<hr data-type=\"full-image\" data-bg=\"https:\/\/byoghavn.dk\/orestad\/wp-content\/uploads\/sites\/3\/2026\/02\/DSC5871_1920x1080.jpg\" \/>\n","protected":false},"excerpt":{"rendered":"<p>P\u00e5 Asger Jorns All\u00e9 i \u00d8restad Syd opf\u00f8res Byens Hus, en daginstitution og 95 boliger i forskellige st\u00f8rrelser i \u00e9t&#8230;<\/p>\n","protected":false},"author":18,"featured_media":1223,"parent":0,"menu_order":0,"comment_status":"closed","ping_status":"closed","template":"","meta":{"footnotes":""},"wf_page_folders":[],"class_list":["post-1222","page","type-page","status-publish","has-post-thumbnail","hentry"],"acf":[],"yoast_head":"<!-- This site is optimized with the Yoast SEO Premium plugin v15.6.2 - https:\/\/yoast.com\/wordpress\/plugins\/seo\/ -->\n<title>Byens Hus i \u00d8restad Syd - \u00d8restad<\/title>\n<meta name=\"robots\" content=\"index, follow, max-snippet:-1, max-image-preview:large, max-video-preview:-1\" \/>\n<link rel=\"canonical\" href=\"https:\/\/byoghavn.dk\/orestad\/byens-hus-i-oerestad-syd\/\" \/>\n<meta property=\"og:locale\" content=\"da_DK\" \/>\n<meta property=\"og:type\" content=\"article\" \/>\n<meta property=\"og:title\" content=\"Byens Hus i \u00d8restad Syd - \u00d8restad\" \/>\n<meta property=\"og:description\" content=\"P\u00e5 Asger Jorns All\u00e9 i \u00d8restad Syd opf\u00f8res Byens Hus, en daginstitution og 95 boliger i forskellige st\u00f8rrelser i \u00e9t...\" \/>\n<meta property=\"og:url\" content=\"https:\/\/byoghavn.dk\/orestad\/byens-hus-i-oerestad-syd\/\" \/>\n<meta property=\"og:site_name\" content=\"\u00d8restad\" \/>\n<meta property=\"article:modified_time\" content=\"2026-03-06T15:43:32+00:00\" \/>\n<meta property=\"og:image\" content=\"https:\/\/byoghavn.dk\/orestad\/wp-content\/uploads\/sites\/3\/2026\/02\/ByensHus-2-1920x1358-1.jpg\" \/>\n\t<meta property=\"og:image:width\" content=\"1920\" \/>\n\t<meta property=\"og:image:height\" content=\"1358\" \/>\n<meta name=\"twitter:card\" content=\"summary_large_image\" \/>\n<meta name=\"twitter:label1\" content=\"Estimeret l\u00e6setid\">\n\t<meta name=\"twitter:data1\" content=\"4 minutter\">\n<script type=\"application\/ld+json\" class=\"yoast-schema-graph\">{\"@context\":\"https:\/\/schema.org\",\"@graph\":[{\"@type\":\"WebSite\",\"@id\":\"https:\/\/byoghavn.dk\/orestad\/#website\",\"url\":\"https:\/\/byoghavn.dk\/orestad\/\",\"name\":\"\\u00d8restad\",\"description\":\"\\u00d8restad\",\"potentialAction\":[{\"@type\":\"SearchAction\",\"target\":\"https:\/\/byoghavn.dk\/orestad\/?s={search_term_string}\",\"query-input\":\"required name=search_term_string\"}],\"inLanguage\":\"da-DK\"},{\"@type\":\"ImageObject\",\"@id\":\"https:\/\/byoghavn.dk\/orestad\/byens-hus-i-oerestad-syd\/#primaryimage\",\"inLanguage\":\"da-DK\",\"url\":\"https:\/\/byoghavn.dk\/orestad\/wp-content\/uploads\/sites\/3\/2026\/02\/ByensHus-2-1920x1358-1.jpg\",\"width\":1920,\"height\":1358},{\"@type\":\"WebPage\",\"@id\":\"https:\/\/byoghavn.dk\/orestad\/byens-hus-i-oerestad-syd\/#webpage\",\"url\":\"https:\/\/byoghavn.dk\/orestad\/byens-hus-i-oerestad-syd\/\",\"name\":\"Byens Hus i \\u00d8restad Syd - \\u00d8restad\",\"isPartOf\":{\"@id\":\"https:\/\/byoghavn.dk\/orestad\/#website\"},\"primaryImageOfPage\":{\"@id\":\"https:\/\/byoghavn.dk\/orestad\/byens-hus-i-oerestad-syd\/#primaryimage\"},\"datePublished\":\"2026-02-04T15:15:25+00:00\",\"dateModified\":\"2026-03-06T15:43:32+00:00\",\"inLanguage\":\"da-DK\",\"potentialAction\":[{\"@type\":\"ReadAction\",\"target\":[\"https:\/\/byoghavn.dk\/orestad\/byens-hus-i-oerestad-syd\/\"]}]}]}<\/script>\n<!-- \/ Yoast SEO Premium plugin. -->","_links":{"self":[{"href":"https:\/\/byoghavn.dk\/orestad\/wp-json\/wp\/v2\/pages\/1222","targetHints":{"allow":["GET"]}}],"collection":[{"href":"https:\/\/byoghavn.dk\/orestad\/wp-json\/wp\/v2\/pages"}],"about":[{"href":"https:\/\/byoghavn.dk\/orestad\/wp-json\/wp\/v2\/types\/page"}],"author":[{"embeddable":true,"href":"https:\/\/byoghavn.dk\/orestad\/wp-json\/wp\/v2\/users\/18"}],"replies":[{"embeddable":true,"href":"https:\/\/byoghavn.dk\/orestad\/wp-json\/wp\/v2\/comments?post=1222"}],"version-history":[{"count":11,"href":"https:\/\/byoghavn.dk\/orestad\/wp-json\/wp\/v2\/pages\/1222\/revisions"}],"predecessor-version":[{"id":1301,"href":"https:\/\/byoghavn.dk\/orestad\/wp-json\/wp\/v2\/pages\/1222\/revisions\/1301"}],"wp:featuredmedia":[{"embeddable":true,"href":"https:\/\/byoghavn.dk\/orestad\/wp-json\/wp\/v2\/media\/1223"}],"wp:attachment":[{"href":"https:\/\/byoghavn.dk\/orestad\/wp-json\/wp\/v2\/media?parent=1222"}],"wp:term":[{"taxonomy":"wf_page_folders","embeddable":true,"href":"https:\/\/byoghavn.dk\/orestad\/wp-json\/wp\/v2\/wf_page_folders?post=1222"}],"curies":[{"name":"wp","href":"https:\/\/api.w.org\/{rel}","templated":true}]}}