{"id":196,"date":"2019-04-24T13:01:52","date_gmt":"2019-04-24T11:01:52","guid":{"rendered":"http:\/\/byoghavn.dk\/nordhavn\/?page_id=196"},"modified":"2023-04-13T17:20:47","modified_gmt":"2023-04-13T15:20:47","slug":"aarhusgadekvarteret","status":"publish","type":"page","link":"https:\/\/byoghavn.dk\/nordhavn\/aarhusgadekvarteret\/","title":{"rendered":"\u00c5rhusgadekvarteret"},"content":{"rendered":"\n<header id=\"hero-3\">\n    <h1>\u00c5rhusgadekvarteret &#8211; meget mere end et sted at bo<\/h1>\n<\/header>\n<img decoding=\"async\" src=\"https:\/\/byoghavn.dk\/nordhavn\/wp-content\/themes\/BOH\/images\/footer-gray-triangle.svg\" alt=\"\"\/>\n        <p>G\u00e5 en tur i de sn\u00e6vre str\u00e6der i \u00c5rhusgadekvarteret i Indre Nordhavn. Snup en kop\u00a0kaffe med fra en af de nye caf\u00e9er. Bes\u00f8g <a href=\"http:\/\/byoghavn.dk\/nordhavn\/konditaget-luders\/\">Konditaget L\u00fcders<\/a> i 24 meters h\u00f8jde oven p\u00e5\u00a0kvarterets parkeringshus og nyd udsigten over Nordhavn, \u00d8resund og havnel\u00f8bet.\u00a0L\u00e6g m\u00e6rke til blandingen af gamle og nye byggerier i kvarteret og n\u00e6rheden til\u00a0havnens lokkende vand, der er udsigt til, n\u00e6sten uanset hvor man st\u00e5r og g\u00e5r.Det er kun f\u00e5 \u00e5r siden, frihavnsgitteret blev revet ned i omr\u00e5det. Indtil sommeren 2014 havde k\u00f8benhavnerne slet ikke adgang til nogle af disse havnearealer, der er nogle af byens allermest attraktive, fordi omr\u00e5det havde status af frihavn.I dag er det helt anderledes. P\u00e5 en solskinsdag myldrer kvarteret\u00a0med beboere, medarbejdere og nysgerrige bes\u00f8gende,\u00a0der nyder det nye kvarters mange attraktioner.\u00a0Lokalplanen for \u00c5rhusgadekvarteret kom til i 2012. Forinden\u00a0havde By &amp; Havn udskrevet en international konkurrence for at skabe\u00a0en masterplan for omr\u00e5det, som kunne rumme b\u00e5de det maritime\u00a0og industrielle &#8211; men samtidig nye, moderne boliger og\u00a0arbejdspladser.I 2014, da Frihavnsgitteret blev fjernet, var \u00c5rhusgadekvarteret\u00a0allerede en stor byggeplads, og i 2015 flyttede de f\u00f8rste\u00a0beboere ind i kvarteret. Siden er masser af byggerier f\u00e6rdiggjort,\u00a0og i dag bor her mere end 2.000 indbyggere. Samtidig er flere\u00a0hyggelige pladser og havnepromenader blevet f\u00e6rdiggjort,\u00a0og i kraft af en s\u00e6rlig strategi for detailhandlen er de f\u00f8rste\u00a0spisesteder, caf\u00e9er, supermarkeder og specialbutikker \u00e5bnet i\u00a0kvarterets hovedgade, \u00c5rhusgade og de mange str\u00e6der.<\/p>    \n<hr data-id=\"no-news\" \/>\n            <h2>Tag p\u00e5 tur<\/h2>\n            \n<hr data-id=\"no-news-end\" \/>\n        <h2>G\u00f6teborg Plads og Sandkaj<\/h2><p>Mod syd ligger G\u00f6teborg Plads og Sandkaj. G\u00f6teborg Plads\u00a0er kvarterets vigtigste plads og aktive torv med udeservering\u00a0og rekreative funktioner med beliggenhed neden for de\u00a0to karakteristiske, tidligere cementsiloer, som i dag er blevet\u00a0bygget sammen til \u00e9t erhvervsbyggeri.G\u00f6teborg Plads f\u00f8rer ned til Sandkaj Brygge, som er kvarterets\u00a0400 meter lange, sydvendte promenade udf\u00f8rt i egetr\u00e6.\u00a0Bryggen rimer p\u00e5 kaffe to-go eller et glas ros\u00e9vin i sommersolen.\u00a0De forskellige niveauer p\u00e5 bryggen g\u00f8r, at man kan\u00a0komme helt t\u00e6t p\u00e5 vandet, og der er mulighed for en dukkert,\u00a0fordi By &amp; Havn og K\u00f8benhavns Kommune har etableret en\u00a0badezone h\u00e9r, som drives af kommunen.<\/p>    \n<style>\n   .parallax-wrap .full-width-image\n    {\n        width: 100%;\n        height: 100%;\n        background-size: cover;\n        background-position: center center; \n    }\n    .parallax-small {\n\tposition: fixed;\n\ttop: 0;\n\t-webkit-transform: translate3d(0, 0, 0);\n\ttransform: translate3d(0, 0, 0);\n\t-webkit-transform-style: preserve-3d;\n\ttransform-style: preserve-3d;\n\twidth: 100%;\n\t\/* BG behaviour *\/\n\tbackground-position: center;\n\tbackground-repeat: no-repeat;\n\tbackground-size: cover;\n}\n<\/style>\n<hr data-type=\"full-image\" data-bg=\"https:\/\/byoghavn.dk\/nordhavn\/wp-content\/uploads\/sites\/2\/2019\/03\/Nordhavn-sommer116-1.jpg\"\/>\n        <h2>The Silo<\/h2><p>F\u00f8r ombygningen var siloen kendt i hele K\u00f8benhavn som et ikon for industritiden i Nordhavn p\u00e5 grund af sin graffiti &#8216;HVA DRIKKER M\u00d8LR&#8217; helt oppe ved taget. I dag rummer The Silo 40 eksklusive boliger. De \u00f8verste etager er ombygget til restaurant med uovertruffen panoramaudsigt over hele K\u00f8benhavn og helt til Sverige p\u00e5 en klar dag.<\/p>    \n<style>\n   .parallax-wrap .full-width-image\n    {\n        width: 100%;\n        height: 100%;\n        background-size: cover;\n        background-position: center center; \n    }\n    .parallax-small {\n\tposition: fixed;\n\ttop: 0;\n\t-webkit-transform: translate3d(0, 0, 0);\n\ttransform: translate3d(0, 0, 0);\n\t-webkit-transform-style: preserve-3d;\n\ttransform-style: preserve-3d;\n\twidth: 100%;\n\t\/* BG behaviour *\/\n\tbackground-position: center;\n\tbackground-repeat: no-repeat;\n\tbackground-size: cover;\n}\n<\/style>\n<hr data-type=\"full-image\" data-bg=\"https:\/\/byoghavn.dk\/nordhavn\/wp-content\/uploads\/sites\/2\/2019\/05\/Nordhavn118.jpg\"\/>\n        <h2>Den R\u00f8de By<\/h2><p>Den R\u00f8de By er det popul\u00e6re navn for omr\u00e5det i den vestlige\u00a0del af \u00c5rhusgadekvarteret, som best\u00e5r af historiske bebyggelser\u00a0n\u00e6sten alle opf\u00f8rt i r\u00f8dt tegl. Den R\u00f8de By udg\u00f8r en\u00a0v\u00e6sentlig del af hele kvarterets identitet, og sammen med de\u00a0fire siloer danner karr\u00e9erne grundlag for den nye arkitektur i\u00a0kvarteret.<\/p>    \n<style>\n   .parallax-wrap .full-width-image\n    {\n        width: 100%;\n        height: 100%;\n        background-size: cover;\n        background-position: center center; \n    }\n    .parallax-small {\n\tposition: fixed;\n\ttop: 0;\n\t-webkit-transform: translate3d(0, 0, 0);\n\ttransform: translate3d(0, 0, 0);\n\t-webkit-transform-style: preserve-3d;\n\ttransform-style: preserve-3d;\n\twidth: 100%;\n\t\/* BG behaviour *\/\n\tbackground-position: center;\n\tbackground-repeat: no-repeat;\n\tbackground-size: cover;\n}\n<\/style>\n<hr data-type=\"full-image\" data-bg=\"https:\/\/byoghavn.dk\/nordhavn\/wp-content\/uploads\/sites\/2\/2019\/05\/Nordhavn489.jpg\"\/>\n        <h2>Konditaget L\u00fcders<\/h2><p>En af de st\u00f8rste attraktioner i \u00c5rhusgadekvarteret er Konditaget\u00a0L\u00fcders &#8211; et aktivt, offentligt byrum opf\u00f8rt i 24 meters\u00a0h\u00f8jde p\u00e5 toppen af P-hus L\u00fcders. Konditaget byder p\u00e5 udsigt\u00a0over byens tage, havnen og \u00d8resund og er indrettet med en\u00a0r\u00e6kke tr\u00e6ningsfaciliteter til aktive. <a href=\"http:\/\/byoghavn.dk\/nordhavn\/konditaget-luders\/\">L\u00e6s mere om Konditaget<\/a>.<\/p>    \n<style>\n   .parallax-wrap .full-width-image\n    {\n        width: 100%;\n        height: 100%;\n        background-size: cover;\n        background-position: center center; \n    }\n    .parallax-small {\n\tposition: fixed;\n\ttop: 0;\n\t-webkit-transform: translate3d(0, 0, 0);\n\ttransform: translate3d(0, 0, 0);\n\t-webkit-transform-style: preserve-3d;\n\ttransform-style: preserve-3d;\n\twidth: 100%;\n\t\/* BG behaviour *\/\n\tbackground-position: center;\n\tbackground-repeat: no-repeat;\n\tbackground-size: cover;\n}\n<\/style>\n<hr data-type=\"full-image\" data-bg=\"https:\/\/byoghavn.dk\/nordhavn\/wp-content\/uploads\/sites\/2\/2019\/03\/JAJA_ParkNPlay-34_R_Hjortshoj-1.jpg\"\/>\n        <h2>Legehavet<\/h2><p>Legehavet er kvarterets nye legeplads og rekreative omr\u00e5de.\u00a0Legepladsen er tilt\u00e6nkt de mindre b\u00f8rn i alderen 1-10 \u00e5r.\u00a0Pladsen har et maritimt tema med legeelementer, der spejler\u00a0det omkringliggende havnemilj\u00f8; fx redskaberne &#8216;Kranen&#8217;,\u00a0&#8216;Fragtskibet&#8217; og &#8216;Kongeb\u00f8jen&#8217;. Der er ogs\u00e5 sandkasser, legehus, h\u00e6ngek\u00f8jer, trampoliner, rutsjebane samt et gr\u00f8nt\u00a0omr\u00e5de med tr\u00e6er, gr\u00e6s, buske og blomster p\u00e5 en del af legepladsen.<\/p>    \n<style>\n   .parallax-wrap .full-width-image\n    {\n        width: 100%;\n        height: 100%;\n        background-size: cover;\n        background-position: center center; \n    }\n    .parallax-small {\n\tposition: fixed;\n\ttop: 0;\n\t-webkit-transform: translate3d(0, 0, 0);\n\ttransform: translate3d(0, 0, 0);\n\t-webkit-transform-style: preserve-3d;\n\ttransform-style: preserve-3d;\n\twidth: 100%;\n\t\/* BG behaviour *\/\n\tbackground-position: center;\n\tbackground-repeat: no-repeat;\n\tbackground-size: cover;\n}\n<\/style>\n<hr data-type=\"full-image\" data-bg=\"https:\/\/byoghavn.dk\/nordhavn\/wp-content\/uploads\/sites\/2\/2019\/05\/Nordhavn113-1.jpg\"\/>\n","protected":false},"excerpt":{"rendered":"<p>G\u00e5 en tur i de sn\u00e6vre str\u00e6der i \u00c5rhusgadekvarteret i Indre Nordhavn. Snup en kop\u00a0kaffe med fra en af de&#8230;<\/p>\n","protected":false},"author":4,"featured_media":198,"parent":0,"menu_order":0,"comment_status":"closed","ping_status":"closed","template":"","meta":{"footnotes":""},"wf_page_folders":[9],"class_list":["post-196","page","type-page","status-publish","has-post-thumbnail","hentry"],"acf":[],"yoast_head":"<!-- This site is optimized with the Yoast SEO Premium plugin v15.6.2 - https:\/\/yoast.com\/wordpress\/plugins\/seo\/ -->\n<title>\u00c5rhusgadekvarteret - Nordhavn<\/title>\n<meta name=\"robots\" content=\"index, follow, max-snippet:-1, max-image-preview:large, max-video-preview:-1\" \/>\n<link rel=\"canonical\" href=\"https:\/\/byoghavn.dk\/nordhavn\/aarhusgadekvarteret\/\" \/>\n<meta property=\"og:locale\" content=\"da_DK\" \/>\n<meta property=\"og:type\" content=\"article\" \/>\n<meta property=\"og:title\" content=\"\u00c5rhusgadekvarteret - Nordhavn\" \/>\n<meta property=\"og:description\" content=\"G\u00e5 en tur i de sn\u00e6vre str\u00e6der i \u00c5rhusgadekvarteret i Indre Nordhavn. Snup en kop\u00a0kaffe med fra en af de...\" \/>\n<meta property=\"og:url\" content=\"https:\/\/byoghavn.dk\/nordhavn\/aarhusgadekvarteret\/\" \/>\n<meta property=\"og:site_name\" content=\"Nordhavn\" \/>\n<meta property=\"article:modified_time\" content=\"2023-04-13T15:20:47+00:00\" \/>\n<meta property=\"og:image\" content=\"https:\/\/byoghavn.dk\/nordhavn\/wp-content\/uploads\/sites\/2\/2019\/04\/Nordhavn-sommer192.jpg\" \/>\n\t<meta property=\"og:image:width\" content=\"1920\" \/>\n\t<meta property=\"og:image:height\" content=\"1080\" \/>\n<meta name=\"twitter:card\" content=\"summary_large_image\" \/>\n<meta name=\"twitter:label1\" content=\"Estimeret l\u00e6setid\">\n\t<meta name=\"twitter:data1\" content=\"3 minutter\">\n<script type=\"application\/ld+json\" class=\"yoast-schema-graph\">{\"@context\":\"https:\/\/schema.org\",\"@graph\":[{\"@type\":\"WebSite\",\"@id\":\"https:\/\/byoghavn.dk\/nordhavn\/#website\",\"url\":\"https:\/\/byoghavn.dk\/nordhavn\/\",\"name\":\"Nordhavn\",\"description\":\"Nordhavn\",\"potentialAction\":[{\"@type\":\"SearchAction\",\"target\":\"https:\/\/byoghavn.dk\/nordhavn\/?s={search_term_string}\",\"query-input\":\"required name=search_term_string\"}],\"inLanguage\":\"da-DK\"},{\"@type\":\"ImageObject\",\"@id\":\"https:\/\/byoghavn.dk\/nordhavn\/aarhusgadekvarteret\/#primaryimage\",\"inLanguage\":\"da-DK\",\"url\":\"https:\/\/byoghavn.dk\/nordhavn\/wp-content\/uploads\/sites\/2\/2019\/04\/Nordhavn-sommer192.jpg\",\"width\":1920,\"height\":1080},{\"@type\":\"WebPage\",\"@id\":\"https:\/\/byoghavn.dk\/nordhavn\/aarhusgadekvarteret\/#webpage\",\"url\":\"https:\/\/byoghavn.dk\/nordhavn\/aarhusgadekvarteret\/\",\"name\":\"\\u00c5rhusgadekvarteret - Nordhavn\",\"isPartOf\":{\"@id\":\"https:\/\/byoghavn.dk\/nordhavn\/#website\"},\"primaryImageOfPage\":{\"@id\":\"https:\/\/byoghavn.dk\/nordhavn\/aarhusgadekvarteret\/#primaryimage\"},\"datePublished\":\"2019-04-24T11:01:52+00:00\",\"dateModified\":\"2023-04-13T15:20:47+00:00\",\"inLanguage\":\"da-DK\",\"potentialAction\":[{\"@type\":\"ReadAction\",\"target\":[\"https:\/\/byoghavn.dk\/nordhavn\/aarhusgadekvarteret\/\"]}]}]}<\/script>\n<!-- \/ Yoast SEO Premium plugin. -->","_links":{"self":[{"href":"https:\/\/byoghavn.dk\/nordhavn\/wp-json\/wp\/v2\/pages\/196","targetHints":{"allow":["GET"]}}],"collection":[{"href":"https:\/\/byoghavn.dk\/nordhavn\/wp-json\/wp\/v2\/pages"}],"about":[{"href":"https:\/\/byoghavn.dk\/nordhavn\/wp-json\/wp\/v2\/types\/page"}],"author":[{"embeddable":true,"href":"https:\/\/byoghavn.dk\/nordhavn\/wp-json\/wp\/v2\/users\/4"}],"replies":[{"embeddable":true,"href":"https:\/\/byoghavn.dk\/nordhavn\/wp-json\/wp\/v2\/comments?post=196"}],"version-history":[{"count":10,"href":"https:\/\/byoghavn.dk\/nordhavn\/wp-json\/wp\/v2\/pages\/196\/revisions"}],"predecessor-version":[{"id":1177,"href":"https:\/\/byoghavn.dk\/nordhavn\/wp-json\/wp\/v2\/pages\/196\/revisions\/1177"}],"wp:featuredmedia":[{"embeddable":true,"href":"https:\/\/byoghavn.dk\/nordhavn\/wp-json\/wp\/v2\/media\/198"}],"wp:attachment":[{"href":"https:\/\/byoghavn.dk\/nordhavn\/wp-json\/wp\/v2\/media?parent=196"}],"wp:term":[{"taxonomy":"wf_page_folders","embeddable":true,"href":"https:\/\/byoghavn.dk\/nordhavn\/wp-json\/wp\/v2\/wf_page_folders?post=196"}],"curies":[{"name":"wp","href":"https:\/\/api.w.org\/{rel}","templated":true}]}}