{"id":144,"date":"2019-04-23T13:51:59","date_gmt":"2019-04-23T11:51:59","guid":{"rendered":"http:\/\/byoghavn.dk\/nordhavn\/?page_id=144"},"modified":"2026-03-09T16:26:17","modified_gmt":"2026-03-09T15:26:17","slug":"nordhavn-udvides","status":"publish","type":"page","link":"https:\/\/byoghavn.dk\/nordhavn\/nordhavn-udvides\/","title":{"rendered":"Nordhavn udvides"},"content":{"rendered":"\n<header id=\"hero-3\">\n    <h1>Nordhavn udvides<\/h1>\n<\/header>\n<hr data-id=\"no-news\">\n<a href=\"https:\/\/byoghavn.dk\/app\/\"><img decoding=\"async\" src=\"https:\/\/byoghavn.dk\/havnen\/wp-content\/uploads\/sites\/5\/2019\/04\/hjemmeside-dims-1.png\"><\/a>\n<img decoding=\"async\" src=\"https:\/\/byoghavn.dk\/nordhavn\/wp-content\/themes\/BOH\/images\/footer-gray-triangle.svg\" alt=\"\">\n<hr data-id=\"js-nonews-end\">\n        <h2>For at skabe plads til K\u00f8benhavns udvikling har By &amp; Havn udvidet Nordhavn med 100 hektar. By &amp; Havn modtager jord til udvidelsen af Nordhavn.<\/h2>    \n        <p><strong>Bem\u00e6rk: By &amp; Havn stopper med at modtage nye anmeldelser af ren jord til Nordhavn fra den 1. maj 2026<\/strong>. Al jord skal fra efter\u00e5ret 2026 k\u00f8res til Lynetteholm, n\u00e5r fase 2 \u00e5bner. Igangv\u00e6rende sager til Nordhavn vil dog som udgangspunkt blive k\u00f8rt f\u00e6rdige.<\/p>    \n<style>\n   .parallax-wrap .full-width-image\n    {\n        width: 100%;\n        height: 100%;\n        background-size: cover;\n        background-position: center center; \n    }\n    .parallax-small {\n\tposition: fixed;\n\ttop: 0;\n\t-webkit-transform: translate3d(0, 0, 0);\n\ttransform: translate3d(0, 0, 0);\n\t-webkit-transform-style: preserve-3d;\n\ttransform-style: preserve-3d;\n\twidth: 100%;\n\t\/* BG behaviour *\/\n\tbackground-position: center;\n\tbackground-repeat: no-repeat;\n\tbackground-size: cover;\n}\n<\/style>\n<hr data-type=\"full-image\" data-bg=\"https:\/\/byoghavn.dk\/nordhavn\/wp-content\/uploads\/sites\/2\/2019\/04\/Nordhavn094_16346.jpg\">\n<hr data-type=\"feature-infoboks\">\n        <h3> Betingelser for aflevering af jord<\/h3>\n        <p>Jorden skal v\u00e6re klasse 0 eller 1.<\/p><ul><li>Jorden skal v\u00e6re anmeldt og godkendt af den kommune, som jorden er opgravet i.<\/li><li>By &amp; Havn modtager ikke straks-anmeldelser.<\/li><li>Jorden m\u00e5 ikke indeholde brokker og andet affald.<\/li><li>Der skal altid medbringes k\u00f8reseddel.<\/li><li><strong><\/strong><strong>Prisen for aflevering af ren jord er 129,00 kr. ex. moms pr. ton. <br><\/strong><\/li><li><a href=\"https:\/\/byoghavn.dk\/wp-content\/uploads\/2019\/04\/Modtagebetingelser-for-By-og-Havns-landvinding-2026.pdf\" target=\"_blank\" rel=\"noopener\"><strong>Du kan l\u00e6se kravene til ren jord her<\/strong>\u00a0<\/a><\/li><\/ul>Der skal indg\u00e5s aftale med By &amp; Havn f\u00f8r levering af ren jord.<ul><li><a href=\"https:\/\/byoghavn.dk\/wp-content\/uploads\/2019\/04\/Aftale-om-modtagelse-af-ren-jord-2026.pdf\" target=\"_blank\" rel=\"noopener\"><b>Hent aftale om modtagelse af ren jord hos By &amp; Havn<\/b><\/a><\/li><\/ul>By &amp; Havn modtager kun ren jord kl. 0-1 i naturlig v\u00e5d tilstand og ikke flydende. Jorden, som vi modtager, skal v\u00e6re indbygningsegnet. By &amp; Havn forbeholder sig retten til at afvise jorden, hvis den er for v\u00e5d i forbindelse med visuel kontrol.\u00a0KMC Nordhavn, der drives af K\u00f8benhavns Kommune, modtager p\u00e5 samme adresse forurenet jord.<ul><li>P\u00e5\u00a0<a href=\"http:\/\/www.kk.dk\/kmc\" target=\"_blank\" rel=\"noopener\"><strong>KMC Nordhavns hjemmeside<\/strong> <\/a>fremg\u00e5r betingelser for levering af forurenet jord.<\/li><\/ul>    \n<hr data-type=\"feature-infoboks-end\">\n        <p><strong>By &amp; Havns samarbejdspartner GSV har produceret denne lille film om Nordhavnsudvidelsen:<\/strong><\/p>    \n\t<iframe loading=\"lazy\" title=\"GSV -  Kundesamarbejde p\u00e5 Nordhavnen\" width=\"640\" height=\"360\" frameborder=\"0\" allow=\"accelerometer; autoplay; clipboard-write; encrypted-media; gyroscope; picture-in-picture; web-share\" referrerpolicy=\"strict-origin-when-cross-origin\" allowfullscreen data-cookieblock-src=\"https:\/\/www.youtube.com\/embed\/AIHFJOIshSk?feature=oembed\" data-cookieconsent=\"marketing\"><\/iframe>\n        <h2>Fakta om udvidelsen<\/h2><ul><li>Anl\u00e6gget af krydstogtskaj samt anl\u00e6gget af selve jorddepotet er udf\u00f8rt af et Jointventure mellem Z\u00fcblin, M\u00f6bius og MJ Eriksson.<\/li><li>Stenindfatningen p\u00e5 den nordvestlige side af opfyldningen er udf\u00f8rt af Per Aarsleff.<\/li><li>Opfyldningen fylder 1 mio. m2 eller 100 hektar.<\/li><li>Opfyldningen rummer b\u00e5de ren jord og et depot til forurenet jord p\u00e5 hhv. 4 mio. m3 og 6 mio. m3.<\/li><li>Krydstogtskajen med de tre terminalbygninger blev indviet 2. maj 2014.\u00a0<\/li><li>Krydstogtkajen er 1.100 meter lang. Til sammenligning er Langelinie 1.000 meter lang.<\/li><li>I samme omr\u00e5de bliver der anlagt en ny containerkaj, og for enden af udvidelsen anl\u00e6gges kajplads til stykgods.<\/li><li>Indd\u00e6mningen med spunsv\u00e6gge er 1.250 meter lang og stenindfatningen mod vest 1.200 meter.<\/li><\/ul>    \n<hr data-id=\"no-news\">\n            <h3><font><\/font><font>Kontaktpersoner<\/font><\/h3>\n                        <font><\/font><font>Claus Sch\u00f8sler<\/font>\n                        <font><\/font><font>Chef for landvinding (konst.)<\/font>\n                        <a href=\"mailto:renjord@byoghavn.dk\">renjord@byoghavn.dk<\/a>\n                        <a href=\"tel:7262%205950\">Tlf: 7262 5950<\/a>\n                        <font><\/font><font>Flemming Negithon Larsen<\/font>\n                        <font><\/font><font>Driftskoordinator<\/font>\n                        <a href=\"mailto:renjord@byoghavn.dk\">renjord@byoghavn.dk<\/a>\n                        <a href=\"tel:7262%203950\">Tlf: 7262 3950<\/a>\n                        <font><\/font><font>Yvonne Christensen<\/font>\n                        <font><\/font><font>Administrativ medarbejder<\/font>\n                        <a href=\"mailto:renjord@byoghavn.dk\">renjord@byoghavn.dk<\/a>\n                        <a href=\"tel:7262%203950\">Tlf: 7262 3950<\/a>\n                        <font><\/font><font>Bjarke la Cour<\/font>\n                        <font><\/font><font>Assistent<\/font>\n                        <a href=\"mailto:renjord@byoghavn.dk\">renjord@byoghavn.dk<\/a>\n                        <a href=\"tel:7262%203950\">Tlf: 7262 3950<\/a>\n                        <font><\/font><font>Dan Gottschalk-Hansen<\/font>\n                        <font><\/font><font>Driftsleder<\/font>\n                        <a href=\"mailto:renjord@byoghavn.dk\">renjord@byoghavn.dk<\/a>\n                        <a href=\"tel:7262%203950\">Tlf: 7262 3950<\/a>\n<hr data-id=\"js-nonews-end\">\n\n","protected":false},"excerpt":{"rendered":"<p>For at skabe plads til K\u00f8benhavns udvikling har By &amp; Havn udvidet Nordhavn med 100 hektar. By &amp; Havn modtager&#8230;<\/p>\n","protected":false},"author":4,"featured_media":151,"parent":0,"menu_order":0,"comment_status":"closed","ping_status":"closed","template":"","meta":{"footnotes":""},"wf_page_folders":[14],"class_list":["post-144","page","type-page","status-publish","has-post-thumbnail","hentry"],"acf":[],"yoast_head":"<!-- This site is optimized with the Yoast SEO Premium plugin v15.6.2 - https:\/\/yoast.com\/wordpress\/plugins\/seo\/ -->\n<title>Nordhavn udvides - Nordhavn<\/title>\n<meta name=\"robots\" content=\"index, follow, max-snippet:-1, max-image-preview:large, max-video-preview:-1\" \/>\n<link rel=\"canonical\" href=\"https:\/\/byoghavn.dk\/nordhavn\/nordhavn-udvides\/\" \/>\n<meta property=\"og:locale\" content=\"da_DK\" \/>\n<meta property=\"og:type\" content=\"article\" \/>\n<meta property=\"og:title\" content=\"Nordhavn udvides - Nordhavn\" \/>\n<meta property=\"og:description\" content=\"For at skabe plads til K\u00f8benhavns udvikling har By &amp; Havn udvidet Nordhavn med 100 hektar. By &amp; Havn modtager...\" \/>\n<meta property=\"og:url\" content=\"https:\/\/byoghavn.dk\/nordhavn\/nordhavn-udvides\/\" \/>\n<meta property=\"og:site_name\" content=\"Nordhavn\" \/>\n<meta property=\"article:modified_time\" content=\"2026-03-09T15:26:17+00:00\" \/>\n<meta property=\"og:image\" content=\"https:\/\/byoghavn.dk\/nordhavn\/wp-content\/uploads\/sites\/2\/2019\/04\/Nordhavnen-20-5-2018-206-1.jpg\" \/>\n\t<meta property=\"og:image:width\" content=\"1920\" \/>\n\t<meta property=\"og:image:height\" content=\"1080\" \/>\n<meta name=\"twitter:card\" content=\"summary_large_image\" \/>\n<meta name=\"twitter:label1\" content=\"Estimeret l\u00e6setid\">\n\t<meta name=\"twitter:data1\" content=\"2 minutter\">\n<script type=\"application\/ld+json\" class=\"yoast-schema-graph\">{\"@context\":\"https:\/\/schema.org\",\"@graph\":[{\"@type\":\"WebSite\",\"@id\":\"https:\/\/byoghavn.dk\/nordhavn\/#website\",\"url\":\"https:\/\/byoghavn.dk\/nordhavn\/\",\"name\":\"Nordhavn\",\"description\":\"Nordhavn\",\"potentialAction\":[{\"@type\":\"SearchAction\",\"target\":\"https:\/\/byoghavn.dk\/nordhavn\/?s={search_term_string}\",\"query-input\":\"required name=search_term_string\"}],\"inLanguage\":\"da-DK\"},{\"@type\":\"ImageObject\",\"@id\":\"https:\/\/byoghavn.dk\/nordhavn\/nordhavn-udvides\/#primaryimage\",\"inLanguage\":\"da-DK\",\"url\":\"https:\/\/byoghavn.dk\/nordhavn\/wp-content\/uploads\/sites\/2\/2019\/04\/Nordhavnen-20-5-2018-206-1.jpg\",\"width\":1920,\"height\":1080},{\"@type\":\"WebPage\",\"@id\":\"https:\/\/byoghavn.dk\/nordhavn\/nordhavn-udvides\/#webpage\",\"url\":\"https:\/\/byoghavn.dk\/nordhavn\/nordhavn-udvides\/\",\"name\":\"Nordhavn udvides - Nordhavn\",\"isPartOf\":{\"@id\":\"https:\/\/byoghavn.dk\/nordhavn\/#website\"},\"primaryImageOfPage\":{\"@id\":\"https:\/\/byoghavn.dk\/nordhavn\/nordhavn-udvides\/#primaryimage\"},\"datePublished\":\"2019-04-23T11:51:59+00:00\",\"dateModified\":\"2026-03-09T15:26:17+00:00\",\"inLanguage\":\"da-DK\",\"potentialAction\":[{\"@type\":\"ReadAction\",\"target\":[\"https:\/\/byoghavn.dk\/nordhavn\/nordhavn-udvides\/\"]}]}]}<\/script>\n<!-- \/ Yoast SEO Premium plugin. -->","_links":{"self":[{"href":"https:\/\/byoghavn.dk\/nordhavn\/wp-json\/wp\/v2\/pages\/144","targetHints":{"allow":["GET"]}}],"collection":[{"href":"https:\/\/byoghavn.dk\/nordhavn\/wp-json\/wp\/v2\/pages"}],"about":[{"href":"https:\/\/byoghavn.dk\/nordhavn\/wp-json\/wp\/v2\/types\/page"}],"author":[{"embeddable":true,"href":"https:\/\/byoghavn.dk\/nordhavn\/wp-json\/wp\/v2\/users\/4"}],"replies":[{"embeddable":true,"href":"https:\/\/byoghavn.dk\/nordhavn\/wp-json\/wp\/v2\/comments?post=144"}],"version-history":[{"count":11,"href":"https:\/\/byoghavn.dk\/nordhavn\/wp-json\/wp\/v2\/pages\/144\/revisions"}],"predecessor-version":[{"id":1428,"href":"https:\/\/byoghavn.dk\/nordhavn\/wp-json\/wp\/v2\/pages\/144\/revisions\/1428"}],"wp:featuredmedia":[{"embeddable":true,"href":"https:\/\/byoghavn.dk\/nordhavn\/wp-json\/wp\/v2\/media\/151"}],"wp:attachment":[{"href":"https:\/\/byoghavn.dk\/nordhavn\/wp-json\/wp\/v2\/media?parent=144"}],"wp:term":[{"taxonomy":"wf_page_folders","embeddable":true,"href":"https:\/\/byoghavn.dk\/nordhavn\/wp-json\/wp\/v2\/wf_page_folders?post=144"}],"curies":[{"name":"wp","href":"https:\/\/api.w.org\/{rel}","templated":true}]}}