{"id":1281,"date":"2025-05-16T10:21:15","date_gmt":"2025-05-16T08:21:15","guid":{"rendered":"https:\/\/byoghavn.dk\/nordhavn\/?page_id=1281"},"modified":"2025-06-23T13:57:28","modified_gmt":"2025-06-23T11:57:28","slug":"aktivitetsplads","status":"publish","type":"page","link":"https:\/\/byoghavn.dk\/nordhavn\/aktivitetsplads\/","title":{"rendered":"Aktivitetsplads"},"content":{"rendered":"\n<header id=\"hero-3\">\n    \n<\/header>\n<hr data-id=\"no-news\" \/>\n<a href=\"https:\/\/byoghavn.dk\/app\/\"><img decoding=\"async\" src=\"https:\/\/byoghavn.dk\/havnen\/wp-content\/uploads\/sites\/5\/2019\/04\/hjemmeside-dims-1.png\" \/><\/a>\n<img decoding=\"async\" src=\"https:\/\/byoghavn.dk\/nordhavn\/wp-content\/themes\/BOH\/images\/footer-gray-triangle.svg\" alt=\"\" \/>\n<hr data-id=\"js-nonews-end\" \/>\n        <h2>Aktivitetspladsen under h\u00f8jbanen ved Orientkaj metrostation er skabt i t\u00e6t samarbejde med elever fra Randersgade Skole og Copenhagen International School. M\u00e5let har v\u00e6ret at skabe et inkluderende og sanseligt byrum med plads til b\u00e5de bev\u00e6gelse og afslapning.<\/h2><p>\u00c6stetik og funktionalitet er t\u00e6nkt ind i hvert eneste element, s\u00e5 der er rum til b\u00e5de ophold og aktivitet.\u00a0<br \/><br \/>Herunder kan du hente inspiration til, hvordan du kan f\u00e5 fuldt udbytte af de enkelte elementer, ligesom tr\u00e6nerne fra ProSundhed ogs\u00e5 har udarbejdet flere komplette tr\u00e6ningsprogrammer, der kan ses her.<\/p>    \n<hr data-id=\"no-news\" \/>\n\n    #chess-box-wrap .right-box-wrap, .feature-image .right-box-wrap {\n        margin-bottom: 0!important;\n    }\n    .feature-image .row {cursor: pointer;}\n    .feature-image img {max-width: 100%; max-height: 325px;}\n    .feature-image {padding-top: 50px; padding-bottom: 50px;}\n\n                <img src='https:\/\/byoghavn.dk\/nordhavn\/wp-content\/uploads\/sites\/2\/2019\/04\/akti2-e1750679702646.jpg' alt='' class='img-fluide' \/>            \n                <h2>Ball<\/h2>\n                <p>                 <br \/><br \/><a href=\"https:\/\/byoghavn.dk\/nordhavn\/aktivitetsplads\/ball\/\">Se mere<\/a>                <\/p>\n<hr data-id=\"no-news-end\" \/>\n\n@media (max-width: 991px) {\n    .vimeo-billede-feature {\n        position: absolute;\n        top: 0;\n        left: 0;\n        width: 100%;\n        height: 100%;\n    }\n    .billede-feature-video {\n        width: 100%;\n        padding-top: 56.25%;\n    }\n}\n.feature-image .container.no-link  .row {\n    cursor: inherit!important;\n}\n.Udvidet.feature-image:hover .container.no-link img {\n    box-shadow: none;\n    transition: none;\n}\n\n<hr data-id=\"no-news\" \/>\n\n    #chess-box-wrap .right-box-wrap, .feature-image .right-box-wrap {\n        margin-bottom: 0!important;\n    }\n    .feature-image .row {cursor: pointer;}\n    .feature-image img {max-width: 100%; max-height: 325px;}\n    .feature-image {padding-top: 50px; padding-bottom: 50px;}\n\n                <h2>Bench<\/h2>\n                <p>                 <br \/><br \/><a href=\"https:\/\/byoghavn.dk\/nordhavn\/aktivitetsplads\/bench\/\">Se mere<\/a>                <\/p>\n                <img src='https:\/\/byoghavn.dk\/nordhavn\/wp-content\/uploads\/sites\/2\/2019\/04\/akti1-e1750679533870.jpg' alt='' class='img-fluide' \/>            \n<hr data-id=\"no-news-end\" \/>\n\n@media (max-width: 991px) {\n    .vimeo-billede-feature {\n        position: absolute;\n        top: 0;\n        left: 0;\n        width: 100%;\n        height: 100%;\n    }\n    .billede-feature-video {\n        width: 100%;\n        padding-top: 56.25%;\n    }\n}\n.feature-image .container.no-link  .row {\n    cursor: inherit!important;\n}\n.Udvidet.feature-image:hover .container.no-link img {\n    box-shadow: none;\n    transition: none;\n}\n\n<hr data-id=\"no-news\" \/>\n\n    #chess-box-wrap .right-box-wrap, .feature-image .right-box-wrap {\n        margin-bottom: 0!important;\n    }\n    .feature-image .row {cursor: pointer;}\n    .feature-image img {max-width: 100%; max-height: 325px;}\n    .feature-image {padding-top: 50px; padding-bottom: 50px;}\n\n                <img src='https:\/\/byoghavn.dk\/nordhavn\/wp-content\/uploads\/sites\/2\/2019\/04\/akti3-e1750679739552.jpg' alt='' class='img-fluide' \/>            \n                <h2>Step<\/h2>\n                <p>                 <br \/><br \/><a href=\"https:\/\/byoghavn.dk\/nordhavn\/aktivitetsplads\/step\/\">Se mere<\/a>                <\/p>\n<hr data-id=\"no-news-end\" \/>\n\n@media (max-width: 991px) {\n    .vimeo-billede-feature {\n        position: absolute;\n        top: 0;\n        left: 0;\n        width: 100%;\n        height: 100%;\n    }\n    .billede-feature-video {\n        width: 100%;\n        padding-top: 56.25%;\n    }\n}\n.feature-image .container.no-link  .row {\n    cursor: inherit!important;\n}\n.Udvidet.feature-image:hover .container.no-link img {\n    box-shadow: none;\n    transition: none;\n}\n\n<hr data-id=\"no-news\" \/>\n\n    #chess-box-wrap .right-box-wrap, .feature-image .right-box-wrap {\n        margin-bottom: 0!important;\n    }\n    .feature-image .row {cursor: pointer;}\n    .feature-image img {max-width: 100%; max-height: 325px;}\n    .feature-image {padding-top: 50px; padding-bottom: 50px;}\n\n                <h2>Curly<\/h2>\n                <p>                 <br \/><br \/><a href=\"https:\/\/byoghavn.dk\/nordhavn\/aktivitetsplads\/curly\/\">Se mere<\/a>                <\/p>\n                <img src='https:\/\/byoghavn.dk\/nordhavn\/wp-content\/uploads\/sites\/2\/2019\/04\/akti4-e1750679763837.jpg' alt='' class='img-fluide' \/>            \n<hr data-id=\"no-news-end\" \/>\n\n@media (max-width: 991px) {\n    .vimeo-billede-feature {\n        position: absolute;\n        top: 0;\n        left: 0;\n        width: 100%;\n        height: 100%;\n    }\n    .billede-feature-video {\n        width: 100%;\n        padding-top: 56.25%;\n    }\n}\n.feature-image .container.no-link  .row {\n    cursor: inherit!important;\n}\n.Udvidet.feature-image:hover .container.no-link img {\n    box-shadow: none;\n    transition: none;\n}\n\n<hr data-id=\"no-news\" \/>\n\n    #chess-box-wrap .right-box-wrap, .feature-image .right-box-wrap {\n        margin-bottom: 0!important;\n    }\n    .feature-image .row {cursor: pointer;}\n    .feature-image img {max-width: 100%; max-height: 325px;}\n    .feature-image {padding-top: 50px; padding-bottom: 50px;}\n\n                <img src='https:\/\/byoghavn.dk\/nordhavn\/wp-content\/uploads\/sites\/2\/2019\/04\/akti6-e1750679660276.jpg' alt='' class='img-fluide' \/>            \n                <h2>Bars<\/h2>\n                <p>                 <br \/><br \/><a href=\"https:\/\/byoghavn.dk\/nordhavn\/aktivitetsplads\/bars\/\">Se mere<\/a>                <\/p>\n<hr data-id=\"no-news-end\" \/>\n\n@media (max-width: 991px) {\n    .vimeo-billede-feature {\n        position: absolute;\n        top: 0;\n        left: 0;\n        width: 100%;\n        height: 100%;\n    }\n    .billede-feature-video {\n        width: 100%;\n        padding-top: 56.25%;\n    }\n}\n.feature-image .container.no-link  .row {\n    cursor: inherit!important;\n}\n.Udvidet.feature-image:hover .container.no-link img {\n    box-shadow: none;\n    transition: none;\n}\n\n<hr data-id=\"no-news\" \/>\n\n    #chess-box-wrap .right-box-wrap, .feature-image .right-box-wrap {\n        margin-bottom: 0!important;\n    }\n    .feature-image .row {cursor: pointer;}\n    .feature-image img {max-width: 100%; max-height: 325px;}\n    .feature-image {padding-top: 50px; padding-bottom: 50px;}\n\n                <h2>Tr\u00e6ningsprogrammer<\/h2>\n                <p>                 <br \/><br \/><a href=\"https:\/\/byoghavn.dk\/nordhavn\/aktivitetsplads\/program\/\">Se mere<\/a>                <\/p>\n                <img src='https:\/\/byoghavn.dk\/nordhavn\/wp-content\/uploads\/sites\/2\/2025\/06\/Skaermbillede-194.png' alt='' class='img-fluide' \/>            \n<hr data-id=\"no-news-end\" \/>\n\n@media (max-width: 991px) {\n    .vimeo-billede-feature {\n        position: absolute;\n        top: 0;\n        left: 0;\n        width: 100%;\n        height: 100%;\n    }\n    .billede-feature-video {\n        width: 100%;\n        padding-top: 56.25%;\n    }\n}\n.feature-image .container.no-link  .row {\n    cursor: inherit!important;\n}\n.Udvidet.feature-image:hover .container.no-link img {\n    box-shadow: none;\n    transition: none;\n}\n\n\n","protected":false},"excerpt":{"rendered":"<p>Aktivitetspladsen under h\u00f8jbanen ved Orientkaj metrostation er skabt i t\u00e6t samarbejde med elever fra Randersgade Skole og Copenhagen International School&#8230;.<\/p>\n","protected":false},"author":20,"featured_media":0,"parent":0,"menu_order":0,"comment_status":"closed","ping_status":"closed","template":"","meta":{"footnotes":""},"wf_page_folders":[],"class_list":["post-1281","page","type-page","status-publish","hentry"],"acf":[],"yoast_head":"<!-- This site is optimized with the Yoast SEO Premium plugin v15.6.2 - https:\/\/yoast.com\/wordpress\/plugins\/seo\/ -->\n<title>Aktivitetsplads - Nordhavn<\/title>\n<meta name=\"robots\" content=\"index, follow, max-snippet:-1, max-image-preview:large, max-video-preview:-1\" \/>\n<link rel=\"canonical\" href=\"https:\/\/byoghavn.dk\/nordhavn\/aktivitetsplads\/\" \/>\n<meta property=\"og:locale\" content=\"da_DK\" \/>\n<meta property=\"og:type\" content=\"article\" \/>\n<meta property=\"og:title\" content=\"Aktivitetsplads - Nordhavn\" \/>\n<meta property=\"og:description\" content=\"Aktivitetspladsen under h\u00f8jbanen ved Orientkaj metrostation er skabt i t\u00e6t samarbejde med elever fra Randersgade Skole og Copenhagen International School....\" \/>\n<meta property=\"og:url\" content=\"https:\/\/byoghavn.dk\/nordhavn\/aktivitetsplads\/\" \/>\n<meta property=\"og:site_name\" content=\"Nordhavn\" \/>\n<meta property=\"article:modified_time\" content=\"2025-06-23T11:57:28+00:00\" \/>\n<meta property=\"og:image\" content=\"https:\/\/byoghavn.dk\/havnen\/wp-content\/uploads\/sites\/5\/2019\/04\/hjemmeside-dims-1.png\" \/>\n<meta name=\"twitter:card\" content=\"summary_large_image\" \/>\n<meta name=\"twitter:label1\" content=\"Estimeret l\u00e6setid\">\n\t<meta name=\"twitter:data1\" content=\"2 minutter\">\n<script type=\"application\/ld+json\" class=\"yoast-schema-graph\">{\"@context\":\"https:\/\/schema.org\",\"@graph\":[{\"@type\":\"WebSite\",\"@id\":\"https:\/\/byoghavn.dk\/nordhavn\/#website\",\"url\":\"https:\/\/byoghavn.dk\/nordhavn\/\",\"name\":\"Nordhavn\",\"description\":\"Nordhavn\",\"potentialAction\":[{\"@type\":\"SearchAction\",\"target\":\"https:\/\/byoghavn.dk\/nordhavn\/?s={search_term_string}\",\"query-input\":\"required name=search_term_string\"}],\"inLanguage\":\"da-DK\"},{\"@type\":\"ImageObject\",\"@id\":\"https:\/\/byoghavn.dk\/nordhavn\/aktivitetsplads\/#primaryimage\",\"inLanguage\":\"da-DK\",\"url\":\"https:\/\/byoghavn.dk\/havnen\/wp-content\/uploads\/sites\/5\/2019\/04\/hjemmeside-dims-1.png\"},{\"@type\":\"WebPage\",\"@id\":\"https:\/\/byoghavn.dk\/nordhavn\/aktivitetsplads\/#webpage\",\"url\":\"https:\/\/byoghavn.dk\/nordhavn\/aktivitetsplads\/\",\"name\":\"Aktivitetsplads - Nordhavn\",\"isPartOf\":{\"@id\":\"https:\/\/byoghavn.dk\/nordhavn\/#website\"},\"primaryImageOfPage\":{\"@id\":\"https:\/\/byoghavn.dk\/nordhavn\/aktivitetsplads\/#primaryimage\"},\"datePublished\":\"2025-05-16T08:21:15+00:00\",\"dateModified\":\"2025-06-23T11:57:28+00:00\",\"inLanguage\":\"da-DK\",\"potentialAction\":[{\"@type\":\"ReadAction\",\"target\":[\"https:\/\/byoghavn.dk\/nordhavn\/aktivitetsplads\/\"]}]}]}<\/script>\n<!-- \/ Yoast SEO Premium plugin. -->","_links":{"self":[{"href":"https:\/\/byoghavn.dk\/nordhavn\/wp-json\/wp\/v2\/pages\/1281","targetHints":{"allow":["GET"]}}],"collection":[{"href":"https:\/\/byoghavn.dk\/nordhavn\/wp-json\/wp\/v2\/pages"}],"about":[{"href":"https:\/\/byoghavn.dk\/nordhavn\/wp-json\/wp\/v2\/types\/page"}],"author":[{"embeddable":true,"href":"https:\/\/byoghavn.dk\/nordhavn\/wp-json\/wp\/v2\/users\/20"}],"replies":[{"embeddable":true,"href":"https:\/\/byoghavn.dk\/nordhavn\/wp-json\/wp\/v2\/comments?post=1281"}],"version-history":[{"count":4,"href":"https:\/\/byoghavn.dk\/nordhavn\/wp-json\/wp\/v2\/pages\/1281\/revisions"}],"predecessor-version":[{"id":1342,"href":"https:\/\/byoghavn.dk\/nordhavn\/wp-json\/wp\/v2\/pages\/1281\/revisions\/1342"}],"wp:attachment":[{"href":"https:\/\/byoghavn.dk\/nordhavn\/wp-json\/wp\/v2\/media?parent=1281"}],"wp:term":[{"taxonomy":"wf_page_folders","embeddable":true,"href":"https:\/\/byoghavn.dk\/nordhavn\/wp-json\/wp\/v2\/wf_page_folders?post=1281"}],"curies":[{"name":"wp","href":"https:\/\/api.w.org\/{rel}","templated":true}]}}