{"id":3209,"date":"2025-04-28T14:32:20","date_gmt":"2025-04-28T14:32:20","guid":{"rendered":"https:\/\/byoghavn.dk\/lynetteholm\/?page_id=3209"},"modified":"2025-04-29T08:31:08","modified_gmt":"2025-04-29T08:31:08","slug":"gaatur-2025","status":"publish","type":"page","link":"https:\/\/byoghavn.dk\/lynetteholm\/kystlandskab\/gaatur-2025\/","title":{"rendered":"G\u00e5tur 2025"},"content":{"rendered":"\n\n        <!-- Video-wrapper til visning af video -->\n                    \n            \n\n\/* Standard styling for vimeo-wrapper i ingen-kasser *\/\nbody .ingen-kasser .vimeo-wrapper {\n    position: absolute;\n    height: 50vw;\n    min-height: 50vw;\n    padding: 0;\n}\n\/* Standard styling for hero-4 i ingen-kasser *\/\nbody #hero-4.ingen-kasser {\n    height: 50vw;\n    min-height: 50vw;\n    padding: 0;\n}\n\/* Center-align for align-self-end *\/\nbody #hero-4.ingen-kasser .align-self-end {\n    align-self: center;\n}\n\/* Mobiltilpasning *\/\n@media (max-width: 768px) {\n    body .ingen-kasser .vimeo-wrapper {\n        position: absolute;\n        height: 70vw;\n        min-height: 70vw;\n        padding: 0;\n    }\n    body #hero-4.ingen-kasser {\n        height: 70vw;\n        min-height: 70vw;\n        padding: 0;\n    }\n}\n.vimeo-wrapper {\n    position: relative;\n    top: 0;\n    left: 0;\n    width: 100%;\n    height: 100%;\n    z-index: -1;\n    pointer-events: none;\n    overflow: hidden;\n    min-height: calc(100vh &#8211; 38px);\n}\n.vimeo-wrapper iframe, .vimeo-wrapper video {\n    position: absolute;\n    top: 50%;\n    left: 50%;\n    transform: translate(-50%, -50%);\n    opacity: 0;\n    transition: opacity 0.2s ease-in;\n}\n.vimeo-wrapper iframe.ready, .vimeo-wrapper video.ready{\n    opacity: 1; \n}\n#hero-4 .link-box, .hero-content-bg .link-box { margin-bottom: 0; }\n@media (max-width: 575px) {\n    .hero-content-bg img, #hero-4 img {\n        max-height: unset;\n        object-fit: cover;\n    }\n    #hero-4 .same-width-boxes .big-box .link-box {\n        padding-bottom: 30px;\n    }\n    #hero-4 .same-width-boxes .top-streg.big-box .link-box {\n        padding-top: 30px;\n        padding-bottom: 10px;\n    }\n}\n\n\t\t\t<a href=\"https:\/\/billetto.dk\/e\/kom-med-pa-arets-gatur-pa-lynetteholm-billetter-1272860?utm_source=organiser&#038;utm_medium=share&#038;utm_campaign=copy_link&#038;utm_content=2\" target=\"_blank\" rel=\"noopener\">\n\t\t\t\t\t\tTilmeld dig g\u00e5tur kl. 10.00\n\t\t\t\t\t<\/a>\n\t\t\t<a href=\"https:\/\/billetto.dk\/e\/kom-med-pa-arets-gatur-pa-lynetteholm-billetter-1272920?utm_source=organiser&#038;utm_medium=share&#038;utm_campaign=copy_link&#038;utm_content=2\" target=\"_blank\" rel=\"noopener\">\n\t\t\t\t\t\tTilmeld dig g\u00e5tur kl. 11.00\n\t\t\t\t\t<\/a>\n\t\t\t<a href=\"https:\/\/billetto.dk\/e\/kom-med-pa-arets-gatur-pa-lynetteholm-billetter-1272923?utm_source=organiser&#038;utm_medium=share&#038;utm_campaign=copy_link&#038;utm_content=2\" target=\"_blank\" rel=\"noopener\">\n\t\t\t\t\t\tTilmeld dig g\u00e5tur kl. 12.00\n\t\t\t\t\t<\/a>\n        <h2 id=\"event-page-heading\">Kom med p\u00e5 \u00e5rets g\u00e5tur p\u00e5 Lynetteholm<\/h2><h2>S\u00f8ndag 25. maj inviterer By &amp; Havn igen p\u00e5 g\u00e5tur p\u00e5 Lynetteholm, K\u00f8benhavns kommende halv\u00f8 og stormflodssikring. Arrangementet er gratis og giver en unik mulighed for at g\u00e5 p\u00e5 kanten af Lynetteholms voksende stend\u00e6mning med udsigt til \u00d8resund.<\/h2><p>Som en del af arrangementet f\u00e5r du ogs\u00e5 mulighed for at komme med i &#8216;maskinrummet&#8217; for udviklingen af Lynetteholms fremtidige kystlandskab og give dine input til allerf\u00f8rste etape af kystlandskabet, som skal plantes og etableres i l\u00f8bet af de kommende \u00e5r. Dialogen gennemf\u00f8res i samarbejde med K\u00f8benhavns Kommune, der ogs\u00e5 vil v\u00e6re til stede p\u00e5 dagen.\u00a0Kom og oplev:<ul><li><strong>Tre forskellige g\u00e5ture p\u00e5 Lynetteholm\u00a0<\/strong>&#8211; hvor du ser K\u00f8benhavn og \u00d8resund fra helt nye vinkler<\/li><li><strong>Pop-up dialogv\u00e6rksted<\/strong>\u00a0&#8211; kom med dine input til f\u00f8rste etape af Lynetteholms kystlandskab<\/li><li><strong>Miniudstilling<\/strong>\u00a0&#8211; om f\u00f8rste etape af kystlandskabet, der \u00e5bner i 2029 \u200b<\/li><li><strong>Masser af viden\u00a0<\/strong>&#8211; om anl\u00e6gsprojektet og fremdrift<\/li><li><strong>Gratis p\u00f8lsebod og kaffevogn\u00a0<\/strong>&#8211; mens du hviler f\u00f8dderne\u200b<\/li><li><strong>Sp\u00f8rgeboder\u00a0<\/strong>&#8211; det, du g\u00e5r og t\u00e6nker p\u00e5\u200b<\/li><li><strong>Bes\u00f8g i de store maskiner\u00a0<\/strong>&#8211; for b\u00e5de b\u00f8rn og voksne<\/li><li><strong>B\u00f8rnehj\u00f8rne<\/strong>\u00a0&#8211; tegn dit dr\u00f8mmekystlandskab\u200b<\/li><\/ul>Tilmelding via de gr\u00f8nne bokse \u00f8verst p\u00e5 siden. V\u00e6r opm\u00e6rksom p\u00e5, at du via Billetto kan tilmelde dig ankomst kl. 10, 11 eller 12.\u00a0<\/p>    \n\n","protected":false},"excerpt":{"rendered":"<p>\/* Standard styling for vimeo-wrapper i ingen-kasser *\/ body .ingen-kasser .vimeo-wrapper { position: absolute; height: 50vw; min-height: 50vw; padding: 0;&#8230;<\/p>\n","protected":false},"author":20,"featured_media":0,"parent":3119,"menu_order":0,"comment_status":"closed","ping_status":"closed","template":"","meta":{"footnotes":""},"wf_page_folders":[],"class_list":["post-3209","page","type-page","status-publish","hentry"],"acf":[],"yoast_head":"<!-- This site is optimized with the Yoast SEO Premium plugin v15.6.2 - https:\/\/yoast.com\/wordpress\/plugins\/seo\/ -->\n<title>G\u00e5tur 2025 - Lynetteholm<\/title>\n<meta name=\"robots\" content=\"index, follow, max-snippet:-1, max-image-preview:large, max-video-preview:-1\" \/>\n<link rel=\"canonical\" href=\"https:\/\/byoghavn.dk\/lynetteholm\/kystlandskab\/gaatur-2025\/\" \/>\n<meta property=\"og:locale\" content=\"da_DK\" \/>\n<meta property=\"og:type\" content=\"article\" \/>\n<meta property=\"og:title\" content=\"G\u00e5tur 2025 - Lynetteholm\" \/>\n<meta property=\"og:description\" content=\"\/* Standard styling for vimeo-wrapper i ingen-kasser *\/ body .ingen-kasser .vimeo-wrapper { position: absolute; height: 50vw; min-height: 50vw; padding: 0;...\" \/>\n<meta property=\"og:url\" content=\"https:\/\/byoghavn.dk\/lynetteholm\/kystlandskab\/gaatur-2025\/\" \/>\n<meta property=\"og:site_name\" content=\"Lynetteholm\" \/>\n<meta property=\"article:modified_time\" content=\"2025-04-29T08:31:08+00:00\" \/>\n<meta name=\"twitter:card\" content=\"summary_large_image\" \/>\n<meta name=\"twitter:label1\" content=\"Estimeret l\u00e6setid\">\n\t<meta name=\"twitter:data1\" content=\"2 minutter\">\n<script type=\"application\/ld+json\" class=\"yoast-schema-graph\">{\"@context\":\"https:\/\/schema.org\",\"@graph\":[{\"@type\":\"WebSite\",\"@id\":\"https:\/\/byoghavn.dk\/lynetteholm\/#website\",\"url\":\"https:\/\/byoghavn.dk\/lynetteholm\/\",\"name\":\"Lynetteholm\",\"description\":\"Lynetteholm\",\"potentialAction\":[{\"@type\":\"SearchAction\",\"target\":\"https:\/\/byoghavn.dk\/lynetteholm\/?s={search_term_string}\",\"query-input\":\"required name=search_term_string\"}],\"inLanguage\":\"da-DK\"},{\"@type\":\"WebPage\",\"@id\":\"https:\/\/byoghavn.dk\/lynetteholm\/kystlandskab\/gaatur-2025\/#webpage\",\"url\":\"https:\/\/byoghavn.dk\/lynetteholm\/kystlandskab\/gaatur-2025\/\",\"name\":\"G\\u00e5tur 2025 - Lynetteholm\",\"isPartOf\":{\"@id\":\"https:\/\/byoghavn.dk\/lynetteholm\/#website\"},\"datePublished\":\"2025-04-28T14:32:20+00:00\",\"dateModified\":\"2025-04-29T08:31:08+00:00\",\"inLanguage\":\"da-DK\",\"potentialAction\":[{\"@type\":\"ReadAction\",\"target\":[\"https:\/\/byoghavn.dk\/lynetteholm\/kystlandskab\/gaatur-2025\/\"]}]}]}<\/script>\n<!-- \/ Yoast SEO Premium plugin. -->","_links":{"self":[{"href":"https:\/\/byoghavn.dk\/lynetteholm\/wp-json\/wp\/v2\/pages\/3209","targetHints":{"allow":["GET"]}}],"collection":[{"href":"https:\/\/byoghavn.dk\/lynetteholm\/wp-json\/wp\/v2\/pages"}],"about":[{"href":"https:\/\/byoghavn.dk\/lynetteholm\/wp-json\/wp\/v2\/types\/page"}],"author":[{"embeddable":true,"href":"https:\/\/byoghavn.dk\/lynetteholm\/wp-json\/wp\/v2\/users\/20"}],"replies":[{"embeddable":true,"href":"https:\/\/byoghavn.dk\/lynetteholm\/wp-json\/wp\/v2\/comments?post=3209"}],"version-history":[{"count":8,"href":"https:\/\/byoghavn.dk\/lynetteholm\/wp-json\/wp\/v2\/pages\/3209\/revisions"}],"predecessor-version":[{"id":3238,"href":"https:\/\/byoghavn.dk\/lynetteholm\/wp-json\/wp\/v2\/pages\/3209\/revisions\/3238"}],"up":[{"embeddable":true,"href":"https:\/\/byoghavn.dk\/lynetteholm\/wp-json\/wp\/v2\/pages\/3119"}],"wp:attachment":[{"href":"https:\/\/byoghavn.dk\/lynetteholm\/wp-json\/wp\/v2\/media?parent=3209"}],"wp:term":[{"taxonomy":"wf_page_folders","embeddable":true,"href":"https:\/\/byoghavn.dk\/lynetteholm\/wp-json\/wp\/v2\/wf_page_folders?post=3209"}],"curies":[{"name":"wp","href":"https:\/\/api.w.org\/{rel}","templated":true}]}}