{"id":1830,"date":"2023-05-19T10:22:58","date_gmt":"2023-05-19T10:22:58","guid":{"rendered":"https:\/\/byoghavn.dk\/lynetteholm\/?page_id=1830"},"modified":"2023-05-21T07:57:52","modified_gmt":"2023-05-21T07:57:52","slug":"holdet-bag-lynetteholm","status":"publish","type":"page","link":"https:\/\/byoghavn.dk\/lynetteholm\/holdet-bag-lynetteholm\/","title":{"rendered":"Holdet bag Lynetteholm"},"content":{"rendered":"\n<header id=\"hero-3\">\n           <h1>M\u00f8d holdet bag Lynetteholm<\/h1>\n<\/header>\n<img decoding=\"async\" src=\"https:\/\/byoghavn.dk\/lynetteholm\/wp-content\/themes\/BOH\/images\/footer-gray-triangle.svg\" alt=\"\">\n        <p>I videoerne herunder kan du m\u00f8de nogle f\u00e5 af de mange mennesker, der hver dag arbejder for at etablere Lynetteholm. Klik p\u00e5 videoerne for at se korte interviews med medarbejderne.<\/p>    \n    <iframe src=\"https:\/\/byoghavn.dk\/udstilling-1\/\"><\/iframe>\n\t\t\t\t<img loading=\"lazy\" decoding=\"async\" src=\"https:\/\/byoghavn.dk\/lynetteholm\/wp-content\/uploads\/sites\/7\/2023\/05\/dk.png\" alt=\"dk\" itemprop=\"image\" height=\"90\" width=\"150\" title=\"dk\" onerror=\"this.style.display='none'\">\n        <h3><em>Temaer i udstillingen<\/em><\/h3><ol><li><em><strong><a href=\"https:\/\/byoghavn.dk\/lynetteholm\/verdenshavene-stiger\/\">Verdenshavene stiger<\/a><\/strong><\/em><\/li><li><em><strong><a href=\"https:\/\/byoghavn.dk\/lynetteholm\/koebenhavns-opfyld-og-hvad-det-bliver-brugt-til\/\">K\u00f8benhavns opfyld<\/a><\/strong><\/em><\/li><li><em><strong><a href=\"https:\/\/byoghavn.dk\/lynetteholm\/koebenhavns-nye-halvoe\/\">K\u00f8benhavns nye halv\u00f8<\/a><\/strong><\/em><\/li><li><a href=\"https:\/\/byoghavn.dk\/lynetteholm\/miljoe-og-nye-levesteder\/\"><em><strong>Milj\u00f8 og nye levesteder under havoverfladen<\/strong><\/em><\/a><\/li><li><a href=\"https:\/\/byoghavn.dk\/lynetteholm\/holdet-bag-lynetteholm\/\"><em><strong>Holdet bag Lynetteholm<\/strong><\/em><\/a><\/li><li><em><strong><a href=\"https:\/\/byoghavn.dk\/lynetteholm\/kystlandskab-som-stormflodssikring-en-saerudstilling-om-lynetteholm\/\">Kystlandskab som stormflodssikring<\/a><\/strong><\/em><\/li><li><a href=\"https:\/\/byoghavn.dk\/lynetteholm\/den-rette-jord-arkaeologiske-undersoegelser-og-dybvandsbomber\/\"><em><strong>Den rette jord, ark\u00e6ologiske unders\u00f8gelser og dybvandsbomber<\/strong><\/em><\/a><\/li><\/ol>    \n\t\t\t\t<img loading=\"lazy\" decoding=\"async\" src=\"https:\/\/byoghavn.dk\/lynetteholm\/wp-content\/uploads\/sites\/7\/2023\/05\/uk.png\" alt=\"uk\" itemprop=\"image\" height=\"90\" width=\"150\" title=\"uk\" onerror=\"this.style.display='none'\">\n        <h3><em>Themes of the exhibition<\/em><\/h3><ol><li><em><strong><a href=\"https:\/\/byoghavn.dk\/lynetteholm\/the-worlds-sea-levels-are-rising_eng\/\">The world\u2019s sea levels are rising<\/a><\/strong><\/em><\/li><li><em><strong><a href=\"https:\/\/byoghavn.dk\/lynetteholm\/koebenhavns-opfyld-og-hvad-det-bliver-brugt-til_eng\/\">Copenhagen\u2019s reclaimed land<\/a><\/strong><\/em><\/li><li><em><strong><a href=\"https:\/\/byoghavn.dk\/lynetteholm\/koebenhavns-nye-halvoe_eng-2\/\">Copenhagen\u2019s new peninsular<\/a><\/strong><\/em><\/li><li><a href=\"https:\/\/byoghavn.dk\/lynetteholm\/miljoe-og-nye-levesteder_eng\/\"><em><strong>Environment and new habitats below sea level<\/strong><\/em><\/a><\/li><li><a href=\"https:\/\/byoghavn.dk\/lynetteholm\/holdet-bag-lynetteholm_eng\"><em><strong>The team behind Lynetteholm<\/strong><\/em><\/a><\/li><li><em><strong><a href=\"https:\/\/byoghavn.dk\/lynetteholm\/kystlandskab-som-stormflodssikring-en-saerudstilling-om-lynetteholm_eng\/\">Coastal landscape as storm-surge protection<\/a><\/strong><\/em><\/li><li><a href=\"https:\/\/byoghavn.dk\/lynetteholm\/den-rette-jord-arkaeologiske-undersoegelser-og-dybvandsbomber-2\/\"><em><strong>The right soil, archaeological investigations and deep water bombs<\/strong><\/em><\/a><\/li><\/ol>    \n\n","protected":false},"excerpt":{"rendered":"<p>I videoerne herunder kan du m\u00f8de nogle f\u00e5 af de mange mennesker, der hver dag arbejder for at etablere Lynetteholm&#8230;.<\/p>\n","protected":false},"author":4,"featured_media":0,"parent":0,"menu_order":0,"comment_status":"closed","ping_status":"closed","template":"","meta":{"footnotes":""},"wf_page_folders":[15],"class_list":["post-1830","page","type-page","status-publish","hentry"],"acf":[],"yoast_head":"<!-- This site is optimized with the Yoast SEO Premium plugin v15.6.2 - https:\/\/yoast.com\/wordpress\/plugins\/seo\/ -->\n<title>Holdet bag Lynetteholm - Lynetteholm<\/title>\n<meta name=\"robots\" content=\"index, follow, max-snippet:-1, max-image-preview:large, max-video-preview:-1\" \/>\n<link rel=\"canonical\" href=\"https:\/\/byoghavn.dk\/lynetteholm\/holdet-bag-lynetteholm\/\" \/>\n<meta property=\"og:locale\" content=\"da_DK\" \/>\n<meta property=\"og:type\" content=\"article\" \/>\n<meta property=\"og:title\" content=\"Holdet bag Lynetteholm - Lynetteholm\" \/>\n<meta property=\"og:description\" content=\"I videoerne herunder kan du m\u00f8de nogle f\u00e5 af de mange mennesker, der hver dag arbejder for at etablere Lynetteholm....\" \/>\n<meta property=\"og:url\" content=\"https:\/\/byoghavn.dk\/lynetteholm\/holdet-bag-lynetteholm\/\" \/>\n<meta property=\"og:site_name\" content=\"Lynetteholm\" \/>\n<meta property=\"article:modified_time\" content=\"2023-05-21T07:57:52+00:00\" \/>\n<meta property=\"og:image\" content=\"https:\/\/byoghavn.dk\/lynetteholm\/wp-content\/themes\/BOH\/images\/footer-gray-triangle.svg\" \/>\n<meta name=\"twitter:card\" content=\"summary_large_image\" \/>\n<meta name=\"twitter:label1\" content=\"Estimeret l\u00e6setid\">\n\t<meta name=\"twitter:data1\" content=\"1 minut\">\n<script type=\"application\/ld+json\" class=\"yoast-schema-graph\">{\"@context\":\"https:\/\/schema.org\",\"@graph\":[{\"@type\":\"WebSite\",\"@id\":\"https:\/\/byoghavn.dk\/lynetteholm\/#website\",\"url\":\"https:\/\/byoghavn.dk\/lynetteholm\/\",\"name\":\"Lynetteholm\",\"description\":\"Lynetteholm\",\"potentialAction\":[{\"@type\":\"SearchAction\",\"target\":\"https:\/\/byoghavn.dk\/lynetteholm\/?s={search_term_string}\",\"query-input\":\"required name=search_term_string\"}],\"inLanguage\":\"da-DK\"},{\"@type\":\"ImageObject\",\"@id\":\"https:\/\/byoghavn.dk\/lynetteholm\/holdet-bag-lynetteholm\/#primaryimage\",\"inLanguage\":\"da-DK\",\"url\":\"https:\/\/byoghavn.dk\/lynetteholm\/wp-content\/themes\/BOH\/images\/footer-gray-triangle.svg\"},{\"@type\":\"WebPage\",\"@id\":\"https:\/\/byoghavn.dk\/lynetteholm\/holdet-bag-lynetteholm\/#webpage\",\"url\":\"https:\/\/byoghavn.dk\/lynetteholm\/holdet-bag-lynetteholm\/\",\"name\":\"Holdet bag Lynetteholm - Lynetteholm\",\"isPartOf\":{\"@id\":\"https:\/\/byoghavn.dk\/lynetteholm\/#website\"},\"primaryImageOfPage\":{\"@id\":\"https:\/\/byoghavn.dk\/lynetteholm\/holdet-bag-lynetteholm\/#primaryimage\"},\"datePublished\":\"2023-05-19T10:22:58+00:00\",\"dateModified\":\"2023-05-21T07:57:52+00:00\",\"inLanguage\":\"da-DK\",\"potentialAction\":[{\"@type\":\"ReadAction\",\"target\":[\"https:\/\/byoghavn.dk\/lynetteholm\/holdet-bag-lynetteholm\/\"]}]}]}<\/script>\n<!-- \/ Yoast SEO Premium plugin. -->","_links":{"self":[{"href":"https:\/\/byoghavn.dk\/lynetteholm\/wp-json\/wp\/v2\/pages\/1830","targetHints":{"allow":["GET"]}}],"collection":[{"href":"https:\/\/byoghavn.dk\/lynetteholm\/wp-json\/wp\/v2\/pages"}],"about":[{"href":"https:\/\/byoghavn.dk\/lynetteholm\/wp-json\/wp\/v2\/types\/page"}],"author":[{"embeddable":true,"href":"https:\/\/byoghavn.dk\/lynetteholm\/wp-json\/wp\/v2\/users\/4"}],"replies":[{"embeddable":true,"href":"https:\/\/byoghavn.dk\/lynetteholm\/wp-json\/wp\/v2\/comments?post=1830"}],"version-history":[{"count":13,"href":"https:\/\/byoghavn.dk\/lynetteholm\/wp-json\/wp\/v2\/pages\/1830\/revisions"}],"predecessor-version":[{"id":1851,"href":"https:\/\/byoghavn.dk\/lynetteholm\/wp-json\/wp\/v2\/pages\/1830\/revisions\/1851"}],"wp:attachment":[{"href":"https:\/\/byoghavn.dk\/lynetteholm\/wp-json\/wp\/v2\/media?parent=1830"}],"wp:term":[{"taxonomy":"wf_page_folders","embeddable":true,"href":"https:\/\/byoghavn.dk\/lynetteholm\/wp-json\/wp\/v2\/wf_page_folders?post=1830"}],"curies":[{"name":"wp","href":"https:\/\/api.w.org\/{rel}","templated":true}]}}