{"id":1627,"date":"2023-05-18T07:22:27","date_gmt":"2023-05-18T07:22:27","guid":{"rendered":"https:\/\/byoghavn.dk\/lynetteholm\/?page_id=1627"},"modified":"2025-10-01T13:09:34","modified_gmt":"2025-10-01T13:09:34","slug":"kystlandskab-som-stormflodssikring-en-saerudstilling-om-lynetteholm","status":"publish","type":"page","link":"https:\/\/byoghavn.dk\/lynetteholm\/kystlandskab-som-stormflodssikring-en-saerudstilling-om-lynetteholm\/","title":{"rendered":"Kystlandskab som stormflodssikring &#8211; en s\u00e6rudstilling om Lynetteholm"},"content":{"rendered":"\n<header id=\"hero-3\">\n           <h1>Kystlandskab som stormflodssikring<\/h1>\n<\/header>\n<hr data-id=\"no-news\">\n<a href=\"https:\/\/byoghavn.dk\/app\/\"><img decoding=\"async\" src=\"https:\/\/byoghavn.dk\/havnen\/wp-content\/uploads\/sites\/5\/2019\/04\/hjemmeside-dims-1.png\"><\/a>\n<img decoding=\"async\" src=\"https:\/\/byoghavn.dk\/lynetteholm\/wp-content\/themes\/BOH\/images\/footer-gray-triangle.svg\" alt=\"\">\n<hr data-id=\"js-nonews-end\">\n        <p>Med Lynetteholm vil stend\u00e6mninger og et varieret kystlandskab v\u00e6re med til at d\u00e6mme op for fremtidens havvandstigninger.\u00a0<\/p>    \n\t\t\t\t<img decoding=\"async\" src=\"https:\/\/byoghavn.dk\/lynetteholm\/wp-content\/uploads\/sites\/7\/2022\/03\/Kystlandskab_1080.jpg\" alt=\"Kystlandskab_1080\" itemprop=\"image\" height=\"1080\" width=\"1920\" title=\"Kystlandskab_1080\" onerror=\"this.style.display='none'\" loading=\"lazy\">\n        <p>Lynetteholms kant mod \u00d8resund bliver anlagt som en bugtet kystlinje. Hvis man g\u00e5r i langs den bugtede kyst, er turen 4,7 km. M\u00e5lt i fugleflugt bliver kystlandskabet 2,7 km langt.Designet hedder naturbaseret stormflodssikring.\u00a0<\/p><h3>Plads til natur og mennesker<\/h3>\u00a0Med hj\u00e6lp fra en bred vifte af fageksperter har By &amp; Havn udviklet et kystlandskab med\u2026\u00a0    \n        <p><strong>Naturv\u00e6rdi<\/strong><\/p>    \n\t\t\t\t<img decoding=\"async\" src=\"https:\/\/byoghavn.dk\/lynetteholm\/wp-content\/uploads\/sites\/7\/2023\/05\/vindmoller.jpg\" alt=\"vindmoller\" itemprop=\"image\" height=\"2533\" width=\"4128\" title=\"vindmoller\" onerror=\"this.style.display='none'\" loading=\"lazy\">\n        <ul><li>h\u00f8j biodiversitet\u00a0<\/li><li>danske naturtyper\u00a0<\/li><li>store sammenh\u00e6ngende landskabsrum\u00a0<\/li><li>natur i konstant udvikling\u00a0<\/li><\/ul>    \n        <p><strong>Rekreativ v\u00e6rdi<\/strong><\/p>    \n\t\t\t\t<img decoding=\"async\" src=\"https:\/\/byoghavn.dk\/lynetteholm\/wp-content\/uploads\/sites\/7\/2023\/05\/saelen.jpg\" alt=\"saelen\" itemprop=\"image\" height=\"3262\" width=\"5471\" title=\"saelen\" onerror=\"this.style.display='none'\" loading=\"lazy\">\n        <ul><li>adgang til kystlandskabet\u00a0<\/li><li>sanselige oplevelser\u00a0<\/li><li>et varierende landskab\u00a0<\/li><li>oplevelse af d\u00f8gnet\u00a0og \u00e5rstidernes skiften\u00a0<\/li><\/ul>    \n        <h3>Fra lodret kajkant til \u00e5ben kyst<\/h3><p>I stedet for lodrette kanter, som vi kender fra K\u00f8benhavns gamle havneindustriomr\u00e5der, bliver Lynetteholms kant anlagt som et \u00e5bent kystlandskab. En \u2018usynlig\u2019 m\u00e5de at stormflodssikre p\u00e5, der g\u00f8r det muligt for k\u00f8benhavnerne at komme t\u00e6t p\u00e5 vandet.\u00a0En lodret kant f\u00e5r b\u00f8lgerne til at sl\u00e5 h\u00f8jt op. En flad kyst tr\u00e6kker kraften ud af b\u00f8lgerne. Lynetteholms stormflodssikring (perimeteren) kan derfor bygges markant lavere, end hvis Lynetteholms kant var lodret.\u00a0<strong>Lodret kant:<\/strong><\/p>    \n\t\t\t\t<img decoding=\"async\" src=\"https:\/\/byoghavn.dk\/lynetteholm\/wp-content\/uploads\/sites\/7\/2023\/05\/20210318_Spuns_2055.jpg\" alt=\"20210318_Spuns_2055\" itemprop=\"image\" height=\"3508\" width=\"4961\" title=\"20210318_Spuns_2055\" onerror=\"this.style.display='none'\" loading=\"lazy\">\n\t\t\t\t<img decoding=\"async\" src=\"https:\/\/byoghavn.dk\/lynetteholm\/wp-content\/uploads\/sites\/7\/2023\/05\/4.png\" alt=\"4\" itemprop=\"image\" height=\"204\" width=\"253\" title=\"4\" onerror=\"this.style.display='none'\" loading=\"lazy\">\n\t\t\t\t<img decoding=\"async\" src=\"https:\/\/byoghavn.dk\/lynetteholm\/wp-content\/uploads\/sites\/7\/2023\/05\/20210318_Spuns_2200.jpg\" alt=\"20210318_Spuns_2200\" itemprop=\"image\" height=\"3508\" width=\"4961\" title=\"20210318_Spuns_2200\" onerror=\"this.style.display='none'\" loading=\"lazy\">\n        <p>Der vil l\u00f8bende blive behov for at h\u00e6ve kajkanten i takt med, at vandstanden stiger. Det vil skabe en st\u00f8rre barriere til vandet.\u00a0\u00a0<strong>Flad kyst:<\/strong><\/p>    \n\t\t\t\t<img decoding=\"async\" src=\"https:\/\/byoghavn.dk\/lynetteholm\/wp-content\/uploads\/sites\/7\/2023\/05\/20210226_Sandstrand_20-aar.jpg\" alt=\"20210226_Sandstrand_20 \u00e5r\" itemprop=\"image\" height=\"3508\" width=\"4961\" title=\"20210226_Sandstrand_20 \u00e5r\" onerror=\"this.style.display='none'\" loading=\"lazy\">\n\t\t\t\t<img decoding=\"async\" src=\"https:\/\/byoghavn.dk\/lynetteholm\/wp-content\/uploads\/sites\/7\/2023\/05\/4.png\" alt=\"4\" itemprop=\"image\" height=\"204\" width=\"253\" title=\"4\" onerror=\"this.style.display='none'\" loading=\"lazy\">\n\t\t\t\t<img decoding=\"async\" src=\"https:\/\/byoghavn.dk\/lynetteholm\/wp-content\/uploads\/sites\/7\/2023\/05\/20210226_Sandstrand_-2200.jpg\" alt=\"20210226_Sandstrand_ 2200\" itemprop=\"image\" height=\"3508\" width=\"4961\" title=\"20210226_Sandstrand_ 2200\" onerror=\"this.style.display='none'\" loading=\"lazy\">\n        <p>Kystlandskabet kan efter bEhov forh\u00f8jes lokalt, s\u00e5 stormflodssikringen bliver st\u00e6rkere, uden det skaber en st\u00f8rre barriere til vandet.\u00a0<\/p>    \n        <h3>Landskabsudvikling over tid\u00a0<\/h3><p>\u00a0Tid er en afg\u00f8rende faktor for at udvikle robust beplantning.\u00a0Kystlandskabets f\u00f8rste beplantning \u2013 herunder tr\u00e6er \u2013 s\u00e5s fra fr\u00f8. Det betyder, at De spirer i det milj\u00f8, som de skal vokse op i, og det giver stormfaste tr\u00e6er og skove.\u00a0<\/p>    \n        <p><strong>1 \u00e5r efter anl\u00e6ggelse\u00a0<\/strong><\/p>    \n\t\t\t\t<img decoding=\"async\" src=\"https:\/\/byoghavn.dk\/lynetteholm\/wp-content\/uploads\/sites\/7\/2023\/05\/20210224_Skov-1-m-hoej.jpg\" alt=\"20210224_Skov 1 m h\u00f8j\" itemprop=\"image\" height=\"3929\" width=\"5556\" title=\"20210224_Skov 1 m h\u00f8j\" onerror=\"this.style.display='none'\" loading=\"lazy\">\n        <p>\u00a0Stend\u00e6mning:\u00a0<\/p><ul><li>H\u00f8jtliggende terr\u00e6n\u00a0<\/li><li>S\u00e5et skov\u00a0<\/li><\/ul>    \n\t\t\t\t<img decoding=\"async\" src=\"https:\/\/byoghavn.dk\/lynetteholm\/wp-content\/uploads\/sites\/7\/2023\/05\/4.png\" alt=\"4\" itemprop=\"image\" height=\"204\" width=\"253\" title=\"4\" onerror=\"this.style.display='none'\" loading=\"lazy\">\n        <p><strong>Cirka 20 \u00e5r senere\u2026<\/strong><\/p>    \n\t\t\t\t<img decoding=\"async\" src=\"https:\/\/byoghavn.dk\/lynetteholm\/wp-content\/uploads\/sites\/7\/2023\/05\/20210224_Skov_5-6-m-hoej_ca-20-vaekstsaeson.jpg\" alt=\"20210224_Skov_5-6 m h\u00f8j_ca 20 v\u00e6ksts\u00e6son\" itemprop=\"image\" height=\"3929\" width=\"5556\" title=\"20210224_Skov_5-6 m h\u00f8j_ca 20 v\u00e6ksts\u00e6son\" onerror=\"this.style.display='none'\" loading=\"lazy\">\n        <p>Den forventede udvikling af skov<\/p>    \n        <p><strong>1 \u00e5r efter anl\u00e6ggelse\u00a0 <\/strong><\/p>    \n\t\t\t\t<img decoding=\"async\" src=\"https:\/\/byoghavn.dk\/lynetteholm\/wp-content\/uploads\/sites\/7\/2023\/05\/20210318_Sandstrand_-0-aar.jpg\" alt=\"20210318_Sandstrand_ 0 \u00e5r\" itemprop=\"image\" height=\"3508\" width=\"4961\" title=\"20210318_Sandstrand_ 0 \u00e5r\" onerror=\"this.style.display='none'\" loading=\"lazy\">\n        <p>Sandstrand:\u00a0<\/p><ul><li>\u00c5bent land\u00a0<\/li><li>S\u00e5et vegetation\u00a0<\/li><\/ul>    \n\t\t\t\t<img decoding=\"async\" src=\"https:\/\/byoghavn.dk\/lynetteholm\/wp-content\/uploads\/sites\/7\/2023\/05\/4.png\" alt=\"4\" itemprop=\"image\" height=\"204\" width=\"253\" title=\"4\" onerror=\"this.style.display='none'\" loading=\"lazy\">\n        <p><strong>Cirka 20 \u00e5r senere\u2026<\/strong><\/p>    \n\t\t\t\t<img decoding=\"async\" src=\"https:\/\/byoghavn.dk\/lynetteholm\/wp-content\/uploads\/sites\/7\/2023\/05\/20210226_Sandstrand_20-aar.jpg\" alt=\"20210226_Sandstrand_20 \u00e5r\" itemprop=\"image\" height=\"3508\" width=\"4961\" title=\"20210226_Sandstrand_20 \u00e5r\" onerror=\"this.style.display='none'\" loading=\"lazy\">\n        <p>Den forventede udvikling til overdrev med krat og enkeltst\u00e5ende buske og tr\u00e6er\u00a0<\/p>    \n        <p><strong>1 \u00e5r efter anl\u00e6ggelse\u00a0<\/strong><\/p>    \n\t\t\t\t<img decoding=\"async\" src=\"https:\/\/byoghavn.dk\/lynetteholm\/wp-content\/uploads\/sites\/7\/2023\/05\/20210318_Stenstrand_0-aar.jpg\" alt=\"20210318_Stenstrand_0 \u00e5r\" itemprop=\"image\" height=\"3508\" width=\"4961\" title=\"20210318_Stenstrand_0 \u00e5r\" onerror=\"this.style.display='none'\" loading=\"lazy\">\n        <p>\u00a0Stenstrand:\u00a0<\/p><ul><li>\u00c5bent land\u00a0<\/li><li>S\u00e5et vegetation\u00a0<\/li><\/ul>    \n\t\t\t\t<img decoding=\"async\" src=\"https:\/\/byoghavn.dk\/lynetteholm\/wp-content\/uploads\/sites\/7\/2023\/05\/4.png\" alt=\"4\" itemprop=\"image\" height=\"204\" width=\"253\" title=\"4\" onerror=\"this.style.display='none'\" loading=\"lazy\">\n        <p><strong>Cirka 20 \u00e5r senere\u2026<\/strong><\/p>    \n\t\t\t\t<img decoding=\"async\" src=\"https:\/\/byoghavn.dk\/lynetteholm\/wp-content\/uploads\/sites\/7\/2023\/05\/20210226_Stenstrand_20-aar.jpg\" alt=\"20210226_Stenstrand_20 \u00e5r\" itemprop=\"image\" height=\"3508\" width=\"4961\" title=\"20210226_Stenstrand_20 \u00e5r\" onerror=\"this.style.display='none'\" loading=\"lazy\">\n        <p>Den forventede udvikling til overdrev med krat og enkeltst\u00e5ende buske og tr\u00e6er\u00a0<\/p>    \n        <h3>Tidsplan for kystlandskabets udvikling<i>\u00a0<\/i><\/h3>    \n        <p><strong>Perimeter<\/strong><\/p>    \n\t\t\t\t<img decoding=\"async\" src=\"https:\/\/byoghavn.dk\/lynetteholm\/wp-content\/uploads\/sites\/7\/2023\/05\/f1.png\" alt=\"f1\" itemprop=\"image\" height=\"1835\" width=\"1600\" title=\"f1\" onerror=\"this.style.display='none'\" loading=\"lazy\">\n        <p>Fase 1: F\u00e6rdigetableretFase 2: F\u00e6rdigetableret omkring 2026<\/p>    \n        <p><strong>Jordopfyld<\/strong><\/p>    \n\t\t\t\t<img decoding=\"async\" src=\"https:\/\/byoghavn.dk\/lynetteholm\/wp-content\/uploads\/sites\/7\/2023\/05\/f2.png\" alt=\"f2\" itemprop=\"image\" height=\"1952\" width=\"1600\" title=\"f2\" onerror=\"this.style.display='none'\" loading=\"lazy\">\n        <p>Fase 1: Opfyldt omkring 2026Fase 2: Ventes opfyldt omkring 2050<\/p>    \n        <p><strong>Kystlandskab<\/strong><\/p>    \n\t\t\t\t<img decoding=\"async\" src=\"https:\/\/byoghavn.dk\/lynetteholm\/wp-content\/uploads\/sites\/7\/2023\/05\/f3.png\" alt=\"f3\" itemprop=\"image\" height=\"1744\" width=\"1600\" title=\"f3\" onerror=\"this.style.display='none'\" loading=\"lazy\">\n        <p>Fase 1: \u00c5bner for offentligheden 2030 \u2013 med beplantning og stier\u00a0Fase 2: Ikke tidssat endnu<\/p>    \n        <h3><strong>S\u00e5dan er kystlandskabet opbygget:<\/strong><\/h3>    \n\t<iframe loading=\"lazy\" title=\"20230518_By &amp; Havn_Stormflodsmodel_FINAL_DA\" width=\"640\" height=\"360\" frameborder=\"0\" allow=\"autoplay; fullscreen; picture-in-picture; clipboard-write\" data-cookieblock-src=\"https:\/\/player.vimeo.com\/video\/828538605?dnt=1&amp;app_id=122963\" data-cookieconsent=\"marketing\"><\/iframe>\n\t\t\t\t<img decoding=\"async\" src=\"https:\/\/byoghavn.dk\/lynetteholm\/wp-content\/uploads\/sites\/7\/2023\/05\/dk.png\" alt=\"dk\" itemprop=\"image\" height=\"90\" width=\"150\" title=\"dk\" onerror=\"this.style.display='none'\" loading=\"lazy\">\n        <h3><em>Temaer i udstillingen<\/em><\/h3><ol><li><em><strong><a href=\"https:\/\/byoghavn.dk\/lynetteholm\/verdenshavene-stiger\/\">Verdenshavene stiger<\/a><\/strong><\/em><\/li><li><em><strong><a href=\"https:\/\/byoghavn.dk\/lynetteholm\/koebenhavns-opfyld-og-hvad-det-bliver-brugt-til\/\">K\u00f8benhavns opfyld<\/a><\/strong><\/em><\/li><li><em><strong><a href=\"https:\/\/byoghavn.dk\/lynetteholm\/koebenhavns-nye-halvoe\/\">K\u00f8benhavns nye halv\u00f8<\/a><\/strong><\/em><\/li><li><a href=\"https:\/\/byoghavn.dk\/lynetteholm\/miljoe-og-nye-levesteder\/\"><em><strong>Milj\u00f8 og nye levesteder under havoverfladen<\/strong><\/em><\/a><\/li><li><a href=\"https:\/\/byoghavn.dk\/lynetteholm\/holdet-bag-lynetteholm\/\"><em><strong>Holdet bag Lynetteholm<\/strong><\/em><\/a><\/li><li><em><strong><a href=\"https:\/\/byoghavn.dk\/lynetteholm\/kystlandskab-som-stormflodssikring-en-saerudstilling-om-lynetteholm\/\">Kystlandskab som stormflodssikring<\/a><\/strong><\/em><\/li><li><a href=\"https:\/\/byoghavn.dk\/lynetteholm\/den-rette-jord-arkaeologiske-undersoegelser-og-dybvandsbomber\/\"><em><strong>Den rette jord, ark\u00e6ologiske unders\u00f8gelser og dybvandsbomber<\/strong><\/em><\/a><\/li><\/ol>    \n\t\t\t\t<img decoding=\"async\" src=\"https:\/\/byoghavn.dk\/lynetteholm\/wp-content\/uploads\/sites\/7\/2023\/05\/uk.png\" alt=\"uk\" itemprop=\"image\" height=\"90\" width=\"150\" title=\"uk\" onerror=\"this.style.display='none'\" loading=\"lazy\">\n        <h3><em>Themes of the exhibition<\/em><\/h3><ol><li><em><strong><a href=\"https:\/\/byoghavn.dk\/lynetteholm\/the-worlds-sea-levels-are-rising_eng\/\">The world\u2019s sea levels are rising<\/a><\/strong><\/em><\/li><li><em><strong><a href=\"https:\/\/byoghavn.dk\/lynetteholm\/koebenhavns-opfyld-og-hvad-det-bliver-brugt-til_eng\/\">Copenhagen\u2019s reclaimed land<\/a><\/strong><\/em><\/li><li><em><strong><a href=\"https:\/\/byoghavn.dk\/lynetteholm\/koebenhavns-nye-halvoe_eng-2\/\">Copenhagen\u2019s new peninsular<\/a><\/strong><\/em><\/li><li><a href=\"https:\/\/byoghavn.dk\/lynetteholm\/miljoe-og-nye-levesteder_eng\/\"><em><strong>Environment and new habitats below sea level<\/strong><\/em><\/a><\/li><li><a href=\"https:\/\/byoghavn.dk\/lynetteholm\/holdet-bag-lynetteholm_eng\"><em><strong>The team behind Lynetteholm<\/strong><\/em><\/a><\/li><li><em><strong><a href=\"https:\/\/byoghavn.dk\/lynetteholm\/kystlandskab-som-stormflodssikring-en-saerudstilling-om-lynetteholm_eng\/\">Coastal landscape as storm-surge protection<\/a><\/strong><\/em><\/li><li><a href=\"https:\/\/byoghavn.dk\/lynetteholm\/den-rette-jord-arkaeologiske-undersoegelser-og-dybvandsbomber-2\/\"><em><strong>The right soil, archaeological investigations and deep water bombs<\/strong><\/em><\/a><\/li><\/ol>    \n\n","protected":false},"excerpt":{"rendered":"<p>Med Lynetteholm vil stend\u00e6mninger og et varieret kystlandskab v\u00e6re med til at d\u00e6mme op for fremtidens havvandstigninger.\u00a0 Lynetteholms kant mod&#8230;<\/p>\n","protected":false},"author":4,"featured_media":0,"parent":0,"menu_order":0,"comment_status":"closed","ping_status":"closed","template":"","meta":{"footnotes":""},"wf_page_folders":[15],"class_list":["post-1627","page","type-page","status-publish","hentry"],"acf":[],"yoast_head":"<!-- This site is optimized with the Yoast SEO Premium plugin v15.6.2 - https:\/\/yoast.com\/wordpress\/plugins\/seo\/ -->\n<title>Kystlandskab som stormflodssikring - en s\u00e6rudstilling om Lynetteholm - Lynetteholm<\/title>\n<meta name=\"robots\" content=\"index, follow, max-snippet:-1, max-image-preview:large, max-video-preview:-1\" \/>\n<link rel=\"canonical\" href=\"https:\/\/byoghavn.dk\/lynetteholm\/kystlandskab-som-stormflodssikring-en-saerudstilling-om-lynetteholm\/\" \/>\n<meta property=\"og:locale\" content=\"da_DK\" \/>\n<meta property=\"og:type\" content=\"article\" \/>\n<meta property=\"og:title\" content=\"Kystlandskab som stormflodssikring - en s\u00e6rudstilling om Lynetteholm - Lynetteholm\" \/>\n<meta property=\"og:description\" content=\"Med Lynetteholm vil stend\u00e6mninger og et varieret kystlandskab v\u00e6re med til at d\u00e6mme op for fremtidens havvandstigninger.\u00a0 Lynetteholms kant mod...\" \/>\n<meta property=\"og:url\" content=\"https:\/\/byoghavn.dk\/lynetteholm\/kystlandskab-som-stormflodssikring-en-saerudstilling-om-lynetteholm\/\" \/>\n<meta property=\"og:site_name\" content=\"Lynetteholm\" \/>\n<meta property=\"article:modified_time\" content=\"2025-10-01T13:09:34+00:00\" \/>\n<meta property=\"og:image\" content=\"https:\/\/byoghavn.dk\/havnen\/wp-content\/uploads\/sites\/5\/2019\/04\/hjemmeside-dims-1.png\" \/>\n<meta name=\"twitter:card\" content=\"summary_large_image\" \/>\n<meta name=\"twitter:label1\" content=\"Estimeret l\u00e6setid\">\n\t<meta name=\"twitter:data1\" content=\"7 minutter\">\n<script type=\"application\/ld+json\" class=\"yoast-schema-graph\">{\"@context\":\"https:\/\/schema.org\",\"@graph\":[{\"@type\":\"WebSite\",\"@id\":\"https:\/\/byoghavn.dk\/lynetteholm\/#website\",\"url\":\"https:\/\/byoghavn.dk\/lynetteholm\/\",\"name\":\"Lynetteholm\",\"description\":\"Lynetteholm\",\"potentialAction\":[{\"@type\":\"SearchAction\",\"target\":\"https:\/\/byoghavn.dk\/lynetteholm\/?s={search_term_string}\",\"query-input\":\"required name=search_term_string\"}],\"inLanguage\":\"da-DK\"},{\"@type\":\"ImageObject\",\"@id\":\"https:\/\/byoghavn.dk\/lynetteholm\/kystlandskab-som-stormflodssikring-en-saerudstilling-om-lynetteholm\/#primaryimage\",\"inLanguage\":\"da-DK\",\"url\":\"https:\/\/byoghavn.dk\/havnen\/wp-content\/uploads\/sites\/5\/2019\/04\/hjemmeside-dims-1.png\"},{\"@type\":\"WebPage\",\"@id\":\"https:\/\/byoghavn.dk\/lynetteholm\/kystlandskab-som-stormflodssikring-en-saerudstilling-om-lynetteholm\/#webpage\",\"url\":\"https:\/\/byoghavn.dk\/lynetteholm\/kystlandskab-som-stormflodssikring-en-saerudstilling-om-lynetteholm\/\",\"name\":\"Kystlandskab som stormflodssikring - en s\\u00e6rudstilling om Lynetteholm - Lynetteholm\",\"isPartOf\":{\"@id\":\"https:\/\/byoghavn.dk\/lynetteholm\/#website\"},\"primaryImageOfPage\":{\"@id\":\"https:\/\/byoghavn.dk\/lynetteholm\/kystlandskab-som-stormflodssikring-en-saerudstilling-om-lynetteholm\/#primaryimage\"},\"datePublished\":\"2023-05-18T07:22:27+00:00\",\"dateModified\":\"2025-10-01T13:09:34+00:00\",\"inLanguage\":\"da-DK\",\"potentialAction\":[{\"@type\":\"ReadAction\",\"target\":[\"https:\/\/byoghavn.dk\/lynetteholm\/kystlandskab-som-stormflodssikring-en-saerudstilling-om-lynetteholm\/\"]}]}]}<\/script>\n<!-- \/ Yoast SEO Premium plugin. -->","_links":{"self":[{"href":"https:\/\/byoghavn.dk\/lynetteholm\/wp-json\/wp\/v2\/pages\/1627","targetHints":{"allow":["GET"]}}],"collection":[{"href":"https:\/\/byoghavn.dk\/lynetteholm\/wp-json\/wp\/v2\/pages"}],"about":[{"href":"https:\/\/byoghavn.dk\/lynetteholm\/wp-json\/wp\/v2\/types\/page"}],"author":[{"embeddable":true,"href":"https:\/\/byoghavn.dk\/lynetteholm\/wp-json\/wp\/v2\/users\/4"}],"replies":[{"embeddable":true,"href":"https:\/\/byoghavn.dk\/lynetteholm\/wp-json\/wp\/v2\/comments?post=1627"}],"version-history":[{"count":9,"href":"https:\/\/byoghavn.dk\/lynetteholm\/wp-json\/wp\/v2\/pages\/1627\/revisions"}],"predecessor-version":[{"id":3308,"href":"https:\/\/byoghavn.dk\/lynetteholm\/wp-json\/wp\/v2\/pages\/1627\/revisions\/3308"}],"wp:attachment":[{"href":"https:\/\/byoghavn.dk\/lynetteholm\/wp-json\/wp\/v2\/media?parent=1627"}],"wp:term":[{"taxonomy":"wf_page_folders","embeddable":true,"href":"https:\/\/byoghavn.dk\/lynetteholm\/wp-json\/wp\/v2\/wf_page_folders?post=1627"}],"curies":[{"name":"wp","href":"https:\/\/api.w.org\/{rel}","templated":true}]}}