{"id":1598,"date":"2023-05-17T13:27:35","date_gmt":"2023-05-17T13:27:35","guid":{"rendered":"https:\/\/byoghavn.dk\/lynetteholm\/?page_id=1598"},"modified":"2023-05-20T06:47:59","modified_gmt":"2023-05-20T06:47:59","slug":"kystlandskab-som-stormflodssikring-en-saerudstilling-om-lynetteholm_eng","status":"publish","type":"page","link":"https:\/\/byoghavn.dk\/lynetteholm\/kystlandskab-som-stormflodssikring-en-saerudstilling-om-lynetteholm_eng\/","title":{"rendered":"Kystlandskab som stormflodssikring &#8211; en s\u00e6rudstilling om Lynetteholm_ENG"},"content":{"rendered":"\n<header id=\"hero-3\">\n           <h1>Coastal landsscape as storm-surge protection<\/h1>\n<\/header>\n<img decoding=\"async\" src=\"https:\/\/byoghavn.dk\/lynetteholm\/wp-content\/themes\/BOH\/images\/footer-gray-triangle.svg\" alt=\"\" \/>\n        <h3><strong>Protection against future rises in sea levels<\/strong><\/h3><p>At Lynetteholm, stone embankments and a varied coastal landscape will help provide protection against future sea-level rises.Copenhageners will gain a new stretch of coastline with woodlands and recreational beach areas, while animals and plants will find new habitats both above and below the waterline.We call the design &#8216;nature-based storm-surge protection&#8217;.<\/p>    \n\t\t\t\t<img loading=\"lazy\" decoding=\"async\" src=\"https:\/\/byoghavn.dk\/lynetteholm\/wp-content\/uploads\/sites\/7\/2022\/03\/Kystlandskab_1080.jpg\" alt=\"Kystlandskab_1080\" height=\"1080\" width=\"1920\" title=\"Kystlandskab_1080\" \/>\n        <p>Where Lynetteholm faces \u00d8resund, an indented coastline will be created. Following the indentations will<\/p>\n<p>provide a 4.7 km walk. As the crow flies, the new coastal landscape stretches to 2.7 km.<\/p>\n<h3><strong>Room for nature and people<\/strong><\/h3>\n<p><br \/>Drawing on a wide range of expertise, By &amp; Havn have developed a coastal landscape for&#8230;<\/p>\n            \n\t\t\t\t<img loading=\"lazy\" decoding=\"async\" src=\"https:\/\/byoghavn.dk\/lynetteholm\/wp-content\/uploads\/sites\/7\/2023\/05\/vindmoller.jpg\" alt=\"vindmoller\" height=\"2533\" width=\"4128\" title=\"vindmoller\" \/>\n        <ul><li>High biodiversity<\/li><li>Danish biotopes<\/li><li>Extensive coherent landscape areas<\/li><li>Nature in constant development<\/li><\/ul>    \n            \n\t\t\t\t<img loading=\"lazy\" decoding=\"async\" src=\"https:\/\/byoghavn.dk\/lynetteholm\/wp-content\/uploads\/sites\/7\/2023\/05\/saelen.jpg\" alt=\"saelen\" height=\"3262\" width=\"5471\" title=\"saelen\" \/>\n        <ul><li>Access to the coastal landscape<\/li><li>Sensory experiences<\/li><li>A diverse landscape<\/li><li>Experience daily and seasonal rhythms<\/li><\/ul>    \n        <h3><strong>From vertical quayside to open coast<\/strong><\/h3>\n<p><br \/>Rather than the familiar vertical drops of Copenhagen&#8217;s old industrial port, the water&#8217;s edge around Lynetteholm will be constructed as open landscape. This is an &#8216;invisible&#8217; way of providing storm-surge protection and will allow Copenhageners to come down to the water.<\/p>\nA vertical edge makes waves crash upwards. A flat coastline draws the force out of the waves. Lynetteholm&#8217;s perimeter, which provides the storm-surge protection, can therefore be considerably lower than it if were vertical.<br \/>\n<br \/><strong>Vertical edge:<\/strong>\n\t\t\t\t<img loading=\"lazy\" decoding=\"async\" src=\"https:\/\/byoghavn.dk\/lynetteholm\/wp-content\/uploads\/sites\/7\/2023\/05\/20210318_Spuns_2055.jpg\" alt=\"20210318_Spuns_2055\" height=\"3508\" width=\"4961\" title=\"20210318_Spuns_2055\" \/>\n\t\t\t\t<img loading=\"lazy\" decoding=\"async\" src=\"https:\/\/byoghavn.dk\/lynetteholm\/wp-content\/uploads\/sites\/7\/2023\/05\/4.png\" alt=\"4\" height=\"204\" width=\"253\" title=\"4\" \/>\n\t\t\t\t<img loading=\"lazy\" decoding=\"async\" src=\"https:\/\/byoghavn.dk\/lynetteholm\/wp-content\/uploads\/sites\/7\/2023\/05\/20210318_Spuns_2200.jpg\" alt=\"20210318_Spuns_2200\" height=\"3508\" width=\"4961\" title=\"20210318_Spuns_2200\" \/>\n        Quaysides will constantly have to be raised to keep pace with rises in water levels. This will create an ever greater barrier to the water.<br \/>\n<br \/><strong>Flat coastline:<\/strong>\n\t\t\t\t<img loading=\"lazy\" decoding=\"async\" src=\"https:\/\/byoghavn.dk\/lynetteholm\/wp-content\/uploads\/sites\/7\/2023\/05\/20210226_Sandstrand_20-aar.jpg\" alt=\"20210226_Sandstrand_20 \u00e5r\" height=\"3508\" width=\"4961\" title=\"20210226_Sandstrand_20 \u00e5r\" \/>\n\t\t\t\t<img loading=\"lazy\" decoding=\"async\" src=\"https:\/\/byoghavn.dk\/lynetteholm\/wp-content\/uploads\/sites\/7\/2023\/05\/4.png\" alt=\"4\" height=\"204\" width=\"253\" title=\"4\" \/>\n\t\t\t\t<img loading=\"lazy\" decoding=\"async\" src=\"https:\/\/byoghavn.dk\/lynetteholm\/wp-content\/uploads\/sites\/7\/2023\/05\/20210226_Sandstrand_-2200.jpg\" alt=\"20210226_Sandstrand_ 2200\" height=\"3508\" width=\"4961\" title=\"20210226_Sandstrand_ 2200\" \/>\n        <p>If necessary, and to increase the storm-surge protection, the height of the coastal landscape may be adjusted locally without creating a barrier to the water.<\/p>    \n        <h3><strong>Gradual landscape development<\/strong><\/h3>\n<p><br \/>Time is a crucial factor in the development of robust planting.<\/p>\n<p>The coastal landscapes first round of planting &#8211; including trees &#8211; are to be sown from seed. This means that they will germinate in the environment where they are to grow, encouraging trees and woods that are resistant to storms.<\/p>\n        <p><strong>1st year after completion<\/strong>\u00a0<\/p>    \n\t\t\t\t<img loading=\"lazy\" decoding=\"async\" src=\"https:\/\/byoghavn.dk\/lynetteholm\/wp-content\/uploads\/sites\/7\/2023\/05\/20210224_Skov-1-m-hoej.jpg\" alt=\"20210224_Skov 1 m h\u00f8j\" height=\"3929\" width=\"5556\" title=\"20210224_Skov 1 m h\u00f8j\" \/>\n        <p>Stone embankments:<\/p><ul><li>Elevated terrain<\/li><li>Sown woodland<\/li><\/ul>    \n\t\t\t\t<img loading=\"lazy\" decoding=\"async\" src=\"https:\/\/byoghavn.dk\/lynetteholm\/wp-content\/uploads\/sites\/7\/2023\/05\/4.png\" alt=\"4\" height=\"204\" width=\"253\" title=\"4\" \/>\n            \n\t\t\t\t<img loading=\"lazy\" decoding=\"async\" src=\"https:\/\/byoghavn.dk\/lynetteholm\/wp-content\/uploads\/sites\/7\/2023\/05\/20210224_Skov_5-6-m-hoej_ca-20-vaekstsaeson.jpg\" alt=\"20210224_Skov_5-6 m h\u00f8j_ca 20 v\u00e6ksts\u00e6son\" height=\"3929\" width=\"5556\" title=\"20210224_Skov_5-6 m h\u00f8j_ca 20 v\u00e6ksts\u00e6son\" \/>\n        <p>Expected woodland development<\/p>    \n        <p><strong>1st year after completion<\/strong>\u00a0<\/p>    \n\t\t\t\t<img loading=\"lazy\" decoding=\"async\" src=\"https:\/\/byoghavn.dk\/lynetteholm\/wp-content\/uploads\/sites\/7\/2023\/05\/20210318_Sandstrand_-0-aar.jpg\" alt=\"20210318_Sandstrand_ 0 \u00e5r\" height=\"3508\" width=\"4961\" title=\"20210318_Sandstrand_ 0 \u00e5r\" \/>\n        <p>Sandy beach:<\/p><ul><li>Open land<\/li><li>Sown vegetation<\/li><\/ul>    \n\t\t\t\t<img loading=\"lazy\" decoding=\"async\" src=\"https:\/\/byoghavn.dk\/lynetteholm\/wp-content\/uploads\/sites\/7\/2023\/05\/4.png\" alt=\"4\" height=\"204\" width=\"253\" title=\"4\" \/>\n            \n\t\t\t\t<img loading=\"lazy\" decoding=\"async\" src=\"https:\/\/byoghavn.dk\/lynetteholm\/wp-content\/uploads\/sites\/7\/2023\/05\/20210226_Sandstrand_20-aar.jpg\" alt=\"20210226_Sandstrand_20 \u00e5r\" height=\"3508\" width=\"4961\" title=\"20210226_Sandstrand_20 \u00e5r\" \/>\n        <p>Expected development to grassland with scrub and individual bushes and trees<\/p>    \n        <p><strong>1st year after completion<\/strong>\u00a0<\/p>    \n\t\t\t\t<img loading=\"lazy\" decoding=\"async\" src=\"https:\/\/byoghavn.dk\/lynetteholm\/wp-content\/uploads\/sites\/7\/2023\/05\/20210318_Stenstrand_0-aar.jpg\" alt=\"20210318_Stenstrand_0 \u00e5r\" height=\"3508\" width=\"4961\" title=\"20210318_Stenstrand_0 \u00e5r\" \/>\n        <p>Stony beach:<\/p><ul><li>Open land<\/li><li>Sown vegetation<\/li><\/ul>    \n\t\t\t\t<img loading=\"lazy\" decoding=\"async\" src=\"https:\/\/byoghavn.dk\/lynetteholm\/wp-content\/uploads\/sites\/7\/2023\/05\/4.png\" alt=\"4\" height=\"204\" width=\"253\" title=\"4\" \/>\n            \n\t\t\t\t<img loading=\"lazy\" decoding=\"async\" src=\"https:\/\/byoghavn.dk\/lynetteholm\/wp-content\/uploads\/sites\/7\/2023\/05\/20210226_Stenstrand_20-aar.jpg\" alt=\"20210226_Stenstrand_20 \u00e5r\" height=\"3508\" width=\"4961\" title=\"20210226_Stenstrand_20 \u00e5r\" \/>\n        <p>Expected development to grassland with scrub and individual bushes and trees<\/p>    \n        <h3><strong>Coastal landscape development &#8211; Schedule\u00a0<\/strong><\/h3>    \n            \n\t\t\t\t<img loading=\"lazy\" decoding=\"async\" src=\"https:\/\/byoghavn.dk\/lynetteholm\/wp-content\/uploads\/sites\/7\/2023\/05\/f1.png\" alt=\"f1\" height=\"1835\" width=\"1600\" title=\"f1\" \/>\n        <p>Phase 1: CompletionPhase 2: Completion around 2026<\/p>    \n            \n\t\t\t\t<img loading=\"lazy\" decoding=\"async\" src=\"https:\/\/byoghavn.dk\/lynetteholm\/wp-content\/uploads\/sites\/7\/2023\/05\/f2.png\" alt=\"f2\" height=\"1952\" width=\"1600\" title=\"f2\" \/>\n        <p>Phase 1: Earth-fill completed around 2026Phase 2: Earth-fill completed around 2050<\/p>    \n            \n\t\t\t\t<img loading=\"lazy\" decoding=\"async\" src=\"https:\/\/byoghavn.dk\/lynetteholm\/wp-content\/uploads\/sites\/7\/2023\/05\/f3.png\" alt=\"f3\" height=\"1744\" width=\"1600\" title=\"f3\" \/>\n        <p>Phase 1: Open to the public from 2030 &#8211; with planting and pathwaysPhase 2: Final date not set<\/p>    \n        <h3><strong>How the coastal landscape is structured:<\/strong><\/h3>    \n\t\n\t\t\t\t<img loading=\"lazy\" decoding=\"async\" src=\"https:\/\/byoghavn.dk\/lynetteholm\/wp-content\/uploads\/sites\/7\/2023\/05\/dk.png\" alt=\"dk\" height=\"90\" width=\"150\" title=\"dk\" \/>\n        <h3><em>Temaer i udstillingen<\/em><\/h3><ol><li><em><strong><a href=\"https:\/\/byoghavn.dk\/lynetteholm\/verdenshavene-stiger\/\">Verdenshavene stiger<\/a><\/strong><\/em><\/li><li><em><strong><a href=\"https:\/\/byoghavn.dk\/lynetteholm\/koebenhavns-opfyld-og-hvad-det-bliver-brugt-til\/\">K\u00f8benhavns opfyld<\/a><\/strong><\/em><\/li><li><em><strong><a href=\"https:\/\/byoghavn.dk\/lynetteholm\/koebenhavns-nye-halvoe\/\">K\u00f8benhavns nye halv\u00f8<\/a><\/strong><\/em><\/li><li><a href=\"https:\/\/byoghavn.dk\/lynetteholm\/miljoe-og-nye-levesteder\/\"><em><strong>Milj\u00f8 og nye levesteder under havoverfladen<\/strong><\/em><\/a><\/li><li><em><strong>Holdet bag Lynetteholm<\/strong><\/em><\/li><li><em><strong><a href=\"https:\/\/byoghavn.dk\/lynetteholm\/kystlandskab-som-stormflodssikring-en-saerudstilling-om-lynetteholm\/\">Kystlandskab som stormflodssikring<\/a><\/strong><\/em><\/li><li><a href=\"https:\/\/byoghavn.dk\/lynetteholm\/den-rette-jord-arkaeologiske-undersoegelser-og-dybvandsbomber\/\"><em><strong>Den rette jord, ark\u00e6ologiske unders\u00f8gelser og dybvandsbomber<\/strong><\/em><\/a><\/li><\/ol>    \n\t\t\t\t<img loading=\"lazy\" decoding=\"async\" src=\"https:\/\/byoghavn.dk\/lynetteholm\/wp-content\/uploads\/sites\/7\/2023\/05\/uk.png\" alt=\"uk\" height=\"90\" width=\"150\" title=\"uk\" \/>\n        <h3><em>Themes of the exhibition<\/em><\/h3><ol><li><em><strong><a href=\"https:\/\/byoghavn.dk\/lynetteholm\/the-worlds-sea-levels-are-rising_eng\/\">The world&#8217;s sea levels are rising<\/a><\/strong><\/em><\/li><li><em><strong><a href=\"https:\/\/byoghavn.dk\/lynetteholm\/koebenhavns-opfyld-og-hvad-det-bliver-brugt-til_eng\/\">Copenhagen&#8217;s reclaimed land<\/a><\/strong><\/em><\/li><li><em><strong><a href=\"https:\/\/byoghavn.dk\/lynetteholm\/koebenhavns-nye-halvoe_eng-2\/\">Copenhagen&#8217;s new peninsular<\/a><\/strong><\/em><\/li><li><a href=\"https:\/\/byoghavn.dk\/lynetteholm\/miljoe-og-nye-levesteder_eng\/\"><em><strong>Environment and new habitats below sea level<\/strong><\/em><\/a><\/li><li><em><strong>The team behind Lynetteholm<\/strong><\/em><\/li><li><em><strong><a href=\"https:\/\/byoghavn.dk\/lynetteholm\/kystlandskab-som-stormflodssikring-en-saerudstilling-om-lynetteholm_eng\/\">Coastal landscape as storm-surge protection<\/a><\/strong><\/em><\/li><li><a href=\"https:\/\/byoghavn.dk\/lynetteholm\/den-rette-jord-arkaeologiske-undersoegelser-og-dybvandsbomber-2\/\"><em><strong>The right soil, archaeological investigations and deep water bombs<\/strong><\/em><\/a><\/li><\/ol>    \n\n","protected":false},"excerpt":{"rendered":"<p>Protection against future rises in sea levelsAt Lynetteholm, stone embankments and a varied coastal landscape will help provide protection against&#8230;<\/p>\n","protected":false},"author":20,"featured_media":0,"parent":0,"menu_order":0,"comment_status":"closed","ping_status":"closed","template":"","meta":{"footnotes":""},"wf_page_folders":[15],"class_list":["post-1598","page","type-page","status-publish","hentry"],"acf":[],"yoast_head":"<!-- This site is optimized with the Yoast SEO Premium plugin v15.6.2 - https:\/\/yoast.com\/wordpress\/plugins\/seo\/ -->\n<title>Kystlandskab som stormflodssikring - en s\u00e6rudstilling om Lynetteholm_ENG - Lynetteholm<\/title>\n<meta name=\"robots\" content=\"index, follow, max-snippet:-1, max-image-preview:large, max-video-preview:-1\" \/>\n<link rel=\"canonical\" href=\"https:\/\/byoghavn.dk\/lynetteholm\/kystlandskab-som-stormflodssikring-en-saerudstilling-om-lynetteholm_eng\/\" \/>\n<meta property=\"og:locale\" content=\"da_DK\" \/>\n<meta property=\"og:type\" content=\"article\" \/>\n<meta property=\"og:title\" content=\"Kystlandskab som stormflodssikring - en s\u00e6rudstilling om Lynetteholm_ENG - Lynetteholm\" \/>\n<meta property=\"og:description\" content=\"Protection against future rises in sea levelsAt Lynetteholm, stone embankments and a varied coastal landscape will help provide protection against...\" \/>\n<meta property=\"og:url\" content=\"https:\/\/byoghavn.dk\/lynetteholm\/kystlandskab-som-stormflodssikring-en-saerudstilling-om-lynetteholm_eng\/\" \/>\n<meta property=\"og:site_name\" content=\"Lynetteholm\" \/>\n<meta property=\"article:modified_time\" content=\"2023-05-20T06:47:59+00:00\" \/>\n<meta property=\"og:image\" content=\"https:\/\/byoghavn.dk\/lynetteholm\/wp-content\/themes\/BOH\/images\/footer-gray-triangle.svg\" \/>\n<meta name=\"twitter:card\" content=\"summary_large_image\" \/>\n<meta name=\"twitter:label1\" content=\"Estimeret l\u00e6setid\">\n\t<meta name=\"twitter:data1\" content=\"6 minutter\">\n<script type=\"application\/ld+json\" class=\"yoast-schema-graph\">{\"@context\":\"https:\/\/schema.org\",\"@graph\":[{\"@type\":\"WebSite\",\"@id\":\"https:\/\/byoghavn.dk\/lynetteholm\/#website\",\"url\":\"https:\/\/byoghavn.dk\/lynetteholm\/\",\"name\":\"Lynetteholm\",\"description\":\"Lynetteholm\",\"potentialAction\":[{\"@type\":\"SearchAction\",\"target\":\"https:\/\/byoghavn.dk\/lynetteholm\/?s={search_term_string}\",\"query-input\":\"required name=search_term_string\"}],\"inLanguage\":\"da-DK\"},{\"@type\":\"ImageObject\",\"@id\":\"https:\/\/byoghavn.dk\/lynetteholm\/kystlandskab-som-stormflodssikring-en-saerudstilling-om-lynetteholm_eng\/#primaryimage\",\"inLanguage\":\"da-DK\",\"url\":\"https:\/\/byoghavn.dk\/lynetteholm\/wp-content\/themes\/BOH\/images\/footer-gray-triangle.svg\"},{\"@type\":\"WebPage\",\"@id\":\"https:\/\/byoghavn.dk\/lynetteholm\/kystlandskab-som-stormflodssikring-en-saerudstilling-om-lynetteholm_eng\/#webpage\",\"url\":\"https:\/\/byoghavn.dk\/lynetteholm\/kystlandskab-som-stormflodssikring-en-saerudstilling-om-lynetteholm_eng\/\",\"name\":\"Kystlandskab som stormflodssikring - en s\\u00e6rudstilling om Lynetteholm_ENG - Lynetteholm\",\"isPartOf\":{\"@id\":\"https:\/\/byoghavn.dk\/lynetteholm\/#website\"},\"primaryImageOfPage\":{\"@id\":\"https:\/\/byoghavn.dk\/lynetteholm\/kystlandskab-som-stormflodssikring-en-saerudstilling-om-lynetteholm_eng\/#primaryimage\"},\"datePublished\":\"2023-05-17T13:27:35+00:00\",\"dateModified\":\"2023-05-20T06:47:59+00:00\",\"inLanguage\":\"da-DK\",\"potentialAction\":[{\"@type\":\"ReadAction\",\"target\":[\"https:\/\/byoghavn.dk\/lynetteholm\/kystlandskab-som-stormflodssikring-en-saerudstilling-om-lynetteholm_eng\/\"]}]}]}<\/script>\n<!-- \/ Yoast SEO Premium plugin. -->","_links":{"self":[{"href":"https:\/\/byoghavn.dk\/lynetteholm\/wp-json\/wp\/v2\/pages\/1598","targetHints":{"allow":["GET"]}}],"collection":[{"href":"https:\/\/byoghavn.dk\/lynetteholm\/wp-json\/wp\/v2\/pages"}],"about":[{"href":"https:\/\/byoghavn.dk\/lynetteholm\/wp-json\/wp\/v2\/types\/page"}],"author":[{"embeddable":true,"href":"https:\/\/byoghavn.dk\/lynetteholm\/wp-json\/wp\/v2\/users\/20"}],"replies":[{"embeddable":true,"href":"https:\/\/byoghavn.dk\/lynetteholm\/wp-json\/wp\/v2\/comments?post=1598"}],"version-history":[{"count":16,"href":"https:\/\/byoghavn.dk\/lynetteholm\/wp-json\/wp\/v2\/pages\/1598\/revisions"}],"predecessor-version":[{"id":1845,"href":"https:\/\/byoghavn.dk\/lynetteholm\/wp-json\/wp\/v2\/pages\/1598\/revisions\/1845"}],"wp:attachment":[{"href":"https:\/\/byoghavn.dk\/lynetteholm\/wp-json\/wp\/v2\/media?parent=1598"}],"wp:term":[{"taxonomy":"wf_page_folders","embeddable":true,"href":"https:\/\/byoghavn.dk\/lynetteholm\/wp-json\/wp\/v2\/wf_page_folders?post=1598"}],"curies":[{"name":"wp","href":"https:\/\/api.w.org\/{rel}","templated":true}]}}