{"id":1541,"date":"2024-05-08T08:41:35","date_gmt":"2024-05-08T06:41:35","guid":{"rendered":"https:\/\/byoghavn.dk\/havnen-ny\/?page_id=1541"},"modified":"2025-12-16T10:04:28","modified_gmt":"2025-12-16T09:04:28","slug":"zone-sydhavnen","status":"publish","type":"page","link":"https:\/\/byoghavn.dk\/havnen\/zone-sydhavnen\/","title":{"rendered":"zone-sydhavnen"},"content":{"rendered":"\n<header id=\"hero-3\">\n    <h1><p>Zoneplan for Sydhavnen<\/p><\/h1>\n<\/header>\n<hr data-id=\"no-news\"\/>\n<a href=\"https:\/\/byoghavn.dk\/app\/\"><img decoding=\"async\" src=\"https:\/\/byoghavn.dk\/havnen\/wp-content\/uploads\/sites\/5\/2019\/04\/hjemmeside-dims-1.png\"\/><\/a>\n<img decoding=\"async\" src=\"https:\/\/byoghavn.dk\/havnen\/wp-content\/themes\/BOH\/images\/footer-gray-triangle.svg\" alt=\"\"\/>\n<hr data-id=\"js-nonews-end\"\/>\n        <h2>Omdannelsen af Sydhavnen fra et industriomr\u00e5de til et boligomr\u00e5de har skabt en massiv transformation af omr\u00e5det i de seneste 10-15 \u00e5r.\u00a0<\/h2><p>Udviklingen har skabt en ny dynamik og atmosf\u00e6re i omr\u00e5det, som i dag pulserer af byliv med mange sm\u00e5 caf\u00e9er og husb\u00e5de. F.eks. er Slusen et hyggeligt afsondret omr\u00e5de med lystb\u00e5de, husb\u00e5de og en lille caf\u00e9. P\u00e5 grund af str\u00f8mmen egner vandet sig her d\u00e5rligt til st\u00f8rre udfoldelse af vandaktiviteter. Det g\u00f8r omr\u00e5det ved Islands Brygge til geng\u00e6ld, og her er bl.a. havnebad, udlejningsb\u00e5de og vandsport. P\u00e5 den modsatte side af havnel\u00f8bet ligger Kalvebod B\u00f8lge, som ogs\u00e5 er en popul\u00e6r badezone.\u00a0Omdannelsen af Sydhavnen har skabt kanalbyen Sluseholmen og Teglholmen, der ligger direkte ud til havnel\u00f8bet. Enghave Brygge (Syd) er fortsat under udvikling. I udviklingen af omr\u00e5derne er en lang r\u00e6kke kulturmaritime aktiviteter blevet bevaret og omdannet, bl.a. de karakteristiske r\u00f8de sm\u00e5huse foran boligkar\u00e9erne ved Sluseholmen, ligesom der gives plads til husb\u00e5de.\u00a0Byudviklingen har tilf\u00f8rt en lang r\u00e6kke nye aktiviteter t\u00e6t p\u00e5 vandet foruden den daglige aktivitet fra omr\u00e5dernes beboere &#8211; ikke mindst ved Sluseholmen, der er opf\u00f8rt efter hollandsk forbillede med smalle kanaler mellem de sm\u00e5 holme, hvor beboere har direkte adgang til vandet fra deres bolig.\u00a0I Sydhavnen er der givet plads til flere husb\u00e5dekolonier, og Ved Slusen er med sine 18 husb\u00e5de havnens \u00e6ldste husb\u00e5dekoloni.\u00a0<\/p>    \n\t\t\t\t<a href=\"https:\/\/byoghavn.dk\/havnen\/wp-content\/uploads\/sites\/13\/2024\/05\/Sydhavnen.png\"  target=\"_self\" itemprop=\"url\">\n\t\t\t\t<img decoding=\"async\" src=\"https:\/\/byoghavn.dk\/havnen\/wp-content\/uploads\/sites\/13\/2024\/05\/Sydhavnen.png\" alt=\"Sydhavnen\" itemprop=\"image\" height=\"2494\" width=\"1757\" title=\"Sydhavnen\" onerror=\"this.style.display='none'\" loading='lazy' \/>\n\t\t\t\t<\/a>\n        <p><strong>Zonering af Sydhavnen\u00a0<\/strong>Sydhavnen er i h\u00f8j grad pr\u00e6get af mange \u00e5rs intens transformation af de havnen\u00e6re arealer &#8211; i overvejende grad til boligform\u00e5l. Hele Sydhavnen udl\u00e6gges derfor som boligzone, som flere steder blandes med en anden zone.\u00a0<strong>20.<\/strong> Str\u00e6kningen fra Langebro til Bryggebroen udl\u00e6gges som en <b>blandet boligzone og bylivs- og eventzone. <\/b>Omr\u00e5det rummer flere badezoner &#8211; b\u00e5de Islands Brygge havnebad, havnebadet ved Fisketorvet og badezonen B\u00f8lgen. Derudover er der kajakpolo og Kajakhotellet, og flere udlejningsb\u00e5de sejler herfra str\u00e6kningen. Det store regul\u00e6re havnerum giver rige muligheder for events i en popul\u00e6r del af havnen, ligesom der er plads til funktioner, der underst\u00f8tter det gode hverdagsliv.\u00a0<strong>21.<\/strong> Fra Bryggebroen til Sj\u00e6llandsbroen udl\u00e6gges en st\u00f8rre <b>boligzone<\/b>, som skal underst\u00f8tte det gode hverdagsliv og give beboerne i omr\u00e5det mulighed for at bruge havnen p\u00e5 forskellig vis.\u00a0<strong>22.<\/strong> En blandet <b>boligzone og gr\u00f8n zone <\/b>ved Bryggen Syd skal sikre, at der i dette omr\u00e5de er en stor n\u00e6nsomhed overfor den eksisterende natur, og hvor eventuelle anl\u00e6g og aktiviteter skal indpasses med dette for \u00f8je. P\u00e5 den \u00f8stlige side af havnel\u00f8bet er der kolonihaver, og boligzonen skal bidrage til at underst\u00f8tte det gode hverdagsliv for kolonihavernes beboere.\u00a0<strong>23.<\/strong> Ved Teglv\u00e6rkshavnen udl\u00e6gges en <b>blandet bl\u00f8d zone og boligzone<\/b>. Her er der gode muligheder for bl\u00e5 rekreative aktiviteter i havnerummets trygge og rolige rammer. Der er to udl\u00f8b for overl\u00f8bsvand i Teglv\u00e6rkshavnen.\u00a0<\/p>    \n\t\t\t<h3>Bl\u00f8de zoner<\/h3>\n\t\t<p>Det er unikt for K\u00f8benhavn, at havnen har s\u00e5 rent vand, at k\u00f8benhavnere og turister flere steder kan bade i det. I omr\u00e5derne som er udpeget til bl\u00f8de zoner, er der god mulighed for at etablere afgr\u00e6nsede zoner til bl\u00f8de rekreative aktiviteter, som skaber endnu bedre og sikre vilk\u00e5r for badeg\u00e6ster og andre bl\u00f8dere, rekreative aktiviteter.<\/p>\n<p>I bl\u00f8de zoner kan der etableres afsk\u00e6rmede omr\u00e5der, hvor der af sikkerhedsm\u00e6ssige \u00e5rsager ikke er adgang for motoriseret trafik. I disse omr\u00e5der kan k\u00f8benhavnerne bade, SUP&#8217;e og ro kajak under s\u00e6rligt trygge og sikre vilk\u00e5r, eks. kan der etableres st\u00f8rre omr\u00e5der, der afm\u00e6rkes som badezone &#8211; eventuelt med \u00e5bninger i flydesp\u00e6rren, som giver adgang for de \u00f8vrige, bl\u00f8de trafikanter. Bl\u00f8de zoner udl\u00e6gges i dele af havnen, hvor Basisanalysen viser, at der er begr\u00e6nset trafik og forurening, og hvor der er steder, hvor kriterier for badning kan opfyldes eksempelvis med fire meters dybde og en minimumafstand til udl\u00f8b for regnfortyndet spildevand p\u00e5 180 meter, som fastlagt af K\u00f8benhavns Kommune, Teknik- og Milj\u00f8forvaltningen.<\/p>\n\t\t\t<h3>Boligzoner<\/h3>\n\t\t<p>K\u00f8benhavns Havn er de seneste 20-25 \u00e5r underg\u00e5et en gennemgribende transformation, hvor lukning eller udflytning af havneaktiviteter har givet plads til nye attraktive, havnen\u00e6re boligomr\u00e5der som Sluseholmen, Teglholmen, Artillerivej, Nordhavn m.fl., og hvor der gives plads til badning, sauna og husb\u00e5de.<\/p>\n<p>De kommende mange \u00e5r vil denne udvikling forts\u00e6tte med f.eks. yderligere omdannelse af Nordhavn, Stejlepladsen og omdannelsen af Refshale\u00f8en. K\u00f8benhavns Havn danner dermed i tiltagende grad ramme om mange k\u00f8benhavneres hverdagsliv.<\/p>\n<p>Boligzoner er omr\u00e5der, hvor der skabes s\u00e6rligt plads til aktiviteter p\u00e5 vandet, som underst\u00f8tter det gode hverdagsliv for k\u00f8benhavnerne med mulighed for at benytte det bl\u00e5 byrum til beboelse eller rekreative maritime aktiviteter f.eks. flydende saunaer, der kan skabe synergi med omgivelserne. Boligzoner udl\u00e6gges i dele af havnen, der er pr\u00e6get af boligbebyggelser p\u00e5 land og\/eller hvor Basisanalysen viser, at der er husb\u00e5de og begr\u00e6nset eller middel trafik.<\/p>\n\t\t\t<h3>Bylivs- og eventzoner<\/h3>\n\t\t<p>K\u00f8benhavns Havn d\u00e6kker et areal, der er 13 gange s\u00e5 stort som F\u00e6lledparken og udg\u00f8r det st\u00f8rste sammenh\u00e6ngende &#8220;friareal&#8221; i K\u00f8benhavn.<\/p>\n<p>Havnens st\u00f8rrelse og attraktionsv\u00e6rdi g\u00f8r den til et naturligt samlingspunkt og til et hotspot for byliv og events. Trods det store areal kan der til tider v\u00e6re rift om pladsen, og der er \u00f8nske om at f\u00e5 udpeget nogle omr\u00e5der, der i s\u00e6rlig grad har potentiale for at danne ramme om events.<\/p>\n<p>Bylivs- og eventzoner placeres i byn\u00e6re omr\u00e5der i havnen og giver plads til events og midlertidige kulturelle begivenheder p\u00e5 vandet. Bylivs- og eventzoner skaber muligheder for, at k\u00f8benhavnere og turister oplever byen p\u00e5 vandet, ogs\u00e5 set fra land. Zonerne underst\u00f8tter ogs\u00e5 muligheden for publikumsorienterede funktioner og events i t\u00e6t synergi med byliv og byfunktioner p\u00e5 land og pr\u00e6ges af n\u00e6rheden til det pulserende byliv. Som eksempler p\u00e5 events kan Christiansborg rundt og Kulturhavn n\u00e6vnes.<\/p>\n<p>Bylivs- og eventzoner placeres s\u00e5 vidt muligt, hvor der p\u00e5 land er gode adgangsforhold og n\u00e6rhed til kollektiv trafik.<\/p>\n\t\t\t<h3>Gr\u00f8nne zoner<\/h3>\n\t\t<p>Flere steder i og omkring havnen er der en v\u00e6rdifuld natur, som vi skal passe p\u00e5. De gr\u00f8nne zoner har et dobbelt form\u00e5l &#8211; de skal b\u00e5de sikre natur og biodiversitet i havnen og fremme k\u00f8benhavnernes mulighed for at opleve denne. Det betyder, at havnens biodiversitet og friluftsliv g\u00e5r h\u00e5nd i h\u00e5nd i naturzonerne.<\/p>\n<p>Gr\u00f8nne zoner udl\u00e6gges i dele af havnen, hvor Basisanalysen viser, at den omgivende natur er dominerende og hvor havnearealet er beskyttet natur.<\/p>\n<p>I de gr\u00f8nne zoner kan der v\u00e6re naturoplevelser og d\u00e6mpede aktiviteter, som ikke st\u00f8jer, ligesom undervisningsform\u00e5l b\u00f8r prioriteres.<\/p>\n\t\t\t<h3>Maritime erhvervszoner<\/h3>\n\t\t<p>B\u00e5d- og kajakudlejning, havnebusser og turb\u00e5de giver k\u00f8benhavnerne og turisterne mulighed for at f\u00e5 gode oplevelser p\u00e5 vandet. Ikke mindst fordi det er de f\u00e6rreste, der bor ud til havnen og har egen kajak, jolle eller andet. Det betyder, at de maritime, rekreative erhverv er centrale for manges muligheder for vandbaserede aktiviteter.<\/p>\n<p>I de maritime erhvervszoner gives der s\u00e6rligt plads til rekreative maritime erhverv som turb\u00e5de, havnebusser og udlejningsb\u00e5de, ligesom de skal rumme plads til havneserviceb\u00e5de, fl\u00e5defart\u00f8jer og arbejdsb\u00e5de til havneanl\u00e6gsaktivitet.<\/p>\n<p>De maritime erhvervszoner bidrager s\u00e5ledes til at K\u00f8benhavns Havn p\u00e5 flere niveauer fortsat fungerer som erhvervshavn uden for den del af havnen, som Copenhagen Malm\u00f8 Port driver som erhvervshavn. Maritime erhvervszoner udl\u00e6gges f.eks. i dele af havnen, hvor Basisanalyser viser, at der ikke er havnebade, badezoner eller dyppezoner.<\/p>\n\t\t\t<h3>Maritime kulturarvszoner<\/h3>\n\t\t<p>Maritim kulturhistoriske fart\u00f8jer f.eks. tr\u00e6skibe er med til at skabe en s\u00e6rlig maritim stemning i havnen, og de videref\u00f8rer vigtig viden om den maritime kulturarv. I de maritime kulturarvszoner gives der s\u00e6rligt plads til disse skibe, som mange k\u00f8benhavnere og turister v\u00e6rds\u00e6tter at kigge p\u00e5 og sejle med.<\/p>\n<p>De maritime kulturarvszoner gives fortrinsvist byn\u00e6re placeringer, s\u00e5 k\u00f8benhavnerne og turisterne kan opleve de historiske skibe fra kajen. S\u00e5 vidt muligt placeres de maritime kulturarvszoner ogs\u00e5 i omr\u00e5der, hvor Basisanalysen viser, at der er f\u00e5 broer og gerne i n\u00e6rheden af maritimhistoriske bygninger og anl\u00e6g med havnerelaterede form\u00e5l.<\/p>\n<p>I de maritime kulturarvszoner skal der gerne v\u00e6re plads p\u00e5 kajen, s\u00e5 det er muligt for skibene at l\u00e6sse p\u00e5 og af samt lave mindre vedligehold af skibene. I de maritime kulturarvszoner skal der ogs\u00e5 gerne v\u00e6re plads til formidling om havnens traditionelle funktioner og skibsfart.<\/p>\n        <p>Zoneplanens seks typer zoner giver til sammen plads til de aktiviteter, havnens brugere eftersp\u00f8rger. Hver zone udg\u00f8r en overordnet ramme for typer af aktiviteter, der ses s\u00e6rlig mulighed for i den p\u00e5g\u00e6ldende zone. Det betyder ikke, at der i en zone er forbud mod andre typer af aktivitet i zonerne, men at zonerne pr\u00e6senterer en overordnet ramme for typer af aktiviteter og funktioner p\u00e5 vandet.\u00a0<\/p>    \n        <p><strong>L\u00e6s mere om zoneplanens forskellige geografiske omr\u00e5der (klik p\u00e5 kortet):<\/strong><\/p>    \n    <img decoding=\"async\" id=\"havnezoner\" src=\"https:\/\/byoghavn.dk\/havnen\/wp-content\/uploads\/sites\/13\/2019\/04\/zoneplam-01.png\"\/>\n    <a href=\"https:\/\/byoghavn.dk\/havnen\/zone-kalveboderne\/\" data-title=\"Kalveboderne\"><\/a>\n    <a href=\"https:\/\/byoghavn.dk\/havnen\/zone-sydhavnen\/\" data-title=\"Sydhavnen\"><\/a>\n    <a href=\"https:\/\/byoghavn.dk\/havnen\/zone-inderhavnen\/\" data-title=\"Inderhavnen\"><\/a>\n    <a href=\"https:\/\/byoghavn.dk\/havnen\/zone-proevestenen-kraftvaerkshalvoeen\/\" data-title=\"Pr\u00f8vestenen og Kraftv\u00e6rkshalv\u00f8en\"><\/a>\n    <a href=\"https:\/\/byoghavn.dk\/havnen\/zone-nordhavn-refshaleoen\/\" data-title=\"Nordhavn og Refshale\u00f8en\"><\/a>\n    <img decoding=\"async\" id=\"havnezoner\" src=\"https:\/\/byoghavn.dk\/havnen\/wp-content\/uploads\/sites\/13\/2019\/04\/zoneplam-mobil.jpg\"\/>\n    <a href=\"https:\/\/byoghavn.dk\/havnen\/zone-kalveboderne\/\" title=\"Kalveboderne\"><\/a>\n    <a href=\"https:\/\/byoghavn.dk\/havnen\/zone-sydhavnen\/\" title=\"Sydhavnen\"><\/a>\n    <a href=\"https:\/\/byoghavn.dk\/havnen\/zone-inderhavnen\/\" title=\"Inderhavnen\"><\/a>\n    <a href=\"https:\/\/byoghavn.dk\/havnen\/zone-proevestenen-kraftvaerkshalvoeen\/\" title=\"Pr\u00f8vestenen og Kraftv\u00e6rkshalv\u00f8en\"><\/a>\n    <a href=\"https:\/\/byoghavn.dk\/havnen\/zone-nordhavn-refshaleoen\/\" title=\"Nordhavn og Refshale\u00f8en\"><\/a>\n<style>\n@media (max-width: 900px) {\n    .desktop {\n        display: none;\n    }\n    .mobile {\n        display: block;\n    }\n}\n@media (min-width: 901px) {\n    .desktop {\n        display: block;\n    }\n    .mobile {\n        display: none;\n    }\n}\n.tooltip {\n    position: absolute;\n    background-color: blue;\n    color: white;\n    padding: 5px 10px;\n    border-radius: 5px;\n    opacity: 0;\n    transition: opacity 0.3s ease-in-out;\n    pointer-events: none;\n    z-index: 10;\n    font-size: 18px;\n    font-weight: bold;\n   \/* text-transform: uppercase; *\/\n}\n.tooltip.visible {\n    opacity: 1;\n}\n<\/style>\n        <ul><li><a href=\"https:\/\/byoghavn.dk\/havnen\/wp-content\/uploads\/sites\/13\/2019\/04\/Zoneplan_2024.pdf\" target=\"_blank\" rel=\"noopener\"><strong>Hent Zoneplan for K\u00f8benhavns Havn som PDF<\/strong><\/a><\/li><li><strong><a href=\"https:\/\/byoghavn.dk\/havnen\/wp-content\/uploads\/sites\/13\/2019\/04\/Basisanalyse_2024.pdf\" target=\"_blank\" rel=\"noopener\">Hent Basisanalyse for Zoneplan for K\u00f8benhavns Havn som PDF<\/a><\/strong><\/li><li><strong><a href=\"https:\/\/byoghavn.dk\/havnen\/zoneplan-for-koebenhavns-havn\/\">G\u00e5 til til Zoneplanens forside<\/a><\/strong><\/li><\/ul>    \n        <h2>L\u00e6s basisanalysen og forst\u00e5 grundlaget for zoneplanen<\/h2><p>Zoneplanen er udarbejdet p\u00e5 baggrund af &#8220;<em>Basisanalyse for zoneplan for K\u00f8benhavns havn<\/em>&#8220;, som skaber overblik over de aktuelle aktiviteter i havnen samt muligheder og bindinger, der g\u00e6lder for havnen. Derudover tager zoneplanen afs\u00e6t i \u00f8nsker til havnen, der er udtrykt p\u00e5 tv\u00e6rs af selvorganiserede brugere, rekreative akt\u00f8rer, kommercielle akt\u00f8rer og bolv\u00e6rksejere til workshops og havneseminar i efter\u00e5ret 2023 og for\u00e5ret 2024.<strong>\u00d8nskerne opsummeret:<\/strong><ul><li>Fri bev\u00e6gelighed i havnen<\/li><li>Zoneinddeling af trafikken i havnen<\/li><li>Flere faciliteter i havnen<\/li><li>Ingen fri badning<\/li><li>Flere badesteder i havnen<\/li><li>Flere rekreative omr\u00e5der n\u00e6r havnefronten<\/li><li>Fokus p\u00e5 sikker havnekultur<\/li><li>Flere events i havnen<\/li><li>\u00d8get videndeling og etablering af dialogforum<\/li><li>Langsigtet udvikling af havnen<\/li><\/ul>Det har ikke v\u00e6ret muligt at im\u00f8dekomme alle \u00f8nskerne i zoneplanen. Nogle \u00f8nsker vedr\u00f8rer ikke direkte zoneplanens sigte. Og der skal f\u00f8rst og fremmest tages hensyn til sikkerhed, planforhold, ledige arealer, sikkerhed og meget andet. Derfor er der lavet en strategisk prioritering mellem de forskellige \u00f8nsker i zoneplanen. By &amp; Havn inddrager de \u00f8nsker, som ikke direkte omfattes af zoneplanen eks. omkring videndeling i andre sammenh\u00e6nge.<\/p>    \n<hr data-id=\"no-news\" \/>\n<style>\n    #chess-box-wrap .right-box-wrap, .feature-image .right-box-wrap {\n        margin-bottom: 0!important;\n    }\n    .feature-image .row {cursor: pointer;}\n    .feature-image img {max-width: 100%; max-height: 325px;}\n    .feature-image {padding-top: 50px; padding-bottom: 50px;}\n<\/style>\n                <img src='https:\/\/byoghavn.dk\/havnen\/wp-content\/uploads\/sites\/13\/2024\/05\/zoneplan-teas2.png' alt='' class='img-fluide'\/>            \n                <h2>Hent Zoneplan for K\u00f8benhavns Havn<\/h2>\n                <p>Zoneplanen er et overordnet v\u00e6rkt\u00f8j, der pr\u00e6senterer mulige udviklingspotentialer for aktiviteter og funktioner p\u00e5 vandet i K\u00f8benhavns Havn.                                <\/p>\n<hr data-id=\"no-news-end\" \/>\n<style>\n@media (max-width: 991px) {\n    .vimeo-billede-feature {\n        position: absolute;\n        top: 0;\n        left: 0;\n        width: 100%;\n        height: 100%;\n    }\n    .billede-feature-video {\n        width: 100%;\n        padding-top: 56.25%;\n    }\n}\n.feature-image .container.no-link  .row {\n    cursor: inherit!important;\n}\n.Udvidet.feature-image:hover .container.no-link img {\n    box-shadow: none;\n    transition: none;\n}\n<\/style>\n<hr data-id=\"no-news\" \/>\n<style>\n    #chess-box-wrap .right-box-wrap, .feature-image .right-box-wrap {\n        margin-bottom: 0!important;\n    }\n    .feature-image .row {cursor: pointer;}\n    .feature-image img {max-width: 100%; max-height: 325px;}\n    .feature-image {padding-top: 50px; padding-bottom: 50px;}\n<\/style>\n                <h2>Hent Basesanalyse for Zoneplan for K\u00f8benhavns Havn<\/h2>\n                <p>Basisanalysen kortl\u00e6gger de forhold, der er rammes\u00e6ttende for anvendelsen af K\u00f8benhavns Havn.                                <\/p>\n                <img src='https:\/\/byoghavn.dk\/havnen\/wp-content\/uploads\/sites\/13\/2024\/05\/Basisanalyse-teas.png' alt='' class='img-fluide'\/>            \n<hr data-id=\"no-news-end\" \/>\n<style>\n@media (max-width: 991px) {\n    .vimeo-billede-feature {\n        position: absolute;\n        top: 0;\n        left: 0;\n        width: 100%;\n        height: 100%;\n    }\n    .billede-feature-video {\n        width: 100%;\n        padding-top: 56.25%;\n    }\n}\n.feature-image .container.no-link  .row {\n    cursor: inherit!important;\n}\n.Udvidet.feature-image:hover .container.no-link img {\n    box-shadow: none;\n    transition: none;\n}\n<\/style>\n\n","protected":false},"excerpt":{"rendered":"<p>Omdannelsen af Sydhavnen fra et industriomr\u00e5de til et boligomr\u00e5de har skabt en massiv transformation af omr\u00e5det i de seneste 10-15&#8230;<\/p>\n","protected":false},"author":4,"featured_media":0,"parent":0,"menu_order":0,"comment_status":"closed","ping_status":"closed","template":"","meta":{"footnotes":""},"wf_page_folders":[],"class_list":["post-1541","page","type-page","status-publish","hentry"],"acf":[],"yoast_head":"<!-- This site is optimized with the Yoast SEO Premium plugin v15.6.2 - https:\/\/yoast.com\/wordpress\/plugins\/seo\/ -->\n<title>zone-sydhavnen - Havnen<\/title>\n<meta name=\"robots\" content=\"index, follow, max-snippet:-1, max-image-preview:large, max-video-preview:-1\" \/>\n<link rel=\"canonical\" href=\"https:\/\/byoghavn.dk\/havnen\/zone-sydhavnen\/\" \/>\n<meta property=\"og:locale\" content=\"da_DK\" \/>\n<meta property=\"og:type\" content=\"article\" \/>\n<meta property=\"og:title\" content=\"zone-sydhavnen - Havnen\" \/>\n<meta property=\"og:description\" content=\"Omdannelsen af Sydhavnen fra et industriomr\u00e5de til et boligomr\u00e5de har skabt en massiv transformation af omr\u00e5det i de seneste 10-15...\" \/>\n<meta property=\"og:url\" content=\"https:\/\/byoghavn.dk\/havnen\/zone-sydhavnen\/\" \/>\n<meta property=\"og:site_name\" content=\"Havnen\" \/>\n<meta property=\"article:modified_time\" content=\"2025-12-16T09:04:28+00:00\" \/>\n<meta property=\"og:image\" content=\"https:\/\/byoghavn.dk\/havnen\/wp-content\/uploads\/sites\/5\/2019\/04\/hjemmeside-dims-1.png\" \/>\n<meta name=\"twitter:card\" content=\"summary_large_image\" \/>\n<meta name=\"twitter:label1\" content=\"Estimeret l\u00e6setid\">\n\t<meta name=\"twitter:data1\" content=\"7 minutter\">\n<script type=\"application\/ld+json\" class=\"yoast-schema-graph\">{\"@context\":\"https:\/\/schema.org\",\"@graph\":[{\"@type\":\"WebSite\",\"@id\":\"https:\/\/byoghavn.dk\/havnen\/#website\",\"url\":\"https:\/\/byoghavn.dk\/havnen\/\",\"name\":\"Havnen\",\"description\":\"K\\u00f8benhavns Havn\",\"potentialAction\":[{\"@type\":\"SearchAction\",\"target\":\"https:\/\/byoghavn.dk\/havnen\/?s={search_term_string}\",\"query-input\":\"required name=search_term_string\"}],\"inLanguage\":\"da-DK\"},{\"@type\":\"ImageObject\",\"@id\":\"https:\/\/byoghavn.dk\/havnen\/zone-sydhavnen\/#primaryimage\",\"inLanguage\":\"da-DK\",\"url\":\"https:\/\/byoghavn.dk\/havnen\/wp-content\/uploads\/sites\/5\/2019\/04\/hjemmeside-dims-1.png\"},{\"@type\":\"WebPage\",\"@id\":\"https:\/\/byoghavn.dk\/havnen\/zone-sydhavnen\/#webpage\",\"url\":\"https:\/\/byoghavn.dk\/havnen\/zone-sydhavnen\/\",\"name\":\"zone-sydhavnen - Havnen\",\"isPartOf\":{\"@id\":\"https:\/\/byoghavn.dk\/havnen\/#website\"},\"primaryImageOfPage\":{\"@id\":\"https:\/\/byoghavn.dk\/havnen\/zone-sydhavnen\/#primaryimage\"},\"datePublished\":\"2024-05-08T06:41:35+00:00\",\"dateModified\":\"2025-12-16T09:04:28+00:00\",\"inLanguage\":\"da-DK\",\"potentialAction\":[{\"@type\":\"ReadAction\",\"target\":[\"https:\/\/byoghavn.dk\/havnen\/zone-sydhavnen\/\"]}]}]}<\/script>\n<!-- \/ Yoast SEO Premium plugin. -->","_links":{"self":[{"href":"https:\/\/byoghavn.dk\/havnen\/wp-json\/wp\/v2\/pages\/1541","targetHints":{"allow":["GET"]}}],"collection":[{"href":"https:\/\/byoghavn.dk\/havnen\/wp-json\/wp\/v2\/pages"}],"about":[{"href":"https:\/\/byoghavn.dk\/havnen\/wp-json\/wp\/v2\/types\/page"}],"author":[{"embeddable":true,"href":"https:\/\/byoghavn.dk\/havnen\/wp-json\/wp\/v2\/users\/4"}],"replies":[{"embeddable":true,"href":"https:\/\/byoghavn.dk\/havnen\/wp-json\/wp\/v2\/comments?post=1541"}],"version-history":[{"count":8,"href":"https:\/\/byoghavn.dk\/havnen\/wp-json\/wp\/v2\/pages\/1541\/revisions"}],"predecessor-version":[{"id":2132,"href":"https:\/\/byoghavn.dk\/havnen\/wp-json\/wp\/v2\/pages\/1541\/revisions\/2132"}],"wp:attachment":[{"href":"https:\/\/byoghavn.dk\/havnen\/wp-json\/wp\/v2\/media?parent=1541"}],"wp:term":[{"taxonomy":"wf_page_folders","embeddable":true,"href":"https:\/\/byoghavn.dk\/havnen\/wp-json\/wp\/v2\/wf_page_folders?post=1541"}],"curies":[{"name":"wp","href":"https:\/\/api.w.org\/{rel}","templated":true}]}}