{"id":528,"date":"2026-02-09T10:37:54","date_gmt":"2026-02-09T10:37:54","guid":{"rendered":"https:\/\/byoghavn.dk\/grundsalg\/?page_id=528"},"modified":"2026-04-28T09:25:06","modified_gmt":"2026-04-28T08:25:06","slug":"arkitektonisk-godkendelse","status":"publish","type":"page","link":"https:\/\/byoghavn.dk\/grundsalg\/arkitektonisk-godkendelse\/","title":{"rendered":"Arkitektonisk godkendelse"},"content":{"rendered":"\n<header id=\"hero-3\">\n    <h1>Arkitektonisk godkendelse<\/h1>\n<\/header>\n<hr data-id=\"no-news\"\/>\n<a href=\"https:\/\/byoghavn.dk\/app\/\"><img decoding=\"async\" src=\"https:\/\/byoghavn.dk\/havnen\/wp-content\/uploads\/sites\/5\/2019\/04\/hjemmeside-dims-1.png\"\/><\/a>\n<img decoding=\"async\" src=\"https:\/\/byoghavn.dk\/grundsalg\/wp-content\/themes\/BOH\/images\/footer-gray-triangle.svg\" alt=\"\"\/>\n<hr data-id=\"js-nonews-end\"\/>\n        <h2>By &amp; Havn skaber bykvarterer med h\u00f8j arkitektonisk kvalitet, levende byliv og trygge rammer. En central del af arbejdet er ordningen\u00a0<em>Arkitektonisk godkendelse<\/em>, som sikrer, at nye byggerier fra starten underst\u00f8tter kvarterets identitet og gode hverdagsliv.<\/h2><p>Udviklingen sker inden for K\u00f8benhavns Kommunes planer og bygger p\u00e5 dialog med borgere samt arkitektkonkurrencer, der styrker grundlaget for de endelige projekter.Den arkitektoniske godkendelse vurderer byggeriets ydre udtryk og samspil med omgivelserne &#8211; fra facader og materialitet til kantzoner, byrum og bebyggelsens disponering. Ordningen fungerer som en kvalitetssikring, der b\u00e5de gavner kommende brugere og l\u00f8fter det samlede kvarter.Godkendelsen udarbejdes af By &amp; Havn i samarbejde med Klima-, Milj\u00f8- og Teknikforvaltningen.<strong>Herunder kan du downloade materiale med beskrivelse af ordningens form\u00e5l, proces, afleveringskrav og organisering. <\/strong><\/p>    \n<hr data-id=\"no-news\" \/>\n<style>\n    #chess-box-wrap .right-box-wrap, .feature-image .right-box-wrap {\n        margin-bottom: 0!important;\n    }\n    .feature-image .row {cursor: pointer;}\n    .feature-image img {max-width: 100%; max-height: 325px;}\n    .feature-image {padding-top: 50px; padding-bottom: 50px;}\n<\/style>\n                <img src='https:\/\/byoghavn.dk\/grundsalg\/wp-content\/uploads\/sites\/12\/2026\/02\/arkigod.png' alt='' class='img-fluide'\/>            \n                <h2>Arkitektonisk Godkendelse: Retningslinjer<\/h2>\n                <p>Hent retningslinjerne for arkitektonisk kvalitetssikring ifm. By &#038; Havns grundsalg                 <br \/><br \/><a href=\"https:\/\/byoghavn.dk\/grundsalg\/wp-content\/uploads\/sites\/12\/2019\/04\/Arkitektoniske-godkendelser-Retningslinjer-6.0.pdf\">Hent PDF<\/a>                <\/p>\n<hr data-id=\"no-news-end\" \/>\n<style>\n@media (max-width: 991px) {\n    .vimeo-billede-feature {\n        position: absolute;\n        top: 0;\n        left: 0;\n        width: 100%;\n        height: 100%;\n    }\n    .billede-feature-video {\n        width: 100%;\n        padding-top: 56.25%;\n    }\n}\n.feature-image .container.no-link  .row {\n    cursor: inherit!important;\n}\n.Udvidet.feature-image:hover .container.no-link img {\n    box-shadow: none;\n    transition: none;\n}\n<\/style>\n        <h2>Arkitektonisk Godkendelse: Retningslinjer<\/h2><p><strong>Hent retningslinjerne for arkitektonisk kvalitetssikring ifm. By &amp; Havns grundsalg.<\/strong>Alle By &amp; Havns kvarterer og egne byggerier er omfattet af ordningen &#8220;Arkitektonisk godkendelse ifm. By &amp; Havns grundsalg&#8221;.I tr\u00e5d med By &amp; Havns forretningsm\u00e5l har vi i dag h\u00f8jt fokus p\u00e5 projekternes biodiversitets- og b\u00e6redygtighedstiltag i sammenh\u00e6ng med arkitekturen.Retningslinjerne vedr. Ordningen er i 2026 opdateret og pr\u00e6ciseret p\u00e5 baggrund af anbefalinger og \u00f8nsker fra vores kunder og eksterne fageksperter &#8211; og med afs\u00e6t i By &amp; Havns mange\u00e5rige erfaringer med kvalitetssikring af projekternes arkitektur.<strong>Herunder kan du l\u00e6se mere om erfaringerne med arkitektoniske godkendelser og evalueringen af By &amp; Havns praksis for\u00a0arkitektonisk kvalitetssikring ifm. grundsalg.<\/strong><\/p>    \n<hr data-id=\"no-news\" \/>\n<style>\n    #chess-box-wrap .right-box-wrap, .feature-image .right-box-wrap {\n        margin-bottom: 0!important;\n    }\n    .feature-image .row {cursor: pointer;}\n    .feature-image img {max-width: 100%; max-height: 325px;}\n    .feature-image {padding-top: 50px; padding-bottom: 50px;}\n<\/style>\n                <h2>Arkitektonisk Godkendelse: Evaluering<\/h2>\n                <p>Hent evaluering af By &#038; Havns praksis for arkitektonisk kvalitetssikring ifm. grundsalg                 <br \/><br \/><a href=\"https:\/\/byoghavn.dk\/grundsalg\/wp-content\/uploads\/sites\/12\/2019\/04\/Arkitektoniske-godkendelser-Evaluering-17.0.pdf\">Hent PDF<\/a>                <\/p>\n                <img src='https:\/\/byoghavn.dk\/grundsalg\/wp-content\/uploads\/sites\/12\/2026\/02\/Arkitektoniske-godkendelser-Evaluering14.png' alt='' class='img-fluide'\/>            \n<hr data-id=\"no-news-end\" \/>\n<style>\n@media (max-width: 991px) {\n    .vimeo-billede-feature {\n        position: absolute;\n        top: 0;\n        left: 0;\n        width: 100%;\n        height: 100%;\n    }\n    .billede-feature-video {\n        width: 100%;\n        padding-top: 56.25%;\n    }\n}\n.feature-image .container.no-link  .row {\n    cursor: inherit!important;\n}\n.Udvidet.feature-image:hover .container.no-link img {\n    box-shadow: none;\n    transition: none;\n}\n<\/style>\n        <h2>Vil du l\u00e6se mere:<\/h2><ul><li>Hent <a href=\"https:\/\/byoghavn.dk\/grundsalg\/wp-content\/uploads\/sites\/12\/2019\/04\/Evaluering-af-ordning-om-godkendelse-af-arkitektonisk-kvalitet_Carlberg-rapport_04092023-1.0.pdf\">&#8220;Evaluering af ordning om godkendelse af arkitektonisk kvalitet, Carlberg rapport, 2023&#8221;<\/a> \u00a02023<\/li><li>Hent <a href=\"https:\/\/byoghavn.dk\/grundsalg\/wp-content\/uploads\/sites\/12\/2019\/04\/Opsamling-fra-besigtigelse-af-byggerier-i-By-Havns-omraader-den-14.-august-2024-1.0.pdf\">&#8220;Opsamling fra besigtigelse af byggerier i By &amp; Havns omr\u00e5der den 14. august 2024&#8221;<\/a><\/li><\/ul>    \n\n","protected":false},"excerpt":{"rendered":"<p>By &amp; Havn skaber bykvarterer med h\u00f8j arkitektonisk kvalitet, levende byliv og trygge rammer. En central del af arbejdet er&#8230;<\/p>\n","protected":false},"author":4,"featured_media":0,"parent":0,"menu_order":0,"comment_status":"closed","ping_status":"closed","template":"","meta":{"footnotes":""},"wf_page_folders":[],"class_list":["post-528","page","type-page","status-publish","hentry"],"acf":[],"yoast_head":"<!-- This site is optimized with the Yoast SEO Premium plugin v15.6.2 - https:\/\/yoast.com\/wordpress\/plugins\/seo\/ -->\n<title>Arkitektonisk godkendelse - Salg<\/title>\n<meta name=\"robots\" content=\"index, follow, max-snippet:-1, max-image-preview:large, max-video-preview:-1\" \/>\n<link rel=\"canonical\" href=\"https:\/\/byoghavn.dk\/grundsalg\/arkitektonisk-godkendelse\/\" \/>\n<meta property=\"og:locale\" content=\"da_DK\" \/>\n<meta property=\"og:type\" content=\"article\" \/>\n<meta property=\"og:title\" content=\"Arkitektonisk godkendelse - Salg\" \/>\n<meta property=\"og:description\" content=\"By &amp; Havn skaber bykvarterer med h\u00f8j arkitektonisk kvalitet, levende byliv og trygge rammer. En central del af arbejdet er...\" \/>\n<meta property=\"og:url\" content=\"https:\/\/byoghavn.dk\/grundsalg\/arkitektonisk-godkendelse\/\" \/>\n<meta property=\"og:site_name\" content=\"Salg\" \/>\n<meta property=\"article:modified_time\" content=\"2026-04-28T08:25:06+00:00\" \/>\n<meta property=\"og:image\" content=\"https:\/\/byoghavn.dk\/havnen\/wp-content\/uploads\/sites\/5\/2019\/04\/hjemmeside-dims-1.png\" \/>\n<meta name=\"twitter:card\" content=\"summary_large_image\" \/>\n<meta name=\"twitter:label1\" content=\"Estimeret l\u00e6setid\">\n\t<meta name=\"twitter:data1\" content=\"2 minutter\">\n<script type=\"application\/ld+json\" class=\"yoast-schema-graph\">{\"@context\":\"https:\/\/schema.org\",\"@graph\":[{\"@type\":\"WebSite\",\"@id\":\"https:\/\/byoghavn.dk\/grundsalg\/#website\",\"url\":\"https:\/\/byoghavn.dk\/grundsalg\/\",\"name\":\"Salg\",\"description\":\"Salg\",\"potentialAction\":[{\"@type\":\"SearchAction\",\"target\":\"https:\/\/byoghavn.dk\/grundsalg\/?s={search_term_string}\",\"query-input\":\"required name=search_term_string\"}],\"inLanguage\":\"da-DK\"},{\"@type\":\"ImageObject\",\"@id\":\"https:\/\/byoghavn.dk\/grundsalg\/arkitektonisk-godkendelse\/#primaryimage\",\"inLanguage\":\"da-DK\",\"url\":\"https:\/\/byoghavn.dk\/havnen\/wp-content\/uploads\/sites\/5\/2019\/04\/hjemmeside-dims-1.png\"},{\"@type\":\"WebPage\",\"@id\":\"https:\/\/byoghavn.dk\/grundsalg\/arkitektonisk-godkendelse\/#webpage\",\"url\":\"https:\/\/byoghavn.dk\/grundsalg\/arkitektonisk-godkendelse\/\",\"name\":\"Arkitektonisk godkendelse - Salg\",\"isPartOf\":{\"@id\":\"https:\/\/byoghavn.dk\/grundsalg\/#website\"},\"primaryImageOfPage\":{\"@id\":\"https:\/\/byoghavn.dk\/grundsalg\/arkitektonisk-godkendelse\/#primaryimage\"},\"datePublished\":\"2026-02-09T10:37:54+00:00\",\"dateModified\":\"2026-04-28T08:25:06+00:00\",\"inLanguage\":\"da-DK\",\"potentialAction\":[{\"@type\":\"ReadAction\",\"target\":[\"https:\/\/byoghavn.dk\/grundsalg\/arkitektonisk-godkendelse\/\"]}]}]}<\/script>\n<!-- \/ Yoast SEO Premium plugin. -->","_links":{"self":[{"href":"https:\/\/byoghavn.dk\/grundsalg\/wp-json\/wp\/v2\/pages\/528","targetHints":{"allow":["GET"]}}],"collection":[{"href":"https:\/\/byoghavn.dk\/grundsalg\/wp-json\/wp\/v2\/pages"}],"about":[{"href":"https:\/\/byoghavn.dk\/grundsalg\/wp-json\/wp\/v2\/types\/page"}],"author":[{"embeddable":true,"href":"https:\/\/byoghavn.dk\/grundsalg\/wp-json\/wp\/v2\/users\/4"}],"replies":[{"embeddable":true,"href":"https:\/\/byoghavn.dk\/grundsalg\/wp-json\/wp\/v2\/comments?post=528"}],"version-history":[{"count":11,"href":"https:\/\/byoghavn.dk\/grundsalg\/wp-json\/wp\/v2\/pages\/528\/revisions"}],"predecessor-version":[{"id":607,"href":"https:\/\/byoghavn.dk\/grundsalg\/wp-json\/wp\/v2\/pages\/528\/revisions\/607"}],"wp:attachment":[{"href":"https:\/\/byoghavn.dk\/grundsalg\/wp-json\/wp\/v2\/media?parent=528"}],"wp:term":[{"taxonomy":"wf_page_folders","embeddable":true,"href":"https:\/\/byoghavn.dk\/grundsalg\/wp-json\/wp\/v2\/wf_page_folders?post=528"}],"curies":[{"name":"wp","href":"https:\/\/api.w.org\/{rel}","templated":true}]}}